{"id":9278,"date":"2023-11-27T09:36:51","date_gmt":"2023-11-27T09:36:51","guid":{"rendered":"https:\/\/www.lastchance.deals\/dk\/produkt\/puf-riona-aegte-laeder-i-kontaktomraadertrae\/"},"modified":"2026-05-01T07:42:00","modified_gmt":"2026-05-01T07:42:00","slug":"puf-riona-aegte-laeder-i-kontaktomraadertrae","status":"publish","type":"product","link":"https:\/\/last-chance.dk\/?product=puf-riona-aegte-laeder-i-kontaktomraadertrae","title":{"rendered":"Puf Riona \u00e6gte l\u00e6der i kontaktomr\u00e5der,tr\u00e6"},"content":{"rendered":"<p>Leder du efter en puf, der er b\u00e5de stilfuld og komfortabel? S\u00e5 er puf Riona det perfekte valg for dig. Denne puf er lavet af \u00e6gte l\u00e6der i kontaktomr\u00e5der, hvilket giver den et luksuri\u00f8st og elegant udseende. L\u00e6deret er ogs\u00e5 slidst\u00e6rkt og nemt at reng\u00f8re. Puf Riona har en rund form og en tr\u00e6base, der skaber en flot kontrast mellem det bl\u00f8de og det h\u00e5rde materiale. Denne puf er ideel til at hvile dine f\u00f8dder p\u00e5, eller som en ekstra siddeplads i stuen, sovev\u00e6relset eller kontoret.<\/p>\n<p><\/p>\n<p>Puf Riona har en diameter p\u00e5 35 cm og en h\u00f8jde p\u00e5 20 cm, s\u00e5 den passer ind i de fleste rum. Den leveres usamlet, men du kan nemt samle den selv med de medf\u00f8lgende instruktioner. Du f\u00e5r ogs\u00e5 12 m\u00e5neders rammegaranti, s\u00e5 du kan v\u00e6re sikker p\u00e5, at din puf holder i lang tid. Puf Riona er lavet af ForrestDecor, et firma der er kendt for at producere kvalitetsm\u00f8bler med et moderne design.<\/p>\n<p><\/p>\n<p>Bestil din puf Riona i dag og nyd den komfort og stil, den tilf\u00f8jer til dit hjem.<\/p>\n<p><\/p>\n<p>Leveringstid: Leveringstid 1 uge<br \/>\nMateriale: \u00e6gte l\u00e6der i kontaktomr\u00e5der,tr\u00e6<br \/>\nUdvendige dimensioner: 35x20cm<br \/>\nMontage: skal samles<br \/>\nGaranti: 12 m\u00e5neders rammegaranti<br \/>\nFabrikant: ForrestDecor<\/p>\n","protected":false},"excerpt":{"rendered":"<p>Leder du efter en puf, der er b\u00e5de stilfuld og komfortabel? S\u00e5 er puf Riona det perfekte valg for dig. Denne puf er lavet af \u00e6gte l\u00e6der i kontaktomr\u00e5der, hvilket giver den et luksuri\u00f8st og elegant udseende. L\u00e6deret er ogs\u00e5 slidst\u00e6rkt og nemt at reng\u00f8re. Puf Riona har en rund form og en tr\u00e6base, der [&hellip;]<\/p>\n","protected":false},"featured_media":9272,"comment_status":"open","ping_status":"closed","template":"","meta":[],"product_brand":[],"product_cat":[172],"product_tag":[],"class_list":{"0":"post-9278","1":"product","2":"type-product","3":"status-publish","4":"has-post-thumbnail","6":"product_cat-poufs","8":"first","9":"instock","10":"shipping-taxable","11":"purchasable","12":"product-type-simple"},"yoast_head":"<!-- This site is optimized with the Yoast SEO plugin v24.8.1 - https:\/\/yoast.com\/wordpress\/plugins\/seo\/ -->\n<title>Puf Riona \u00e6gte l\u00e6der i kontaktomr\u00e5der,tr\u00e6 - LASTCHANCE Deals | Danmark<\/title>\n<meta name=\"robots\" content=\"index, follow, max-snippet:-1, max-image-preview:large, max-video-preview:-1\" \/>\n<link rel=\"canonical\" href=\"https:\/\/last-chance.dk\/?product=puf-riona-aegte-laeder-i-kontaktomraadertrae\" \/>\n<meta property=\"og:locale\" content=\"da_DK\" \/>\n<meta property=\"og:type\" content=\"article\" \/>\n<meta property=\"og:title\" content=\"Puf Riona \u00e6gte l\u00e6der i kontaktomr\u00e5der,tr\u00e6 - LASTCHANCE Deals | Danmark\" \/>\n<meta property=\"og:description\" content=\"Leder du efter en puf, der er b\u00e5de stilfuld og komfortabel? S\u00e5 er puf Riona det perfekte valg for dig. Denne puf er lavet af \u00e6gte l\u00e6der i kontaktomr\u00e5der, hvilket giver den et luksuri\u00f8st og elegant udseende. L\u00e6deret er ogs\u00e5 slidst\u00e6rkt og nemt at reng\u00f8re. Puf Riona har en rund form og en tr\u00e6base, der [&hellip;]\" \/>\n<meta property=\"og:url\" content=\"https:\/\/last-chance.dk\/?product=puf-riona-aegte-laeder-i-kontaktomraadertrae\" \/>\n<meta property=\"og:site_name\" content=\"LASTCHANCE Deals | Danmark\" \/>\n<meta property=\"article:modified_time\" content=\"2026-05-01T07:42:00+00:00\" \/>\n<meta property=\"og:image\" content=\"https:\/\/last-chance.dk\/wp-content\/uploads\/2023\/11\/riona_white.jpg\" \/>\n\t<meta property=\"og:image:width\" content=\"400\" \/>\n\t<meta property=\"og:image:height\" content=\"400\" \/>\n\t<meta property=\"og:image:type\" content=\"image\/jpeg\" \/>\n<meta name=\"twitter:card\" content=\"summary_large_image\" \/>\n<meta name=\"twitter:label1\" content=\"Estimeret l\u00e6setid\" \/>\n\t<meta name=\"twitter:data1\" content=\"1 minut\" \/>\n<script type=\"application\/ld+json\" class=\"yoast-schema-graph\">{\"@context\":\"https:\/\/schema.org\",\"@graph\":[{\"@type\":\"WebPage\",\"@id\":\"https:\/\/last-chance.dk\/?product=puf-riona-aegte-laeder-i-kontaktomraadertrae\",\"url\":\"https:\/\/last-chance.dk\/?product=puf-riona-aegte-laeder-i-kontaktomraadertrae\",\"name\":\"Puf Riona \u00e6gte l\u00e6der i kontaktomr\u00e5der,tr\u00e6 - LASTCHANCE Deals | Danmark\",\"isPartOf\":{\"@id\":\"https:\/\/last-chance.dk\/#website\"},\"primaryImageOfPage\":{\"@id\":\"https:\/\/last-chance.dk\/?product=puf-riona-aegte-laeder-i-kontaktomraadertrae#primaryimage\"},\"image\":{\"@id\":\"https:\/\/last-chance.dk\/?product=puf-riona-aegte-laeder-i-kontaktomraadertrae#primaryimage\"},\"thumbnailUrl\":\"https:\/\/last-chance.dk\/wp-content\/uploads\/2023\/11\/riona_white.jpg\",\"datePublished\":\"2023-11-27T09:36:51+00:00\",\"dateModified\":\"2026-05-01T07:42:00+00:00\",\"breadcrumb\":{\"@id\":\"https:\/\/last-chance.dk\/?product=puf-riona-aegte-laeder-i-kontaktomraadertrae#breadcrumb\"},\"inLanguage\":\"da-DK\",\"potentialAction\":[{\"@type\":\"ReadAction\",\"target\":[\"https:\/\/last-chance.dk\/?product=puf-riona-aegte-laeder-i-kontaktomraadertrae\"]}]},{\"@type\":\"ImageObject\",\"inLanguage\":\"da-DK\",\"@id\":\"https:\/\/last-chance.dk\/?product=puf-riona-aegte-laeder-i-kontaktomraadertrae#primaryimage\",\"url\":\"https:\/\/last-chance.dk\/wp-content\/uploads\/2023\/11\/riona_white.jpg\",\"contentUrl\":\"https:\/\/last-chance.dk\/wp-content\/uploads\/2023\/11\/riona_white.jpg\",\"width\":400,\"height\":400},{\"@type\":\"BreadcrumbList\",\"@id\":\"https:\/\/last-chance.dk\/?product=puf-riona-aegte-laeder-i-kontaktomraadertrae#breadcrumb\",\"itemListElement\":[{\"@type\":\"ListItem\",\"position\":1,\"name\":\"Home\",\"item\":\"https:\/\/last-chance.dk\/\"},{\"@type\":\"ListItem\",\"position\":2,\"name\":\"Puf Riona \u00e6gte l\u00e6der i kontaktomr\u00e5der,tr\u00e6\"}]},{\"@type\":\"WebSite\",\"@id\":\"https:\/\/last-chance.dk\/#website\",\"url\":\"https:\/\/last-chance.dk\/\",\"name\":\"LASTCHANCE Deals | Danmark\",\"description\":\"LASTCHANCE Deals | Danmark\",\"publisher\":{\"@id\":\"https:\/\/last-chance.dk\/#organization\"},\"potentialAction\":[{\"@type\":\"SearchAction\",\"target\":{\"@type\":\"EntryPoint\",\"urlTemplate\":\"https:\/\/last-chance.dk\/?s={search_term_string}\"},\"query-input\":{\"@type\":\"PropertyValueSpecification\",\"valueRequired\":true,\"valueName\":\"search_term_string\"}}],\"inLanguage\":\"da-DK\"},{\"@type\":\"Organization\",\"@id\":\"https:\/\/last-chance.dk\/#organization\",\"name\":\"LASTCHANCE Deals | Danmark\",\"url\":\"https:\/\/last-chance.dk\/\",\"logo\":{\"@type\":\"ImageObject\",\"inLanguage\":\"da-DK\",\"@id\":\"https:\/\/last-chance.dk\/#\/schema\/logo\/image\/\",\"url\":\"https:\/\/last-chance.dk\/wp-content\/uploads\/2023\/10\/lastchancedeals_logo_dk_white.png\",\"contentUrl\":\"https:\/\/last-chance.dk\/wp-content\/uploads\/2023\/10\/lastchancedeals_logo_dk_white.png\",\"width\":470,\"height\":110,\"caption\":\"LASTCHANCE Deals | Danmark\"},\"image\":{\"@id\":\"https:\/\/last-chance.dk\/#\/schema\/logo\/image\/\"}}]}<\/script>\n<!-- \/ Yoast SEO plugin. -->","yoast_head_json":{"title":"Puf Riona \u00e6gte l\u00e6der i kontaktomr\u00e5der,tr\u00e6 - LASTCHANCE Deals | Danmark","robots":{"index":"index","follow":"follow","max-snippet":"max-snippet:-1","max-image-preview":"max-image-preview:large","max-video-preview":"max-video-preview:-1"},"canonical":"https:\/\/last-chance.dk\/?product=puf-riona-aegte-laeder-i-kontaktomraadertrae","og_locale":"da_DK","og_type":"article","og_title":"Puf Riona \u00e6gte l\u00e6der i kontaktomr\u00e5der,tr\u00e6 - LASTCHANCE Deals | Danmark","og_description":"Leder du efter en puf, der er b\u00e5de stilfuld og komfortabel? S\u00e5 er puf Riona det perfekte valg for dig. Denne puf er lavet af \u00e6gte l\u00e6der i kontaktomr\u00e5der, hvilket giver den et luksuri\u00f8st og elegant udseende. L\u00e6deret er ogs\u00e5 slidst\u00e6rkt og nemt at reng\u00f8re. Puf Riona har en rund form og en tr\u00e6base, der [&hellip;]","og_url":"https:\/\/last-chance.dk\/?product=puf-riona-aegte-laeder-i-kontaktomraadertrae","og_site_name":"LASTCHANCE Deals | Danmark","article_modified_time":"2026-05-01T07:42:00+00:00","og_image":[{"width":400,"height":400,"url":"https:\/\/last-chance.dk\/wp-content\/uploads\/2023\/11\/riona_white.jpg","type":"image\/jpeg"}],"twitter_card":"summary_large_image","twitter_misc":{"Estimeret l\u00e6setid":"1 minut"},"schema":{"@context":"https:\/\/schema.org","@graph":[{"@type":"WebPage","@id":"https:\/\/last-chance.dk\/?product=puf-riona-aegte-laeder-i-kontaktomraadertrae","url":"https:\/\/last-chance.dk\/?product=puf-riona-aegte-laeder-i-kontaktomraadertrae","name":"Puf Riona \u00e6gte l\u00e6der i kontaktomr\u00e5der,tr\u00e6 - LASTCHANCE Deals | Danmark","isPartOf":{"@id":"https:\/\/last-chance.dk\/#website"},"primaryImageOfPage":{"@id":"https:\/\/last-chance.dk\/?product=puf-riona-aegte-laeder-i-kontaktomraadertrae#primaryimage"},"image":{"@id":"https:\/\/last-chance.dk\/?product=puf-riona-aegte-laeder-i-kontaktomraadertrae#primaryimage"},"thumbnailUrl":"https:\/\/last-chance.dk\/wp-content\/uploads\/2023\/11\/riona_white.jpg","datePublished":"2023-11-27T09:36:51+00:00","dateModified":"2026-05-01T07:42:00+00:00","breadcrumb":{"@id":"https:\/\/last-chance.dk\/?product=puf-riona-aegte-laeder-i-kontaktomraadertrae#breadcrumb"},"inLanguage":"da-DK","potentialAction":[{"@type":"ReadAction","target":["https:\/\/last-chance.dk\/?product=puf-riona-aegte-laeder-i-kontaktomraadertrae"]}]},{"@type":"ImageObject","inLanguage":"da-DK","@id":"https:\/\/last-chance.dk\/?product=puf-riona-aegte-laeder-i-kontaktomraadertrae#primaryimage","url":"https:\/\/last-chance.dk\/wp-content\/uploads\/2023\/11\/riona_white.jpg","contentUrl":"https:\/\/last-chance.dk\/wp-content\/uploads\/2023\/11\/riona_white.jpg","width":400,"height":400},{"@type":"BreadcrumbList","@id":"https:\/\/last-chance.dk\/?product=puf-riona-aegte-laeder-i-kontaktomraadertrae#breadcrumb","itemListElement":[{"@type":"ListItem","position":1,"name":"Home","item":"https:\/\/last-chance.dk\/"},{"@type":"ListItem","position":2,"name":"Puf Riona \u00e6gte l\u00e6der i kontaktomr\u00e5der,tr\u00e6"}]},{"@type":"WebSite","@id":"https:\/\/last-chance.dk\/#website","url":"https:\/\/last-chance.dk\/","name":"LASTCHANCE Deals | Danmark","description":"LASTCHANCE Deals | Danmark","publisher":{"@id":"https:\/\/last-chance.dk\/#organization"},"potentialAction":[{"@type":"SearchAction","target":{"@type":"EntryPoint","urlTemplate":"https:\/\/last-chance.dk\/?s={search_term_string}"},"query-input":{"@type":"PropertyValueSpecification","valueRequired":true,"valueName":"search_term_string"}}],"inLanguage":"da-DK"},{"@type":"Organization","@id":"https:\/\/last-chance.dk\/#organization","name":"LASTCHANCE Deals | Danmark","url":"https:\/\/last-chance.dk\/","logo":{"@type":"ImageObject","inLanguage":"da-DK","@id":"https:\/\/last-chance.dk\/#\/schema\/logo\/image\/","url":"https:\/\/last-chance.dk\/wp-content\/uploads\/2023\/10\/lastchancedeals_logo_dk_white.png","contentUrl":"https:\/\/last-chance.dk\/wp-content\/uploads\/2023\/10\/lastchancedeals_logo_dk_white.png","width":470,"height":110,"caption":"LASTCHANCE Deals | Danmark"},"image":{"@id":"https:\/\/last-chance.dk\/#\/schema\/logo\/image\/"}}]}},"_links":{"self":[{"href":"https:\/\/last-chance.dk\/index.php?rest_route=\/wp\/v2\/product\/9278","targetHints":{"allow":["GET"]}}],"collection":[{"href":"https:\/\/last-chance.dk\/index.php?rest_route=\/wp\/v2\/product"}],"about":[{"href":"https:\/\/last-chance.dk\/index.php?rest_route=\/wp\/v2\/types\/product"}],"replies":[{"embeddable":true,"href":"https:\/\/last-chance.dk\/index.php?rest_route=%2Fwp%2Fv2%2Fcomments&post=9278"}],"wp:featuredmedia":[{"embeddable":true,"href":"https:\/\/last-chance.dk\/index.php?rest_route=\/wp\/v2\/media\/9272"}],"wp:attachment":[{"href":"https:\/\/last-chance.dk\/index.php?rest_route=%2Fwp%2Fv2%2Fmedia&parent=9278"}],"wp:term":[{"taxonomy":"product_brand","embeddable":true,"href":"https:\/\/last-chance.dk\/index.php?rest_route=%2Fwp%2Fv2%2Fproduct_brand&post=9278"},{"taxonomy":"product_cat","embeddable":true,"href":"https:\/\/last-chance.dk\/index.php?rest_route=%2Fwp%2Fv2%2Fproduct_cat&post=9278"},{"taxonomy":"product_tag","embeddable":true,"href":"https:\/\/last-chance.dk\/index.php?rest_route=%2Fwp%2Fv2%2Fproduct_tag&post=9278"}],"curies":[{"name":"wp","href":"https:\/\/api.w.org\/{rel}","templated":true}]}}