{"id":9295,"date":"2023-11-27T09:37:53","date_gmt":"2023-11-27T09:37:53","guid":{"rendered":"https:\/\/www.lastchance.deals\/dk\/produkt\/traeslaede-arendal\/"},"modified":"2025-10-13T12:06:29","modified_gmt":"2025-10-13T12:06:29","slug":"traeslaede-arendal","status":"publish","type":"product","link":"https:\/\/last-chance.dk\/?product=traeslaede-arendal","title":{"rendered":"Tr\u00e6sl\u00e6de Arendal"},"content":{"rendered":"<p>Arendal tr\u00e6sl\u00e6de er det perfekte valg til vintereventyr og giver uforglemmelig sjov i sneen. Vores sl\u00e6de er lavet af holdbart b\u00f8getr\u00e6. Vi l\u00e6gger stor v\u00e6gt p\u00e5 kvalitet, s\u00e5 vi har omhyggeligt valgt og bearbejdet hver tr\u00e6bit for at sikre, at du f\u00e5r et produkt af h\u00f8jeste kvalitet.<\/p>\n<p>Et h\u00f8jdepunkt ved denne sl\u00e6de er det behagelige s\u00e6de med et robust tr\u00e6rygl\u00e6n, der giver dit barn komfort og sikkerhed under k\u00f8rslen. Det, der g\u00f8r denne sl\u00e6de endnu mere alsidig, er det faktum, at rygl\u00e6net let kan fjernes ved at bruge de medf\u00f8lgende metalskruer. S\u00e5 du kan tilpasse sl\u00e6den til dit barns behov.<\/p>\n<p>Sl\u00e6dens snor har et ergonomisk h\u00e5ndtag, der g\u00f8r det let at tr\u00e6kke og styre sl\u00e6den. Og med sl\u00e6dens brede metalskinner glider den glat over sneen uden at synke ned i den. Det betyder mere sjov for dit barn og mindre anstrengelse for dig som for\u00e6lder eller v\u00e6rge.<\/p>\n<p>Sl\u00e6dens dimensioner er 91 cm i l\u00e6ngden, 32 cm i bredden og 21 cm i h\u00f8jden (uden rygl\u00e6n). Med rygl\u00e6net n\u00e5r h\u00f8jden 38 cm. Trods sin solide konstruktion vejer sl\u00e6den kun 3,40 kg, hvilket g\u00f8r h\u00e5ndteringen lettere.<\/p>\n<p>Med Arendal tr\u00e6sl\u00e6de kan du v\u00e6re sikker p\u00e5, at dit barn nyder vinteren til fulde, trygt og behageligt. Eventyrene i sneen bliver uforglemmelige minder, og kvaliteten af vores produkt garanterer, at denne sl\u00e6de kan bruges i mange vintre.<\/p>\n<p>Leveringstid: Leveringstid 1-2 uger<br \/>\nMateriale: tr\u00e6<br \/>\nFarve: tr\u00e6<br \/>\nDimensioner: 91x32x21cm<br \/>\nBeregnet til: Udend\u00f8rs brug<br \/>\nMontage: skal samles<br \/>\nFabrikant: ElmaPram<br \/>\nFremstillet: i EU<br \/>\nGaranti: 12 m\u00e5neder<\/p>\n","protected":false},"excerpt":{"rendered":"<p>Arendal tr\u00e6sl\u00e6de er det perfekte valg til vintereventyr og giver uforglemmelig sjov i sneen. Vores sl\u00e6de er lavet af holdbart b\u00f8getr\u00e6. Vi l\u00e6gger stor v\u00e6gt p\u00e5 kvalitet, s\u00e5 vi har omhyggeligt valgt og bearbejdet hver tr\u00e6bit for at sikre, at du f\u00e5r et produkt af h\u00f8jeste kvalitet. Et h\u00f8jdepunkt ved denne sl\u00e6de er det behagelige [&hellip;]<\/p>\n","protected":false},"featured_media":9288,"comment_status":"open","ping_status":"closed","template":"","meta":[],"product_brand":[],"product_cat":[194],"product_tag":[],"class_list":{"0":"post-9295","1":"product","2":"type-product","3":"status-publish","4":"has-post-thumbnail","6":"product_cat-sleds","8":"first","9":"instock","10":"shipping-taxable","11":"purchasable","12":"product-type-simple"},"yoast_head":"<!-- This site is optimized with the Yoast SEO plugin v24.8.1 - https:\/\/yoast.com\/wordpress\/plugins\/seo\/ -->\n<title>Tr\u00e6sl\u00e6de Arendal - LASTCHANCE Deals | Danmark<\/title>\n<meta name=\"robots\" content=\"index, follow, max-snippet:-1, max-image-preview:large, max-video-preview:-1\" \/>\n<link rel=\"canonical\" href=\"https:\/\/last-chance.dk\/?product=traeslaede-arendal\" \/>\n<meta property=\"og:locale\" content=\"da_DK\" \/>\n<meta property=\"og:type\" content=\"article\" \/>\n<meta property=\"og:title\" content=\"Tr\u00e6sl\u00e6de Arendal - LASTCHANCE Deals | Danmark\" \/>\n<meta property=\"og:description\" content=\"Arendal tr\u00e6sl\u00e6de er det perfekte valg til vintereventyr og giver uforglemmelig sjov i sneen. Vores sl\u00e6de er lavet af holdbart b\u00f8getr\u00e6. Vi l\u00e6gger stor v\u00e6gt p\u00e5 kvalitet, s\u00e5 vi har omhyggeligt valgt og bearbejdet hver tr\u00e6bit for at sikre, at du f\u00e5r et produkt af h\u00f8jeste kvalitet. Et h\u00f8jdepunkt ved denne sl\u00e6de er det behagelige [&hellip;]\" \/>\n<meta property=\"og:url\" content=\"https:\/\/last-chance.dk\/?product=traeslaede-arendal\" \/>\n<meta property=\"og:site_name\" content=\"LASTCHANCE Deals | Danmark\" \/>\n<meta property=\"article:modified_time\" content=\"2025-10-13T12:06:29+00:00\" \/>\n<meta property=\"og:image\" content=\"https:\/\/last-chance.dk\/wp-content\/uploads\/2023\/11\/arendal1.jpg\" \/>\n\t<meta property=\"og:image:width\" content=\"1200\" \/>\n\t<meta property=\"og:image:height\" content=\"800\" \/>\n\t<meta property=\"og:image:type\" content=\"image\/jpeg\" \/>\n<meta name=\"twitter:card\" content=\"summary_large_image\" \/>\n<meta name=\"twitter:label1\" content=\"Estimeret l\u00e6setid\" \/>\n\t<meta name=\"twitter:data1\" content=\"1 minut\" \/>\n<script type=\"application\/ld+json\" class=\"yoast-schema-graph\">{\"@context\":\"https:\/\/schema.org\",\"@graph\":[{\"@type\":\"WebPage\",\"@id\":\"https:\/\/last-chance.dk\/?product=traeslaede-arendal\",\"url\":\"https:\/\/last-chance.dk\/?product=traeslaede-arendal\",\"name\":\"Tr\u00e6sl\u00e6de Arendal - LASTCHANCE Deals | Danmark\",\"isPartOf\":{\"@id\":\"https:\/\/last-chance.dk\/#website\"},\"primaryImageOfPage\":{\"@id\":\"https:\/\/last-chance.dk\/?product=traeslaede-arendal#primaryimage\"},\"image\":{\"@id\":\"https:\/\/last-chance.dk\/?product=traeslaede-arendal#primaryimage\"},\"thumbnailUrl\":\"https:\/\/last-chance.dk\/wp-content\/uploads\/2023\/11\/arendal1.jpg\",\"datePublished\":\"2023-11-27T09:37:53+00:00\",\"dateModified\":\"2025-10-13T12:06:29+00:00\",\"breadcrumb\":{\"@id\":\"https:\/\/last-chance.dk\/?product=traeslaede-arendal#breadcrumb\"},\"inLanguage\":\"da-DK\",\"potentialAction\":[{\"@type\":\"ReadAction\",\"target\":[\"https:\/\/last-chance.dk\/?product=traeslaede-arendal\"]}]},{\"@type\":\"ImageObject\",\"inLanguage\":\"da-DK\",\"@id\":\"https:\/\/last-chance.dk\/?product=traeslaede-arendal#primaryimage\",\"url\":\"https:\/\/last-chance.dk\/wp-content\/uploads\/2023\/11\/arendal1.jpg\",\"contentUrl\":\"https:\/\/last-chance.dk\/wp-content\/uploads\/2023\/11\/arendal1.jpg\",\"width\":1200,\"height\":800},{\"@type\":\"BreadcrumbList\",\"@id\":\"https:\/\/last-chance.dk\/?product=traeslaede-arendal#breadcrumb\",\"itemListElement\":[{\"@type\":\"ListItem\",\"position\":1,\"name\":\"Home\",\"item\":\"https:\/\/last-chance.dk\/\"},{\"@type\":\"ListItem\",\"position\":2,\"name\":\"Tr\u00e6sl\u00e6de Arendal\"}]},{\"@type\":\"WebSite\",\"@id\":\"https:\/\/last-chance.dk\/#website\",\"url\":\"https:\/\/last-chance.dk\/\",\"name\":\"LASTCHANCE Deals | Danmark\",\"description\":\"LASTCHANCE Deals | Danmark\",\"publisher\":{\"@id\":\"https:\/\/last-chance.dk\/#organization\"},\"potentialAction\":[{\"@type\":\"SearchAction\",\"target\":{\"@type\":\"EntryPoint\",\"urlTemplate\":\"https:\/\/last-chance.dk\/?s={search_term_string}\"},\"query-input\":{\"@type\":\"PropertyValueSpecification\",\"valueRequired\":true,\"valueName\":\"search_term_string\"}}],\"inLanguage\":\"da-DK\"},{\"@type\":\"Organization\",\"@id\":\"https:\/\/last-chance.dk\/#organization\",\"name\":\"LASTCHANCE Deals | Danmark\",\"url\":\"https:\/\/last-chance.dk\/\",\"logo\":{\"@type\":\"ImageObject\",\"inLanguage\":\"da-DK\",\"@id\":\"https:\/\/last-chance.dk\/#\/schema\/logo\/image\/\",\"url\":\"https:\/\/last-chance.dk\/wp-content\/uploads\/2023\/10\/lastchancedeals_logo_dk_white.png\",\"contentUrl\":\"https:\/\/last-chance.dk\/wp-content\/uploads\/2023\/10\/lastchancedeals_logo_dk_white.png\",\"width\":470,\"height\":110,\"caption\":\"LASTCHANCE Deals | Danmark\"},\"image\":{\"@id\":\"https:\/\/last-chance.dk\/#\/schema\/logo\/image\/\"}}]}<\/script>\n<!-- \/ Yoast SEO plugin. -->","yoast_head_json":{"title":"Tr\u00e6sl\u00e6de Arendal - LASTCHANCE Deals | Danmark","robots":{"index":"index","follow":"follow","max-snippet":"max-snippet:-1","max-image-preview":"max-image-preview:large","max-video-preview":"max-video-preview:-1"},"canonical":"https:\/\/last-chance.dk\/?product=traeslaede-arendal","og_locale":"da_DK","og_type":"article","og_title":"Tr\u00e6sl\u00e6de Arendal - LASTCHANCE Deals | Danmark","og_description":"Arendal tr\u00e6sl\u00e6de er det perfekte valg til vintereventyr og giver uforglemmelig sjov i sneen. Vores sl\u00e6de er lavet af holdbart b\u00f8getr\u00e6. Vi l\u00e6gger stor v\u00e6gt p\u00e5 kvalitet, s\u00e5 vi har omhyggeligt valgt og bearbejdet hver tr\u00e6bit for at sikre, at du f\u00e5r et produkt af h\u00f8jeste kvalitet. Et h\u00f8jdepunkt ved denne sl\u00e6de er det behagelige [&hellip;]","og_url":"https:\/\/last-chance.dk\/?product=traeslaede-arendal","og_site_name":"LASTCHANCE Deals | Danmark","article_modified_time":"2025-10-13T12:06:29+00:00","og_image":[{"width":1200,"height":800,"url":"https:\/\/last-chance.dk\/wp-content\/uploads\/2023\/11\/arendal1.jpg","type":"image\/jpeg"}],"twitter_card":"summary_large_image","twitter_misc":{"Estimeret l\u00e6setid":"1 minut"},"schema":{"@context":"https:\/\/schema.org","@graph":[{"@type":"WebPage","@id":"https:\/\/last-chance.dk\/?product=traeslaede-arendal","url":"https:\/\/last-chance.dk\/?product=traeslaede-arendal","name":"Tr\u00e6sl\u00e6de Arendal - LASTCHANCE Deals | Danmark","isPartOf":{"@id":"https:\/\/last-chance.dk\/#website"},"primaryImageOfPage":{"@id":"https:\/\/last-chance.dk\/?product=traeslaede-arendal#primaryimage"},"image":{"@id":"https:\/\/last-chance.dk\/?product=traeslaede-arendal#primaryimage"},"thumbnailUrl":"https:\/\/last-chance.dk\/wp-content\/uploads\/2023\/11\/arendal1.jpg","datePublished":"2023-11-27T09:37:53+00:00","dateModified":"2025-10-13T12:06:29+00:00","breadcrumb":{"@id":"https:\/\/last-chance.dk\/?product=traeslaede-arendal#breadcrumb"},"inLanguage":"da-DK","potentialAction":[{"@type":"ReadAction","target":["https:\/\/last-chance.dk\/?product=traeslaede-arendal"]}]},{"@type":"ImageObject","inLanguage":"da-DK","@id":"https:\/\/last-chance.dk\/?product=traeslaede-arendal#primaryimage","url":"https:\/\/last-chance.dk\/wp-content\/uploads\/2023\/11\/arendal1.jpg","contentUrl":"https:\/\/last-chance.dk\/wp-content\/uploads\/2023\/11\/arendal1.jpg","width":1200,"height":800},{"@type":"BreadcrumbList","@id":"https:\/\/last-chance.dk\/?product=traeslaede-arendal#breadcrumb","itemListElement":[{"@type":"ListItem","position":1,"name":"Home","item":"https:\/\/last-chance.dk\/"},{"@type":"ListItem","position":2,"name":"Tr\u00e6sl\u00e6de Arendal"}]},{"@type":"WebSite","@id":"https:\/\/last-chance.dk\/#website","url":"https:\/\/last-chance.dk\/","name":"LASTCHANCE Deals | Danmark","description":"LASTCHANCE Deals | Danmark","publisher":{"@id":"https:\/\/last-chance.dk\/#organization"},"potentialAction":[{"@type":"SearchAction","target":{"@type":"EntryPoint","urlTemplate":"https:\/\/last-chance.dk\/?s={search_term_string}"},"query-input":{"@type":"PropertyValueSpecification","valueRequired":true,"valueName":"search_term_string"}}],"inLanguage":"da-DK"},{"@type":"Organization","@id":"https:\/\/last-chance.dk\/#organization","name":"LASTCHANCE Deals | Danmark","url":"https:\/\/last-chance.dk\/","logo":{"@type":"ImageObject","inLanguage":"da-DK","@id":"https:\/\/last-chance.dk\/#\/schema\/logo\/image\/","url":"https:\/\/last-chance.dk\/wp-content\/uploads\/2023\/10\/lastchancedeals_logo_dk_white.png","contentUrl":"https:\/\/last-chance.dk\/wp-content\/uploads\/2023\/10\/lastchancedeals_logo_dk_white.png","width":470,"height":110,"caption":"LASTCHANCE Deals | Danmark"},"image":{"@id":"https:\/\/last-chance.dk\/#\/schema\/logo\/image\/"}}]}},"_links":{"self":[{"href":"https:\/\/last-chance.dk\/index.php?rest_route=\/wp\/v2\/product\/9295","targetHints":{"allow":["GET"]}}],"collection":[{"href":"https:\/\/last-chance.dk\/index.php?rest_route=\/wp\/v2\/product"}],"about":[{"href":"https:\/\/last-chance.dk\/index.php?rest_route=\/wp\/v2\/types\/product"}],"replies":[{"embeddable":true,"href":"https:\/\/last-chance.dk\/index.php?rest_route=%2Fwp%2Fv2%2Fcomments&post=9295"}],"wp:featuredmedia":[{"embeddable":true,"href":"https:\/\/last-chance.dk\/index.php?rest_route=\/wp\/v2\/media\/9288"}],"wp:attachment":[{"href":"https:\/\/last-chance.dk\/index.php?rest_route=%2Fwp%2Fv2%2Fmedia&parent=9295"}],"wp:term":[{"taxonomy":"product_brand","embeddable":true,"href":"https:\/\/last-chance.dk\/index.php?rest_route=%2Fwp%2Fv2%2Fproduct_brand&post=9295"},{"taxonomy":"product_cat","embeddable":true,"href":"https:\/\/last-chance.dk\/index.php?rest_route=%2Fwp%2Fv2%2Fproduct_cat&post=9295"},{"taxonomy":"product_tag","embeddable":true,"href":"https:\/\/last-chance.dk\/index.php?rest_route=%2Fwp%2Fv2%2Fproduct_tag&post=9295"}],"curies":[{"name":"wp","href":"https:\/\/api.w.org\/{rel}","templated":true}]}}