{"id":9333,"date":"2023-11-27T09:41:25","date_gmt":"2023-11-27T09:41:25","guid":{"rendered":"https:\/\/www.lastchance.deals\/dk\/produkt\/vaegur-ophelia-flerfarvet\/"},"modified":"2025-09-19T19:12:12","modified_gmt":"2025-09-19T19:12:12","slug":"vaegur-ophelia-flerfarvet","status":"publish","type":"product","link":"https:\/\/last-chance.dk\/?product=vaegur-ophelia-flerfarvet","title":{"rendered":"V\u00e6gur Ophelia  flerfarvet"},"content":{"rendered":"<p>V\u00e6gur Ophelia er et smukt og farverigt ur, der vil tilf\u00f8je liv og stil til dit hjem. Det er lavet af mdf og metal, og har et unikt design med blomstermotiver og romertal. Det m\u00e5ler 80x40cm, og passer perfekt til enhver v\u00e6g i din stue, sovev\u00e6relse eller k\u00f8kken. V\u00e6gur Ophelia er beregnet til indend\u00f8rs brug, og leveres samlet, s\u00e5 du nemt kan h\u00e6nge det op. Det er produceret af ForrestDecor, en anerkendt fabrikant af dekorative ure og andre hjemmeartikler. Det har ogs\u00e5 en garanti p\u00e5 12 m\u00e5neder, s\u00e5 du kan v\u00e6re sikker p\u00e5 kvaliteten og holdbarheden af dit nye ur. Bestil V\u00e6gur Ophelia i dag, og nyd det flotte syn hver gang du tjekker tiden.<\/p>\n<p><\/p>\n<p>Leveringstid: Leveringstid 1 uge<br \/>\nMateriale: mdf,metal<br \/>\nFarve: flerfarvet<br \/>\nDimensioner: 80x40cm<br \/>\nBeregnet til: Indend\u00f8rs brug<br \/>\nMontage: leveres samlet<br \/>\nFabrikant: ForrestDecor<br \/>\nGaranti: 12 m\u00e5neder<\/p>\n","protected":false},"excerpt":{"rendered":"<p>V\u00e6gur Ophelia er et smukt og farverigt ur, der vil tilf\u00f8je liv og stil til dit hjem. Det er lavet af mdf og metal, og har et unikt design med blomstermotiver og romertal. Det m\u00e5ler 80x40cm, og passer perfekt til enhver v\u00e6g i din stue, sovev\u00e6relse eller k\u00f8kken. V\u00e6gur Ophelia er beregnet til indend\u00f8rs brug, [&hellip;]<\/p>\n","protected":false},"featured_media":9332,"comment_status":"open","ping_status":"closed","template":"","meta":[],"product_brand":[],"product_cat":[188],"product_tag":[],"class_list":{"0":"post-9333","1":"product","2":"type-product","3":"status-publish","4":"has-post-thumbnail","6":"product_cat-wall-clocks","8":"first","9":"instock","10":"shipping-taxable","11":"purchasable","12":"product-type-simple"},"yoast_head":"<!-- This site is optimized with the Yoast SEO plugin v24.8.1 - https:\/\/yoast.com\/wordpress\/plugins\/seo\/ -->\n<title>V\u00e6gur Ophelia flerfarvet - LASTCHANCE Deals | Danmark<\/title>\n<meta name=\"robots\" content=\"index, follow, max-snippet:-1, max-image-preview:large, max-video-preview:-1\" \/>\n<link rel=\"canonical\" href=\"https:\/\/last-chance.dk\/?product=vaegur-ophelia-flerfarvet\" \/>\n<meta property=\"og:locale\" content=\"da_DK\" \/>\n<meta property=\"og:type\" content=\"article\" \/>\n<meta property=\"og:title\" content=\"V\u00e6gur Ophelia flerfarvet - LASTCHANCE Deals | Danmark\" \/>\n<meta property=\"og:description\" content=\"V\u00e6gur Ophelia er et smukt og farverigt ur, der vil tilf\u00f8je liv og stil til dit hjem. Det er lavet af mdf og metal, og har et unikt design med blomstermotiver og romertal. Det m\u00e5ler 80x40cm, og passer perfekt til enhver v\u00e6g i din stue, sovev\u00e6relse eller k\u00f8kken. V\u00e6gur Ophelia er beregnet til indend\u00f8rs brug, [&hellip;]\" \/>\n<meta property=\"og:url\" content=\"https:\/\/last-chance.dk\/?product=vaegur-ophelia-flerfarvet\" \/>\n<meta property=\"og:site_name\" content=\"LASTCHANCE Deals | Danmark\" \/>\n<meta property=\"article:modified_time\" content=\"2025-09-19T19:12:12+00:00\" \/>\n<meta property=\"og:image\" content=\"https:\/\/last-chance.dk\/wp-content\/uploads\/2023\/11\/bb44767.jpg\" \/>\n\t<meta property=\"og:image:width\" content=\"778\" \/>\n\t<meta property=\"og:image:height\" content=\"753\" \/>\n\t<meta property=\"og:image:type\" content=\"image\/jpeg\" \/>\n<meta name=\"twitter:card\" content=\"summary_large_image\" \/>\n<meta name=\"twitter:label1\" content=\"Estimeret l\u00e6setid\" \/>\n\t<meta name=\"twitter:data1\" content=\"1 minut\" \/>\n<script type=\"application\/ld+json\" class=\"yoast-schema-graph\">{\"@context\":\"https:\/\/schema.org\",\"@graph\":[{\"@type\":\"WebPage\",\"@id\":\"https:\/\/last-chance.dk\/?product=vaegur-ophelia-flerfarvet\",\"url\":\"https:\/\/last-chance.dk\/?product=vaegur-ophelia-flerfarvet\",\"name\":\"V\u00e6gur Ophelia flerfarvet - LASTCHANCE Deals | Danmark\",\"isPartOf\":{\"@id\":\"https:\/\/last-chance.dk\/#website\"},\"primaryImageOfPage\":{\"@id\":\"https:\/\/last-chance.dk\/?product=vaegur-ophelia-flerfarvet#primaryimage\"},\"image\":{\"@id\":\"https:\/\/last-chance.dk\/?product=vaegur-ophelia-flerfarvet#primaryimage\"},\"thumbnailUrl\":\"https:\/\/last-chance.dk\/wp-content\/uploads\/2023\/11\/bb44767.jpg\",\"datePublished\":\"2023-11-27T09:41:25+00:00\",\"dateModified\":\"2025-09-19T19:12:12+00:00\",\"breadcrumb\":{\"@id\":\"https:\/\/last-chance.dk\/?product=vaegur-ophelia-flerfarvet#breadcrumb\"},\"inLanguage\":\"da-DK\",\"potentialAction\":[{\"@type\":\"ReadAction\",\"target\":[\"https:\/\/last-chance.dk\/?product=vaegur-ophelia-flerfarvet\"]}]},{\"@type\":\"ImageObject\",\"inLanguage\":\"da-DK\",\"@id\":\"https:\/\/last-chance.dk\/?product=vaegur-ophelia-flerfarvet#primaryimage\",\"url\":\"https:\/\/last-chance.dk\/wp-content\/uploads\/2023\/11\/bb44767.jpg\",\"contentUrl\":\"https:\/\/last-chance.dk\/wp-content\/uploads\/2023\/11\/bb44767.jpg\",\"width\":778,\"height\":753},{\"@type\":\"BreadcrumbList\",\"@id\":\"https:\/\/last-chance.dk\/?product=vaegur-ophelia-flerfarvet#breadcrumb\",\"itemListElement\":[{\"@type\":\"ListItem\",\"position\":1,\"name\":\"Home\",\"item\":\"https:\/\/last-chance.dk\/\"},{\"@type\":\"ListItem\",\"position\":2,\"name\":\"V\u00e6gur Ophelia flerfarvet\"}]},{\"@type\":\"WebSite\",\"@id\":\"https:\/\/last-chance.dk\/#website\",\"url\":\"https:\/\/last-chance.dk\/\",\"name\":\"LASTCHANCE Deals | Danmark\",\"description\":\"LASTCHANCE Deals | Danmark\",\"publisher\":{\"@id\":\"https:\/\/last-chance.dk\/#organization\"},\"potentialAction\":[{\"@type\":\"SearchAction\",\"target\":{\"@type\":\"EntryPoint\",\"urlTemplate\":\"https:\/\/last-chance.dk\/?s={search_term_string}\"},\"query-input\":{\"@type\":\"PropertyValueSpecification\",\"valueRequired\":true,\"valueName\":\"search_term_string\"}}],\"inLanguage\":\"da-DK\"},{\"@type\":\"Organization\",\"@id\":\"https:\/\/last-chance.dk\/#organization\",\"name\":\"LASTCHANCE Deals | Danmark\",\"url\":\"https:\/\/last-chance.dk\/\",\"logo\":{\"@type\":\"ImageObject\",\"inLanguage\":\"da-DK\",\"@id\":\"https:\/\/last-chance.dk\/#\/schema\/logo\/image\/\",\"url\":\"https:\/\/last-chance.dk\/wp-content\/uploads\/2023\/10\/lastchancedeals_logo_dk_white.png\",\"contentUrl\":\"https:\/\/last-chance.dk\/wp-content\/uploads\/2023\/10\/lastchancedeals_logo_dk_white.png\",\"width\":470,\"height\":110,\"caption\":\"LASTCHANCE Deals | Danmark\"},\"image\":{\"@id\":\"https:\/\/last-chance.dk\/#\/schema\/logo\/image\/\"}}]}<\/script>\n<!-- \/ Yoast SEO plugin. -->","yoast_head_json":{"title":"V\u00e6gur Ophelia flerfarvet - LASTCHANCE Deals | Danmark","robots":{"index":"index","follow":"follow","max-snippet":"max-snippet:-1","max-image-preview":"max-image-preview:large","max-video-preview":"max-video-preview:-1"},"canonical":"https:\/\/last-chance.dk\/?product=vaegur-ophelia-flerfarvet","og_locale":"da_DK","og_type":"article","og_title":"V\u00e6gur Ophelia flerfarvet - LASTCHANCE Deals | Danmark","og_description":"V\u00e6gur Ophelia er et smukt og farverigt ur, der vil tilf\u00f8je liv og stil til dit hjem. Det er lavet af mdf og metal, og har et unikt design med blomstermotiver og romertal. Det m\u00e5ler 80x40cm, og passer perfekt til enhver v\u00e6g i din stue, sovev\u00e6relse eller k\u00f8kken. V\u00e6gur Ophelia er beregnet til indend\u00f8rs brug, [&hellip;]","og_url":"https:\/\/last-chance.dk\/?product=vaegur-ophelia-flerfarvet","og_site_name":"LASTCHANCE Deals | Danmark","article_modified_time":"2025-09-19T19:12:12+00:00","og_image":[{"width":778,"height":753,"url":"https:\/\/last-chance.dk\/wp-content\/uploads\/2023\/11\/bb44767.jpg","type":"image\/jpeg"}],"twitter_card":"summary_large_image","twitter_misc":{"Estimeret l\u00e6setid":"1 minut"},"schema":{"@context":"https:\/\/schema.org","@graph":[{"@type":"WebPage","@id":"https:\/\/last-chance.dk\/?product=vaegur-ophelia-flerfarvet","url":"https:\/\/last-chance.dk\/?product=vaegur-ophelia-flerfarvet","name":"V\u00e6gur Ophelia flerfarvet - LASTCHANCE Deals | Danmark","isPartOf":{"@id":"https:\/\/last-chance.dk\/#website"},"primaryImageOfPage":{"@id":"https:\/\/last-chance.dk\/?product=vaegur-ophelia-flerfarvet#primaryimage"},"image":{"@id":"https:\/\/last-chance.dk\/?product=vaegur-ophelia-flerfarvet#primaryimage"},"thumbnailUrl":"https:\/\/last-chance.dk\/wp-content\/uploads\/2023\/11\/bb44767.jpg","datePublished":"2023-11-27T09:41:25+00:00","dateModified":"2025-09-19T19:12:12+00:00","breadcrumb":{"@id":"https:\/\/last-chance.dk\/?product=vaegur-ophelia-flerfarvet#breadcrumb"},"inLanguage":"da-DK","potentialAction":[{"@type":"ReadAction","target":["https:\/\/last-chance.dk\/?product=vaegur-ophelia-flerfarvet"]}]},{"@type":"ImageObject","inLanguage":"da-DK","@id":"https:\/\/last-chance.dk\/?product=vaegur-ophelia-flerfarvet#primaryimage","url":"https:\/\/last-chance.dk\/wp-content\/uploads\/2023\/11\/bb44767.jpg","contentUrl":"https:\/\/last-chance.dk\/wp-content\/uploads\/2023\/11\/bb44767.jpg","width":778,"height":753},{"@type":"BreadcrumbList","@id":"https:\/\/last-chance.dk\/?product=vaegur-ophelia-flerfarvet#breadcrumb","itemListElement":[{"@type":"ListItem","position":1,"name":"Home","item":"https:\/\/last-chance.dk\/"},{"@type":"ListItem","position":2,"name":"V\u00e6gur Ophelia flerfarvet"}]},{"@type":"WebSite","@id":"https:\/\/last-chance.dk\/#website","url":"https:\/\/last-chance.dk\/","name":"LASTCHANCE Deals | Danmark","description":"LASTCHANCE Deals | Danmark","publisher":{"@id":"https:\/\/last-chance.dk\/#organization"},"potentialAction":[{"@type":"SearchAction","target":{"@type":"EntryPoint","urlTemplate":"https:\/\/last-chance.dk\/?s={search_term_string}"},"query-input":{"@type":"PropertyValueSpecification","valueRequired":true,"valueName":"search_term_string"}}],"inLanguage":"da-DK"},{"@type":"Organization","@id":"https:\/\/last-chance.dk\/#organization","name":"LASTCHANCE Deals | Danmark","url":"https:\/\/last-chance.dk\/","logo":{"@type":"ImageObject","inLanguage":"da-DK","@id":"https:\/\/last-chance.dk\/#\/schema\/logo\/image\/","url":"https:\/\/last-chance.dk\/wp-content\/uploads\/2023\/10\/lastchancedeals_logo_dk_white.png","contentUrl":"https:\/\/last-chance.dk\/wp-content\/uploads\/2023\/10\/lastchancedeals_logo_dk_white.png","width":470,"height":110,"caption":"LASTCHANCE Deals | Danmark"},"image":{"@id":"https:\/\/last-chance.dk\/#\/schema\/logo\/image\/"}}]}},"_links":{"self":[{"href":"https:\/\/last-chance.dk\/index.php?rest_route=\/wp\/v2\/product\/9333","targetHints":{"allow":["GET"]}}],"collection":[{"href":"https:\/\/last-chance.dk\/index.php?rest_route=\/wp\/v2\/product"}],"about":[{"href":"https:\/\/last-chance.dk\/index.php?rest_route=\/wp\/v2\/types\/product"}],"replies":[{"embeddable":true,"href":"https:\/\/last-chance.dk\/index.php?rest_route=%2Fwp%2Fv2%2Fcomments&post=9333"}],"wp:featuredmedia":[{"embeddable":true,"href":"https:\/\/last-chance.dk\/index.php?rest_route=\/wp\/v2\/media\/9332"}],"wp:attachment":[{"href":"https:\/\/last-chance.dk\/index.php?rest_route=%2Fwp%2Fv2%2Fmedia&parent=9333"}],"wp:term":[{"taxonomy":"product_brand","embeddable":true,"href":"https:\/\/last-chance.dk\/index.php?rest_route=%2Fwp%2Fv2%2Fproduct_brand&post=9333"},{"taxonomy":"product_cat","embeddable":true,"href":"https:\/\/last-chance.dk\/index.php?rest_route=%2Fwp%2Fv2%2Fproduct_cat&post=9333"},{"taxonomy":"product_tag","embeddable":true,"href":"https:\/\/last-chance.dk\/index.php?rest_route=%2Fwp%2Fv2%2Fproduct_tag&post=9333"}],"curies":[{"name":"wp","href":"https:\/\/api.w.org\/{rel}","templated":true}]}}