{"id":9351,"date":"2023-11-27T09:43:36","date_gmt":"2023-11-27T09:43:36","guid":{"rendered":"https:\/\/www.lastchance.deals\/dk\/produkt\/vaegur-valencia-blaa\/"},"modified":"2025-10-13T12:12:30","modified_gmt":"2025-10-13T12:12:30","slug":"vaegur-valencia-blaa","status":"publish","type":"product","link":"https:\/\/last-chance.dk\/?product=vaegur-valencia-blaa","title":{"rendered":"V\u00e6gur Valencia bl\u00e5"},"content":{"rendered":"<p>Er du p\u00e5 udkig efter et smukt og stilfuldt v\u00e6gur til dit hjem? S\u00e5 er v\u00e6gur Valencia det perfekte valg for dig! Dette v\u00e6gur er lavet af mdf og metal i en flot bl\u00e5 farve, der passer til enhver indretning. V\u00e6gur Valencia har et elegant design med romertal og visere i guld, der giver det et klassisk og tidl\u00f8st udtryk. V\u00e6gur Valencia m\u00e5ler 120x40cm og er beregnet til indend\u00f8rs brug. Det leveres samlet, s\u00e5 du nemt kan h\u00e6nge det op p\u00e5 din v\u00e6g. V\u00e6gur Valencia er produceret af ForrestDecor, en f\u00f8rende fabrikant af kvalitetsure til hjemmet. Du f\u00e5r 12 m\u00e5neders garanti p\u00e5 dit k\u00f8b, s\u00e5 du kan v\u00e6re sikker p\u00e5 at f\u00e5 et holdbart og p\u00e5lideligt v\u00e6gur. Bestil dit v\u00e6gur Valencia i dag og nyd den sk\u00f8nne atmosf\u00e6re, det skaber i dit rum!<\/p>\n<p><\/p>\n<p>Leveringstid: Leveringstid 1 uge<br \/>\nMateriale: mdf,metal<br \/>\nFarve: bl\u00e5<br \/>\nDimensioner: 120x40cm<br \/>\nBeregnet til: Indend\u00f8rs brug<br \/>\nMontage: leveres samlet<br \/>\nFabrikant: ForrestDecor<br \/>\nGaranti: 12 m\u00e5neder<\/p>\n","protected":false},"excerpt":{"rendered":"<p>Er du p\u00e5 udkig efter et smukt og stilfuldt v\u00e6gur til dit hjem? S\u00e5 er v\u00e6gur Valencia det perfekte valg for dig! Dette v\u00e6gur er lavet af mdf og metal i en flot bl\u00e5 farve, der passer til enhver indretning. V\u00e6gur Valencia har et elegant design med romertal og visere i guld, der giver det [&hellip;]<\/p>\n","protected":false},"featured_media":9349,"comment_status":"open","ping_status":"closed","template":"","meta":[],"product_brand":[],"product_cat":[188],"product_tag":[],"class_list":{"0":"post-9351","1":"product","2":"type-product","3":"status-publish","4":"has-post-thumbnail","6":"product_cat-wall-clocks","8":"first","9":"instock","10":"shipping-taxable","11":"purchasable","12":"product-type-simple"},"yoast_head":"<!-- This site is optimized with the Yoast SEO plugin v24.8.1 - https:\/\/yoast.com\/wordpress\/plugins\/seo\/ -->\n<title>V\u00e6gur Valencia bl\u00e5 - LASTCHANCE Deals | Danmark<\/title>\n<meta name=\"robots\" content=\"index, follow, max-snippet:-1, max-image-preview:large, max-video-preview:-1\" \/>\n<link rel=\"canonical\" href=\"https:\/\/last-chance.dk\/?product=vaegur-valencia-blaa\" \/>\n<meta property=\"og:locale\" content=\"da_DK\" \/>\n<meta property=\"og:type\" content=\"article\" \/>\n<meta property=\"og:title\" content=\"V\u00e6gur Valencia bl\u00e5 - LASTCHANCE Deals | Danmark\" \/>\n<meta property=\"og:description\" content=\"Er du p\u00e5 udkig efter et smukt og stilfuldt v\u00e6gur til dit hjem? S\u00e5 er v\u00e6gur Valencia det perfekte valg for dig! Dette v\u00e6gur er lavet af mdf og metal i en flot bl\u00e5 farve, der passer til enhver indretning. V\u00e6gur Valencia har et elegant design med romertal og visere i guld, der giver det [&hellip;]\" \/>\n<meta property=\"og:url\" content=\"https:\/\/last-chance.dk\/?product=vaegur-valencia-blaa\" \/>\n<meta property=\"og:site_name\" content=\"LASTCHANCE Deals | Danmark\" \/>\n<meta property=\"article:modified_time\" content=\"2025-10-13T12:12:30+00:00\" \/>\n<meta property=\"og:image\" content=\"https:\/\/last-chance.dk\/wp-content\/uploads\/2023\/11\/r4-2.jpg\" \/>\n\t<meta property=\"og:image:width\" content=\"782\" \/>\n\t<meta property=\"og:image:height\" content=\"708\" \/>\n\t<meta property=\"og:image:type\" content=\"image\/jpeg\" \/>\n<meta name=\"twitter:card\" content=\"summary_large_image\" \/>\n<meta name=\"twitter:label1\" content=\"Estimeret l\u00e6setid\" \/>\n\t<meta name=\"twitter:data1\" content=\"1 minut\" \/>\n<script type=\"application\/ld+json\" class=\"yoast-schema-graph\">{\"@context\":\"https:\/\/schema.org\",\"@graph\":[{\"@type\":\"WebPage\",\"@id\":\"https:\/\/last-chance.dk\/?product=vaegur-valencia-blaa\",\"url\":\"https:\/\/last-chance.dk\/?product=vaegur-valencia-blaa\",\"name\":\"V\u00e6gur Valencia bl\u00e5 - LASTCHANCE Deals | Danmark\",\"isPartOf\":{\"@id\":\"https:\/\/last-chance.dk\/#website\"},\"primaryImageOfPage\":{\"@id\":\"https:\/\/last-chance.dk\/?product=vaegur-valencia-blaa#primaryimage\"},\"image\":{\"@id\":\"https:\/\/last-chance.dk\/?product=vaegur-valencia-blaa#primaryimage\"},\"thumbnailUrl\":\"https:\/\/last-chance.dk\/wp-content\/uploads\/2023\/11\/r4-2.jpg\",\"datePublished\":\"2023-11-27T09:43:36+00:00\",\"dateModified\":\"2025-10-13T12:12:30+00:00\",\"breadcrumb\":{\"@id\":\"https:\/\/last-chance.dk\/?product=vaegur-valencia-blaa#breadcrumb\"},\"inLanguage\":\"da-DK\",\"potentialAction\":[{\"@type\":\"ReadAction\",\"target\":[\"https:\/\/last-chance.dk\/?product=vaegur-valencia-blaa\"]}]},{\"@type\":\"ImageObject\",\"inLanguage\":\"da-DK\",\"@id\":\"https:\/\/last-chance.dk\/?product=vaegur-valencia-blaa#primaryimage\",\"url\":\"https:\/\/last-chance.dk\/wp-content\/uploads\/2023\/11\/r4-2.jpg\",\"contentUrl\":\"https:\/\/last-chance.dk\/wp-content\/uploads\/2023\/11\/r4-2.jpg\",\"width\":782,\"height\":708},{\"@type\":\"BreadcrumbList\",\"@id\":\"https:\/\/last-chance.dk\/?product=vaegur-valencia-blaa#breadcrumb\",\"itemListElement\":[{\"@type\":\"ListItem\",\"position\":1,\"name\":\"Home\",\"item\":\"https:\/\/last-chance.dk\/\"},{\"@type\":\"ListItem\",\"position\":2,\"name\":\"V\u00e6gur Valencia bl\u00e5\"}]},{\"@type\":\"WebSite\",\"@id\":\"https:\/\/last-chance.dk\/#website\",\"url\":\"https:\/\/last-chance.dk\/\",\"name\":\"LASTCHANCE Deals | Danmark\",\"description\":\"LASTCHANCE Deals | Danmark\",\"publisher\":{\"@id\":\"https:\/\/last-chance.dk\/#organization\"},\"potentialAction\":[{\"@type\":\"SearchAction\",\"target\":{\"@type\":\"EntryPoint\",\"urlTemplate\":\"https:\/\/last-chance.dk\/?s={search_term_string}\"},\"query-input\":{\"@type\":\"PropertyValueSpecification\",\"valueRequired\":true,\"valueName\":\"search_term_string\"}}],\"inLanguage\":\"da-DK\"},{\"@type\":\"Organization\",\"@id\":\"https:\/\/last-chance.dk\/#organization\",\"name\":\"LASTCHANCE Deals | Danmark\",\"url\":\"https:\/\/last-chance.dk\/\",\"logo\":{\"@type\":\"ImageObject\",\"inLanguage\":\"da-DK\",\"@id\":\"https:\/\/last-chance.dk\/#\/schema\/logo\/image\/\",\"url\":\"https:\/\/last-chance.dk\/wp-content\/uploads\/2023\/10\/lastchancedeals_logo_dk_white.png\",\"contentUrl\":\"https:\/\/last-chance.dk\/wp-content\/uploads\/2023\/10\/lastchancedeals_logo_dk_white.png\",\"width\":470,\"height\":110,\"caption\":\"LASTCHANCE Deals | Danmark\"},\"image\":{\"@id\":\"https:\/\/last-chance.dk\/#\/schema\/logo\/image\/\"}}]}<\/script>\n<!-- \/ Yoast SEO plugin. -->","yoast_head_json":{"title":"V\u00e6gur Valencia bl\u00e5 - LASTCHANCE Deals | Danmark","robots":{"index":"index","follow":"follow","max-snippet":"max-snippet:-1","max-image-preview":"max-image-preview:large","max-video-preview":"max-video-preview:-1"},"canonical":"https:\/\/last-chance.dk\/?product=vaegur-valencia-blaa","og_locale":"da_DK","og_type":"article","og_title":"V\u00e6gur Valencia bl\u00e5 - LASTCHANCE Deals | Danmark","og_description":"Er du p\u00e5 udkig efter et smukt og stilfuldt v\u00e6gur til dit hjem? S\u00e5 er v\u00e6gur Valencia det perfekte valg for dig! Dette v\u00e6gur er lavet af mdf og metal i en flot bl\u00e5 farve, der passer til enhver indretning. V\u00e6gur Valencia har et elegant design med romertal og visere i guld, der giver det [&hellip;]","og_url":"https:\/\/last-chance.dk\/?product=vaegur-valencia-blaa","og_site_name":"LASTCHANCE Deals | Danmark","article_modified_time":"2025-10-13T12:12:30+00:00","og_image":[{"width":782,"height":708,"url":"https:\/\/last-chance.dk\/wp-content\/uploads\/2023\/11\/r4-2.jpg","type":"image\/jpeg"}],"twitter_card":"summary_large_image","twitter_misc":{"Estimeret l\u00e6setid":"1 minut"},"schema":{"@context":"https:\/\/schema.org","@graph":[{"@type":"WebPage","@id":"https:\/\/last-chance.dk\/?product=vaegur-valencia-blaa","url":"https:\/\/last-chance.dk\/?product=vaegur-valencia-blaa","name":"V\u00e6gur Valencia bl\u00e5 - LASTCHANCE Deals | Danmark","isPartOf":{"@id":"https:\/\/last-chance.dk\/#website"},"primaryImageOfPage":{"@id":"https:\/\/last-chance.dk\/?product=vaegur-valencia-blaa#primaryimage"},"image":{"@id":"https:\/\/last-chance.dk\/?product=vaegur-valencia-blaa#primaryimage"},"thumbnailUrl":"https:\/\/last-chance.dk\/wp-content\/uploads\/2023\/11\/r4-2.jpg","datePublished":"2023-11-27T09:43:36+00:00","dateModified":"2025-10-13T12:12:30+00:00","breadcrumb":{"@id":"https:\/\/last-chance.dk\/?product=vaegur-valencia-blaa#breadcrumb"},"inLanguage":"da-DK","potentialAction":[{"@type":"ReadAction","target":["https:\/\/last-chance.dk\/?product=vaegur-valencia-blaa"]}]},{"@type":"ImageObject","inLanguage":"da-DK","@id":"https:\/\/last-chance.dk\/?product=vaegur-valencia-blaa#primaryimage","url":"https:\/\/last-chance.dk\/wp-content\/uploads\/2023\/11\/r4-2.jpg","contentUrl":"https:\/\/last-chance.dk\/wp-content\/uploads\/2023\/11\/r4-2.jpg","width":782,"height":708},{"@type":"BreadcrumbList","@id":"https:\/\/last-chance.dk\/?product=vaegur-valencia-blaa#breadcrumb","itemListElement":[{"@type":"ListItem","position":1,"name":"Home","item":"https:\/\/last-chance.dk\/"},{"@type":"ListItem","position":2,"name":"V\u00e6gur Valencia bl\u00e5"}]},{"@type":"WebSite","@id":"https:\/\/last-chance.dk\/#website","url":"https:\/\/last-chance.dk\/","name":"LASTCHANCE Deals | Danmark","description":"LASTCHANCE Deals | Danmark","publisher":{"@id":"https:\/\/last-chance.dk\/#organization"},"potentialAction":[{"@type":"SearchAction","target":{"@type":"EntryPoint","urlTemplate":"https:\/\/last-chance.dk\/?s={search_term_string}"},"query-input":{"@type":"PropertyValueSpecification","valueRequired":true,"valueName":"search_term_string"}}],"inLanguage":"da-DK"},{"@type":"Organization","@id":"https:\/\/last-chance.dk\/#organization","name":"LASTCHANCE Deals | Danmark","url":"https:\/\/last-chance.dk\/","logo":{"@type":"ImageObject","inLanguage":"da-DK","@id":"https:\/\/last-chance.dk\/#\/schema\/logo\/image\/","url":"https:\/\/last-chance.dk\/wp-content\/uploads\/2023\/10\/lastchancedeals_logo_dk_white.png","contentUrl":"https:\/\/last-chance.dk\/wp-content\/uploads\/2023\/10\/lastchancedeals_logo_dk_white.png","width":470,"height":110,"caption":"LASTCHANCE Deals | Danmark"},"image":{"@id":"https:\/\/last-chance.dk\/#\/schema\/logo\/image\/"}}]}},"_links":{"self":[{"href":"https:\/\/last-chance.dk\/index.php?rest_route=\/wp\/v2\/product\/9351","targetHints":{"allow":["GET"]}}],"collection":[{"href":"https:\/\/last-chance.dk\/index.php?rest_route=\/wp\/v2\/product"}],"about":[{"href":"https:\/\/last-chance.dk\/index.php?rest_route=\/wp\/v2\/types\/product"}],"replies":[{"embeddable":true,"href":"https:\/\/last-chance.dk\/index.php?rest_route=%2Fwp%2Fv2%2Fcomments&post=9351"}],"wp:featuredmedia":[{"embeddable":true,"href":"https:\/\/last-chance.dk\/index.php?rest_route=\/wp\/v2\/media\/9349"}],"wp:attachment":[{"href":"https:\/\/last-chance.dk\/index.php?rest_route=%2Fwp%2Fv2%2Fmedia&parent=9351"}],"wp:term":[{"taxonomy":"product_brand","embeddable":true,"href":"https:\/\/last-chance.dk\/index.php?rest_route=%2Fwp%2Fv2%2Fproduct_brand&post=9351"},{"taxonomy":"product_cat","embeddable":true,"href":"https:\/\/last-chance.dk\/index.php?rest_route=%2Fwp%2Fv2%2Fproduct_cat&post=9351"},{"taxonomy":"product_tag","embeddable":true,"href":"https:\/\/last-chance.dk\/index.php?rest_route=%2Fwp%2Fv2%2Fproduct_tag&post=9351"}],"curies":[{"name":"wp","href":"https:\/\/api.w.org\/{rel}","templated":true}]}}