{"id":9401,"date":"2023-12-14T17:29:34","date_gmt":"2023-12-14T17:29:34","guid":{"rendered":"https:\/\/www.lastchance.deals\/dk\/produkt\/aegte-silke-herre-slips-marius-sort-nestor\/"},"modified":"2025-09-19T17:13:08","modified_gmt":"2025-09-19T17:13:08","slug":"aegte-silke-herre-slips-marius-sort-nestor","status":"publish","type":"product","link":"https:\/\/last-chance.dk\/?product=aegte-silke-herre-slips-marius-sort-nestor","title":{"rendered":"\u00c6gte Silke Herre Slips Marius, Sort Nestor"},"content":{"rendered":"<p>Rigtig Silke Herre Slips Marius, Sort Nestor<\/p>\n<p><\/p>\n<p>Dette Marius herre slips, sort Nestor, er et ideelt valg for dem, der \u00f8nsker at udstr\u00e5le en f\u00f8lelse af stil og elegance. Fremstillet af 100% \u00e6gte silke, er det ikke kun luksuri\u00f8st at se p\u00e5, men ogs\u00e5 behageligt at r\u00f8re ved. Den endelige finish i sort farve tilf\u00f8jer dette slips en tidl\u00f8s appel, der er perfekt til b\u00e5de formelle og afslappet lejligheder.<\/p>\n<p><\/p>\n<p>Slipsets standardst\u00f8rrelse g\u00f8r det enkelt og nemt at binde, og sikrer, at det passer til de fleste m\u00e6nd. Bem\u00e6rk venligst, at leveringstiden for dette produkt er 1-7 dage, afh\u00e6ngigt af din placering.<\/p>\n<p><\/p>\n<p>Materiale: 100% \u00e6gte silke<\/p>\n<p><\/p>\n<p>Farve: Sort<\/p>\n<p><\/p>\n<p>St\u00f8rrelse: standard<\/p>\n<p><\/p>\n<p>Leveringstid: 1-7 dage<\/p>\n","protected":false},"excerpt":{"rendered":"<p>Rigtig Silke Herre Slips Marius, Sort Nestor Dette Marius herre slips, sort Nestor, er et ideelt valg for dem, der \u00f8nsker at udstr\u00e5le en f\u00f8lelse af stil og elegance. Fremstillet af 100% \u00e6gte silke, er det ikke kun luksuri\u00f8st at se p\u00e5, men ogs\u00e5 behageligt at r\u00f8re ved. Den endelige finish i sort farve tilf\u00f8jer [&hellip;]<\/p>\n","protected":false},"featured_media":9396,"comment_status":"open","ping_status":"closed","template":"","meta":[],"product_brand":[],"product_cat":[233],"product_tag":[],"class_list":{"0":"post-9401","1":"product","2":"type-product","3":"status-publish","4":"has-post-thumbnail","6":"product_cat-men-ties","8":"first","9":"instock","10":"shipping-taxable","11":"purchasable","12":"product-type-simple"},"yoast_head":"<!-- This site is optimized with the Yoast SEO plugin v24.8.1 - https:\/\/yoast.com\/wordpress\/plugins\/seo\/ -->\n<title>\u00c6gte Silke Herre Slips Marius, Sort Nestor - LASTCHANCE Deals | Danmark<\/title>\n<meta name=\"robots\" content=\"index, follow, max-snippet:-1, max-image-preview:large, max-video-preview:-1\" \/>\n<link rel=\"canonical\" href=\"https:\/\/last-chance.dk\/?product=aegte-silke-herre-slips-marius-sort-nestor\" \/>\n<meta property=\"og:locale\" content=\"da_DK\" \/>\n<meta property=\"og:type\" content=\"article\" \/>\n<meta property=\"og:title\" content=\"\u00c6gte Silke Herre Slips Marius, Sort Nestor - LASTCHANCE Deals | Danmark\" \/>\n<meta property=\"og:description\" content=\"Rigtig Silke Herre Slips Marius, Sort Nestor Dette Marius herre slips, sort Nestor, er et ideelt valg for dem, der \u00f8nsker at udstr\u00e5le en f\u00f8lelse af stil og elegance. Fremstillet af 100% \u00e6gte silke, er det ikke kun luksuri\u00f8st at se p\u00e5, men ogs\u00e5 behageligt at r\u00f8re ved. Den endelige finish i sort farve tilf\u00f8jer [&hellip;]\" \/>\n<meta property=\"og:url\" content=\"https:\/\/last-chance.dk\/?product=aegte-silke-herre-slips-marius-sort-nestor\" \/>\n<meta property=\"og:site_name\" content=\"LASTCHANCE Deals | Danmark\" \/>\n<meta property=\"article:modified_time\" content=\"2025-09-19T17:13:08+00:00\" \/>\n<meta property=\"og:image\" content=\"https:\/\/last-chance.dk\/wp-content\/uploads\/2023\/12\/1-1.jpg\" \/>\n\t<meta property=\"og:image:width\" content=\"1920\" \/>\n\t<meta property=\"og:image:height\" content=\"1665\" \/>\n\t<meta property=\"og:image:type\" content=\"image\/jpeg\" \/>\n<meta name=\"twitter:card\" content=\"summary_large_image\" \/>\n<meta name=\"twitter:label1\" content=\"Estimeret l\u00e6setid\" \/>\n\t<meta name=\"twitter:data1\" content=\"1 minut\" \/>\n<script type=\"application\/ld+json\" class=\"yoast-schema-graph\">{\"@context\":\"https:\/\/schema.org\",\"@graph\":[{\"@type\":\"WebPage\",\"@id\":\"https:\/\/last-chance.dk\/?product=aegte-silke-herre-slips-marius-sort-nestor\",\"url\":\"https:\/\/last-chance.dk\/?product=aegte-silke-herre-slips-marius-sort-nestor\",\"name\":\"\u00c6gte Silke Herre Slips Marius, Sort Nestor - LASTCHANCE Deals | Danmark\",\"isPartOf\":{\"@id\":\"https:\/\/last-chance.dk\/#website\"},\"primaryImageOfPage\":{\"@id\":\"https:\/\/last-chance.dk\/?product=aegte-silke-herre-slips-marius-sort-nestor#primaryimage\"},\"image\":{\"@id\":\"https:\/\/last-chance.dk\/?product=aegte-silke-herre-slips-marius-sort-nestor#primaryimage\"},\"thumbnailUrl\":\"https:\/\/last-chance.dk\/wp-content\/uploads\/2023\/12\/1-1.jpg\",\"datePublished\":\"2023-12-14T17:29:34+00:00\",\"dateModified\":\"2025-09-19T17:13:08+00:00\",\"breadcrumb\":{\"@id\":\"https:\/\/last-chance.dk\/?product=aegte-silke-herre-slips-marius-sort-nestor#breadcrumb\"},\"inLanguage\":\"da-DK\",\"potentialAction\":[{\"@type\":\"ReadAction\",\"target\":[\"https:\/\/last-chance.dk\/?product=aegte-silke-herre-slips-marius-sort-nestor\"]}]},{\"@type\":\"ImageObject\",\"inLanguage\":\"da-DK\",\"@id\":\"https:\/\/last-chance.dk\/?product=aegte-silke-herre-slips-marius-sort-nestor#primaryimage\",\"url\":\"https:\/\/last-chance.dk\/wp-content\/uploads\/2023\/12\/1-1.jpg\",\"contentUrl\":\"https:\/\/last-chance.dk\/wp-content\/uploads\/2023\/12\/1-1.jpg\",\"width\":1920,\"height\":1665},{\"@type\":\"BreadcrumbList\",\"@id\":\"https:\/\/last-chance.dk\/?product=aegte-silke-herre-slips-marius-sort-nestor#breadcrumb\",\"itemListElement\":[{\"@type\":\"ListItem\",\"position\":1,\"name\":\"Home\",\"item\":\"https:\/\/last-chance.dk\/\"},{\"@type\":\"ListItem\",\"position\":2,\"name\":\"\u00c6gte Silke Herre Slips Marius, Sort Nestor\"}]},{\"@type\":\"WebSite\",\"@id\":\"https:\/\/last-chance.dk\/#website\",\"url\":\"https:\/\/last-chance.dk\/\",\"name\":\"LASTCHANCE Deals | Danmark\",\"description\":\"LASTCHANCE Deals | Danmark\",\"publisher\":{\"@id\":\"https:\/\/last-chance.dk\/#organization\"},\"potentialAction\":[{\"@type\":\"SearchAction\",\"target\":{\"@type\":\"EntryPoint\",\"urlTemplate\":\"https:\/\/last-chance.dk\/?s={search_term_string}\"},\"query-input\":{\"@type\":\"PropertyValueSpecification\",\"valueRequired\":true,\"valueName\":\"search_term_string\"}}],\"inLanguage\":\"da-DK\"},{\"@type\":\"Organization\",\"@id\":\"https:\/\/last-chance.dk\/#organization\",\"name\":\"LASTCHANCE Deals | Danmark\",\"url\":\"https:\/\/last-chance.dk\/\",\"logo\":{\"@type\":\"ImageObject\",\"inLanguage\":\"da-DK\",\"@id\":\"https:\/\/last-chance.dk\/#\/schema\/logo\/image\/\",\"url\":\"https:\/\/last-chance.dk\/wp-content\/uploads\/2023\/10\/lastchancedeals_logo_dk_white.png\",\"contentUrl\":\"https:\/\/last-chance.dk\/wp-content\/uploads\/2023\/10\/lastchancedeals_logo_dk_white.png\",\"width\":470,\"height\":110,\"caption\":\"LASTCHANCE Deals | Danmark\"},\"image\":{\"@id\":\"https:\/\/last-chance.dk\/#\/schema\/logo\/image\/\"}}]}<\/script>\n<!-- \/ Yoast SEO plugin. -->","yoast_head_json":{"title":"\u00c6gte Silke Herre Slips Marius, Sort Nestor - LASTCHANCE Deals | Danmark","robots":{"index":"index","follow":"follow","max-snippet":"max-snippet:-1","max-image-preview":"max-image-preview:large","max-video-preview":"max-video-preview:-1"},"canonical":"https:\/\/last-chance.dk\/?product=aegte-silke-herre-slips-marius-sort-nestor","og_locale":"da_DK","og_type":"article","og_title":"\u00c6gte Silke Herre Slips Marius, Sort Nestor - LASTCHANCE Deals | Danmark","og_description":"Rigtig Silke Herre Slips Marius, Sort Nestor Dette Marius herre slips, sort Nestor, er et ideelt valg for dem, der \u00f8nsker at udstr\u00e5le en f\u00f8lelse af stil og elegance. Fremstillet af 100% \u00e6gte silke, er det ikke kun luksuri\u00f8st at se p\u00e5, men ogs\u00e5 behageligt at r\u00f8re ved. Den endelige finish i sort farve tilf\u00f8jer [&hellip;]","og_url":"https:\/\/last-chance.dk\/?product=aegte-silke-herre-slips-marius-sort-nestor","og_site_name":"LASTCHANCE Deals | Danmark","article_modified_time":"2025-09-19T17:13:08+00:00","og_image":[{"width":1920,"height":1665,"url":"https:\/\/last-chance.dk\/wp-content\/uploads\/2023\/12\/1-1.jpg","type":"image\/jpeg"}],"twitter_card":"summary_large_image","twitter_misc":{"Estimeret l\u00e6setid":"1 minut"},"schema":{"@context":"https:\/\/schema.org","@graph":[{"@type":"WebPage","@id":"https:\/\/last-chance.dk\/?product=aegte-silke-herre-slips-marius-sort-nestor","url":"https:\/\/last-chance.dk\/?product=aegte-silke-herre-slips-marius-sort-nestor","name":"\u00c6gte Silke Herre Slips Marius, Sort Nestor - LASTCHANCE Deals | Danmark","isPartOf":{"@id":"https:\/\/last-chance.dk\/#website"},"primaryImageOfPage":{"@id":"https:\/\/last-chance.dk\/?product=aegte-silke-herre-slips-marius-sort-nestor#primaryimage"},"image":{"@id":"https:\/\/last-chance.dk\/?product=aegte-silke-herre-slips-marius-sort-nestor#primaryimage"},"thumbnailUrl":"https:\/\/last-chance.dk\/wp-content\/uploads\/2023\/12\/1-1.jpg","datePublished":"2023-12-14T17:29:34+00:00","dateModified":"2025-09-19T17:13:08+00:00","breadcrumb":{"@id":"https:\/\/last-chance.dk\/?product=aegte-silke-herre-slips-marius-sort-nestor#breadcrumb"},"inLanguage":"da-DK","potentialAction":[{"@type":"ReadAction","target":["https:\/\/last-chance.dk\/?product=aegte-silke-herre-slips-marius-sort-nestor"]}]},{"@type":"ImageObject","inLanguage":"da-DK","@id":"https:\/\/last-chance.dk\/?product=aegte-silke-herre-slips-marius-sort-nestor#primaryimage","url":"https:\/\/last-chance.dk\/wp-content\/uploads\/2023\/12\/1-1.jpg","contentUrl":"https:\/\/last-chance.dk\/wp-content\/uploads\/2023\/12\/1-1.jpg","width":1920,"height":1665},{"@type":"BreadcrumbList","@id":"https:\/\/last-chance.dk\/?product=aegte-silke-herre-slips-marius-sort-nestor#breadcrumb","itemListElement":[{"@type":"ListItem","position":1,"name":"Home","item":"https:\/\/last-chance.dk\/"},{"@type":"ListItem","position":2,"name":"\u00c6gte Silke Herre Slips Marius, Sort Nestor"}]},{"@type":"WebSite","@id":"https:\/\/last-chance.dk\/#website","url":"https:\/\/last-chance.dk\/","name":"LASTCHANCE Deals | Danmark","description":"LASTCHANCE Deals | Danmark","publisher":{"@id":"https:\/\/last-chance.dk\/#organization"},"potentialAction":[{"@type":"SearchAction","target":{"@type":"EntryPoint","urlTemplate":"https:\/\/last-chance.dk\/?s={search_term_string}"},"query-input":{"@type":"PropertyValueSpecification","valueRequired":true,"valueName":"search_term_string"}}],"inLanguage":"da-DK"},{"@type":"Organization","@id":"https:\/\/last-chance.dk\/#organization","name":"LASTCHANCE Deals | Danmark","url":"https:\/\/last-chance.dk\/","logo":{"@type":"ImageObject","inLanguage":"da-DK","@id":"https:\/\/last-chance.dk\/#\/schema\/logo\/image\/","url":"https:\/\/last-chance.dk\/wp-content\/uploads\/2023\/10\/lastchancedeals_logo_dk_white.png","contentUrl":"https:\/\/last-chance.dk\/wp-content\/uploads\/2023\/10\/lastchancedeals_logo_dk_white.png","width":470,"height":110,"caption":"LASTCHANCE Deals | Danmark"},"image":{"@id":"https:\/\/last-chance.dk\/#\/schema\/logo\/image\/"}}]}},"_links":{"self":[{"href":"https:\/\/last-chance.dk\/index.php?rest_route=\/wp\/v2\/product\/9401","targetHints":{"allow":["GET"]}}],"collection":[{"href":"https:\/\/last-chance.dk\/index.php?rest_route=\/wp\/v2\/product"}],"about":[{"href":"https:\/\/last-chance.dk\/index.php?rest_route=\/wp\/v2\/types\/product"}],"replies":[{"embeddable":true,"href":"https:\/\/last-chance.dk\/index.php?rest_route=%2Fwp%2Fv2%2Fcomments&post=9401"}],"wp:featuredmedia":[{"embeddable":true,"href":"https:\/\/last-chance.dk\/index.php?rest_route=\/wp\/v2\/media\/9396"}],"wp:attachment":[{"href":"https:\/\/last-chance.dk\/index.php?rest_route=%2Fwp%2Fv2%2Fmedia&parent=9401"}],"wp:term":[{"taxonomy":"product_brand","embeddable":true,"href":"https:\/\/last-chance.dk\/index.php?rest_route=%2Fwp%2Fv2%2Fproduct_brand&post=9401"},{"taxonomy":"product_cat","embeddable":true,"href":"https:\/\/last-chance.dk\/index.php?rest_route=%2Fwp%2Fv2%2Fproduct_cat&post=9401"},{"taxonomy":"product_tag","embeddable":true,"href":"https:\/\/last-chance.dk\/index.php?rest_route=%2Fwp%2Fv2%2Fproduct_tag&post=9401"}],"curies":[{"name":"wp","href":"https:\/\/api.w.org\/{rel}","templated":true}]}}