{"id":9413,"date":"2023-12-14T17:31:43","date_gmt":"2023-12-14T17:31:43","guid":{"rendered":"https:\/\/www.lastchance.deals\/dk\/produkt\/aegte-silke-maends-slips-marius-blaa-harmoni\/"},"modified":"2025-09-19T17:13:29","modified_gmt":"2025-09-19T17:13:29","slug":"aegte-silke-maends-slips-marius-blaa-harmoni","status":"publish","type":"product","link":"https:\/\/last-chance.dk\/?product=aegte-silke-maends-slips-marius-blaa-harmoni","title":{"rendered":"\u00c6gte Silke M\u00e6nds Slips Marius, Bl\u00e5 Harmoni"},"content":{"rendered":"<p> \u00c6gte Silke Herre Slip Marius, Bl\u00e5 Harmoni<\/p>\n<p><\/p>\n<p>Skab en sofistikeret og stilsikker look med vores \u00c6gte Silke Herre Slip Marius i farven Bl\u00e5 Harmoni. Dette slip er lavet af 100% \u00e6gte silke, hvilket g\u00f8r det til et luksuri\u00f8st valg for enhver lejlighed.<\/p>\n<p><\/p>\n<p>Farven, Bl\u00e5 Harmoni, er en dyb, rig bl\u00e5, der tilf\u00f8jer et strejf af farve, mens det stadig holder sig inden for en klassisk palet. Dette g\u00f8r den ideel til b\u00e5de hverdagsbrug og formelle lejligheder.<\/p>\n<p><\/p>\n<p>St\u00f8rrelsen er standard, hvilket g\u00f8r den velegnet til de fleste m\u00e6nd. Denne slip er et godt valg for den moderne mand, der v\u00e6rds\u00e6tter kvalitet og stil.<\/p>\n<p><\/p>\n<p>Leveringstid: 1-7 dage. <\/p>\n<p><\/p>\n<p> Produkt specifikationer:<\/p>\n","protected":false},"excerpt":{"rendered":"<p>\u00c6gte Silke Herre Slip Marius, Bl\u00e5 Harmoni Skab en sofistikeret og stilsikker look med vores \u00c6gte Silke Herre Slip Marius i farven Bl\u00e5 Harmoni. Dette slip er lavet af 100% \u00e6gte silke, hvilket g\u00f8r det til et luksuri\u00f8st valg for enhver lejlighed. Farven, Bl\u00e5 Harmoni, er en dyb, rig bl\u00e5, der tilf\u00f8jer et strejf af [&hellip;]<\/p>\n","protected":false},"featured_media":9408,"comment_status":"open","ping_status":"closed","template":"","meta":[],"product_brand":[],"product_cat":[233],"product_tag":[],"class_list":{"0":"post-9413","1":"product","2":"type-product","3":"status-publish","4":"has-post-thumbnail","6":"product_cat-men-ties","8":"first","9":"instock","10":"shipping-taxable","11":"purchasable","12":"product-type-simple"},"yoast_head":"<!-- This site is optimized with the Yoast SEO plugin v24.8.1 - https:\/\/yoast.com\/wordpress\/plugins\/seo\/ -->\n<title>\u00c6gte Silke M\u00e6nds Slips Marius, Bl\u00e5 Harmoni - LASTCHANCE Deals | Danmark<\/title>\n<meta name=\"robots\" content=\"index, follow, max-snippet:-1, max-image-preview:large, max-video-preview:-1\" \/>\n<link rel=\"canonical\" href=\"https:\/\/last-chance.dk\/?product=aegte-silke-maends-slips-marius-blaa-harmoni\" \/>\n<meta property=\"og:locale\" content=\"da_DK\" \/>\n<meta property=\"og:type\" content=\"article\" \/>\n<meta property=\"og:title\" content=\"\u00c6gte Silke M\u00e6nds Slips Marius, Bl\u00e5 Harmoni - LASTCHANCE Deals | Danmark\" \/>\n<meta property=\"og:description\" content=\"\u00c6gte Silke Herre Slip Marius, Bl\u00e5 Harmoni Skab en sofistikeret og stilsikker look med vores \u00c6gte Silke Herre Slip Marius i farven Bl\u00e5 Harmoni. Dette slip er lavet af 100% \u00e6gte silke, hvilket g\u00f8r det til et luksuri\u00f8st valg for enhver lejlighed. Farven, Bl\u00e5 Harmoni, er en dyb, rig bl\u00e5, der tilf\u00f8jer et strejf af [&hellip;]\" \/>\n<meta property=\"og:url\" content=\"https:\/\/last-chance.dk\/?product=aegte-silke-maends-slips-marius-blaa-harmoni\" \/>\n<meta property=\"og:site_name\" content=\"LASTCHANCE Deals | Danmark\" \/>\n<meta property=\"article:modified_time\" content=\"2025-09-19T17:13:29+00:00\" \/>\n<meta property=\"og:image\" content=\"https:\/\/last-chance.dk\/wp-content\/uploads\/2023\/12\/1-3.jpg\" \/>\n\t<meta property=\"og:image:width\" content=\"1920\" \/>\n\t<meta property=\"og:image:height\" content=\"1665\" \/>\n\t<meta property=\"og:image:type\" content=\"image\/jpeg\" \/>\n<meta name=\"twitter:card\" content=\"summary_large_image\" \/>\n<meta name=\"twitter:label1\" content=\"Estimeret l\u00e6setid\" \/>\n\t<meta name=\"twitter:data1\" content=\"1 minut\" \/>\n<script type=\"application\/ld+json\" class=\"yoast-schema-graph\">{\"@context\":\"https:\/\/schema.org\",\"@graph\":[{\"@type\":\"WebPage\",\"@id\":\"https:\/\/last-chance.dk\/?product=aegte-silke-maends-slips-marius-blaa-harmoni\",\"url\":\"https:\/\/last-chance.dk\/?product=aegte-silke-maends-slips-marius-blaa-harmoni\",\"name\":\"\u00c6gte Silke M\u00e6nds Slips Marius, Bl\u00e5 Harmoni - LASTCHANCE Deals | Danmark\",\"isPartOf\":{\"@id\":\"https:\/\/last-chance.dk\/#website\"},\"primaryImageOfPage\":{\"@id\":\"https:\/\/last-chance.dk\/?product=aegte-silke-maends-slips-marius-blaa-harmoni#primaryimage\"},\"image\":{\"@id\":\"https:\/\/last-chance.dk\/?product=aegte-silke-maends-slips-marius-blaa-harmoni#primaryimage\"},\"thumbnailUrl\":\"https:\/\/last-chance.dk\/wp-content\/uploads\/2023\/12\/1-3.jpg\",\"datePublished\":\"2023-12-14T17:31:43+00:00\",\"dateModified\":\"2025-09-19T17:13:29+00:00\",\"breadcrumb\":{\"@id\":\"https:\/\/last-chance.dk\/?product=aegte-silke-maends-slips-marius-blaa-harmoni#breadcrumb\"},\"inLanguage\":\"da-DK\",\"potentialAction\":[{\"@type\":\"ReadAction\",\"target\":[\"https:\/\/last-chance.dk\/?product=aegte-silke-maends-slips-marius-blaa-harmoni\"]}]},{\"@type\":\"ImageObject\",\"inLanguage\":\"da-DK\",\"@id\":\"https:\/\/last-chance.dk\/?product=aegte-silke-maends-slips-marius-blaa-harmoni#primaryimage\",\"url\":\"https:\/\/last-chance.dk\/wp-content\/uploads\/2023\/12\/1-3.jpg\",\"contentUrl\":\"https:\/\/last-chance.dk\/wp-content\/uploads\/2023\/12\/1-3.jpg\",\"width\":1920,\"height\":1665},{\"@type\":\"BreadcrumbList\",\"@id\":\"https:\/\/last-chance.dk\/?product=aegte-silke-maends-slips-marius-blaa-harmoni#breadcrumb\",\"itemListElement\":[{\"@type\":\"ListItem\",\"position\":1,\"name\":\"Home\",\"item\":\"https:\/\/last-chance.dk\/\"},{\"@type\":\"ListItem\",\"position\":2,\"name\":\"\u00c6gte Silke M\u00e6nds Slips Marius, Bl\u00e5 Harmoni\"}]},{\"@type\":\"WebSite\",\"@id\":\"https:\/\/last-chance.dk\/#website\",\"url\":\"https:\/\/last-chance.dk\/\",\"name\":\"LASTCHANCE Deals | Danmark\",\"description\":\"LASTCHANCE Deals | Danmark\",\"publisher\":{\"@id\":\"https:\/\/last-chance.dk\/#organization\"},\"potentialAction\":[{\"@type\":\"SearchAction\",\"target\":{\"@type\":\"EntryPoint\",\"urlTemplate\":\"https:\/\/last-chance.dk\/?s={search_term_string}\"},\"query-input\":{\"@type\":\"PropertyValueSpecification\",\"valueRequired\":true,\"valueName\":\"search_term_string\"}}],\"inLanguage\":\"da-DK\"},{\"@type\":\"Organization\",\"@id\":\"https:\/\/last-chance.dk\/#organization\",\"name\":\"LASTCHANCE Deals | Danmark\",\"url\":\"https:\/\/last-chance.dk\/\",\"logo\":{\"@type\":\"ImageObject\",\"inLanguage\":\"da-DK\",\"@id\":\"https:\/\/last-chance.dk\/#\/schema\/logo\/image\/\",\"url\":\"https:\/\/last-chance.dk\/wp-content\/uploads\/2023\/10\/lastchancedeals_logo_dk_white.png\",\"contentUrl\":\"https:\/\/last-chance.dk\/wp-content\/uploads\/2023\/10\/lastchancedeals_logo_dk_white.png\",\"width\":470,\"height\":110,\"caption\":\"LASTCHANCE Deals | Danmark\"},\"image\":{\"@id\":\"https:\/\/last-chance.dk\/#\/schema\/logo\/image\/\"}}]}<\/script>\n<!-- \/ Yoast SEO plugin. -->","yoast_head_json":{"title":"\u00c6gte Silke M\u00e6nds Slips Marius, Bl\u00e5 Harmoni - LASTCHANCE Deals | Danmark","robots":{"index":"index","follow":"follow","max-snippet":"max-snippet:-1","max-image-preview":"max-image-preview:large","max-video-preview":"max-video-preview:-1"},"canonical":"https:\/\/last-chance.dk\/?product=aegte-silke-maends-slips-marius-blaa-harmoni","og_locale":"da_DK","og_type":"article","og_title":"\u00c6gte Silke M\u00e6nds Slips Marius, Bl\u00e5 Harmoni - LASTCHANCE Deals | Danmark","og_description":"\u00c6gte Silke Herre Slip Marius, Bl\u00e5 Harmoni Skab en sofistikeret og stilsikker look med vores \u00c6gte Silke Herre Slip Marius i farven Bl\u00e5 Harmoni. Dette slip er lavet af 100% \u00e6gte silke, hvilket g\u00f8r det til et luksuri\u00f8st valg for enhver lejlighed. Farven, Bl\u00e5 Harmoni, er en dyb, rig bl\u00e5, der tilf\u00f8jer et strejf af [&hellip;]","og_url":"https:\/\/last-chance.dk\/?product=aegte-silke-maends-slips-marius-blaa-harmoni","og_site_name":"LASTCHANCE Deals | Danmark","article_modified_time":"2025-09-19T17:13:29+00:00","og_image":[{"width":1920,"height":1665,"url":"https:\/\/last-chance.dk\/wp-content\/uploads\/2023\/12\/1-3.jpg","type":"image\/jpeg"}],"twitter_card":"summary_large_image","twitter_misc":{"Estimeret l\u00e6setid":"1 minut"},"schema":{"@context":"https:\/\/schema.org","@graph":[{"@type":"WebPage","@id":"https:\/\/last-chance.dk\/?product=aegte-silke-maends-slips-marius-blaa-harmoni","url":"https:\/\/last-chance.dk\/?product=aegte-silke-maends-slips-marius-blaa-harmoni","name":"\u00c6gte Silke M\u00e6nds Slips Marius, Bl\u00e5 Harmoni - LASTCHANCE Deals | Danmark","isPartOf":{"@id":"https:\/\/last-chance.dk\/#website"},"primaryImageOfPage":{"@id":"https:\/\/last-chance.dk\/?product=aegte-silke-maends-slips-marius-blaa-harmoni#primaryimage"},"image":{"@id":"https:\/\/last-chance.dk\/?product=aegte-silke-maends-slips-marius-blaa-harmoni#primaryimage"},"thumbnailUrl":"https:\/\/last-chance.dk\/wp-content\/uploads\/2023\/12\/1-3.jpg","datePublished":"2023-12-14T17:31:43+00:00","dateModified":"2025-09-19T17:13:29+00:00","breadcrumb":{"@id":"https:\/\/last-chance.dk\/?product=aegte-silke-maends-slips-marius-blaa-harmoni#breadcrumb"},"inLanguage":"da-DK","potentialAction":[{"@type":"ReadAction","target":["https:\/\/last-chance.dk\/?product=aegte-silke-maends-slips-marius-blaa-harmoni"]}]},{"@type":"ImageObject","inLanguage":"da-DK","@id":"https:\/\/last-chance.dk\/?product=aegte-silke-maends-slips-marius-blaa-harmoni#primaryimage","url":"https:\/\/last-chance.dk\/wp-content\/uploads\/2023\/12\/1-3.jpg","contentUrl":"https:\/\/last-chance.dk\/wp-content\/uploads\/2023\/12\/1-3.jpg","width":1920,"height":1665},{"@type":"BreadcrumbList","@id":"https:\/\/last-chance.dk\/?product=aegte-silke-maends-slips-marius-blaa-harmoni#breadcrumb","itemListElement":[{"@type":"ListItem","position":1,"name":"Home","item":"https:\/\/last-chance.dk\/"},{"@type":"ListItem","position":2,"name":"\u00c6gte Silke M\u00e6nds Slips Marius, Bl\u00e5 Harmoni"}]},{"@type":"WebSite","@id":"https:\/\/last-chance.dk\/#website","url":"https:\/\/last-chance.dk\/","name":"LASTCHANCE Deals | Danmark","description":"LASTCHANCE Deals | Danmark","publisher":{"@id":"https:\/\/last-chance.dk\/#organization"},"potentialAction":[{"@type":"SearchAction","target":{"@type":"EntryPoint","urlTemplate":"https:\/\/last-chance.dk\/?s={search_term_string}"},"query-input":{"@type":"PropertyValueSpecification","valueRequired":true,"valueName":"search_term_string"}}],"inLanguage":"da-DK"},{"@type":"Organization","@id":"https:\/\/last-chance.dk\/#organization","name":"LASTCHANCE Deals | Danmark","url":"https:\/\/last-chance.dk\/","logo":{"@type":"ImageObject","inLanguage":"da-DK","@id":"https:\/\/last-chance.dk\/#\/schema\/logo\/image\/","url":"https:\/\/last-chance.dk\/wp-content\/uploads\/2023\/10\/lastchancedeals_logo_dk_white.png","contentUrl":"https:\/\/last-chance.dk\/wp-content\/uploads\/2023\/10\/lastchancedeals_logo_dk_white.png","width":470,"height":110,"caption":"LASTCHANCE Deals | Danmark"},"image":{"@id":"https:\/\/last-chance.dk\/#\/schema\/logo\/image\/"}}]}},"_links":{"self":[{"href":"https:\/\/last-chance.dk\/index.php?rest_route=\/wp\/v2\/product\/9413","targetHints":{"allow":["GET"]}}],"collection":[{"href":"https:\/\/last-chance.dk\/index.php?rest_route=\/wp\/v2\/product"}],"about":[{"href":"https:\/\/last-chance.dk\/index.php?rest_route=\/wp\/v2\/types\/product"}],"replies":[{"embeddable":true,"href":"https:\/\/last-chance.dk\/index.php?rest_route=%2Fwp%2Fv2%2Fcomments&post=9413"}],"wp:featuredmedia":[{"embeddable":true,"href":"https:\/\/last-chance.dk\/index.php?rest_route=\/wp\/v2\/media\/9408"}],"wp:attachment":[{"href":"https:\/\/last-chance.dk\/index.php?rest_route=%2Fwp%2Fv2%2Fmedia&parent=9413"}],"wp:term":[{"taxonomy":"product_brand","embeddable":true,"href":"https:\/\/last-chance.dk\/index.php?rest_route=%2Fwp%2Fv2%2Fproduct_brand&post=9413"},{"taxonomy":"product_cat","embeddable":true,"href":"https:\/\/last-chance.dk\/index.php?rest_route=%2Fwp%2Fv2%2Fproduct_cat&post=9413"},{"taxonomy":"product_tag","embeddable":true,"href":"https:\/\/last-chance.dk\/index.php?rest_route=%2Fwp%2Fv2%2Fproduct_tag&post=9413"}],"curies":[{"name":"wp","href":"https:\/\/api.w.org\/{rel}","templated":true}]}}