{"id":9423,"date":"2023-12-14T17:32:52","date_gmt":"2023-12-14T17:32:52","guid":{"rendered":"https:\/\/www.lastchance.deals\/dk\/produkt\/aegte-laeder-haandtaske-gila-allegro\/"},"modified":"2025-09-19T17:07:47","modified_gmt":"2025-09-19T17:07:47","slug":"aegte-laeder-haandtaske-gila-allegro","status":"publish","type":"product","link":"https:\/\/last-chance.dk\/?product=aegte-laeder-haandtaske-gila-allegro","title":{"rendered":"\u00c6gte L\u00e6der H\u00e5ndtaske Gila Allegro"},"content":{"rendered":"<p>\u00c6gte L\u00e6der H\u00e5ndtaske Gila Allegro<\/p>\n<p><\/p>\n<p>Dette er ikke blot en h\u00e5ndtaske, det er en erkl\u00e6ring. Lavet af \u00e6gte l\u00e6der, er Gila Allegro h\u00e5ndtaske kendt for dens kvalitet og langvarige holdbarhed. Denne h\u00e5ndtaske er det perfekte tilbeh\u00f8r til enhver modeentusiast. Den er rummelig nok til at rumme alle dine v\u00e6sentlige ting og samtidig v\u00e6re elegant og kompakt.<\/p>\n<p><\/p>\n<p>Den leveres i en smuk brun farve, som er b\u00e5de tidl\u00f8s og alsidig. Denne farve er sikker p\u00e5 at komplementere enhver outfit og give dit look et strejf af sofistikation.<\/p>\n<p><\/p>\n<p>Taske m\u00e5ler 10x25x20 cm, hvilket g\u00f8r det til en ideel st\u00f8rrelse for daglig brug. Uanset om du er p\u00e5 vej til arbejde, ud for at shoppe eller bare rundt i byen, er denne taske det perfekte valg.<\/p>\n<p><\/p>\n<p>Gila Allegro h\u00e5ndtaske er et must-have i enhver garderobe. T\u00f8v ikke med at k\u00f8be denne taske &#8211; du vil ikke fortryde det!<\/p>\n<p><\/p>\n<p>Leveringstid: 1-7 dage.<\/p>\n<p><\/p>\n<p>Produkt Specifikationer:<\/p>\n<p><\/p>\n<p>Materiale: \u00c6gte l\u00e6der<br \/>\nFarve: Brun<br \/>\nSt\u00f8rrelse: 10x25x20 cm<br \/>\nLeveringstid: 1-7 dage<\/p>\n","protected":false},"excerpt":{"rendered":"<p>\u00c6gte L\u00e6der H\u00e5ndtaske Gila Allegro Dette er ikke blot en h\u00e5ndtaske, det er en erkl\u00e6ring. Lavet af \u00e6gte l\u00e6der, er Gila Allegro h\u00e5ndtaske kendt for dens kvalitet og langvarige holdbarhed. Denne h\u00e5ndtaske er det perfekte tilbeh\u00f8r til enhver modeentusiast. Den er rummelig nok til at rumme alle dine v\u00e6sentlige ting og samtidig v\u00e6re elegant og [&hellip;]<\/p>\n","protected":false},"featured_media":9414,"comment_status":"open","ping_status":"closed","template":"","meta":[],"product_brand":[],"product_cat":[236],"product_tag":[],"class_list":{"0":"post-9423","1":"product","2":"type-product","3":"status-publish","4":"has-post-thumbnail","6":"product_cat-women-handbags","8":"first","9":"instock","10":"shipping-taxable","11":"purchasable","12":"product-type-simple"},"yoast_head":"<!-- This site is optimized with the Yoast SEO plugin v24.8.1 - https:\/\/yoast.com\/wordpress\/plugins\/seo\/ -->\n<title>\u00c6gte L\u00e6der H\u00e5ndtaske Gila Allegro - LASTCHANCE Deals | Danmark<\/title>\n<meta name=\"robots\" content=\"index, follow, max-snippet:-1, max-image-preview:large, max-video-preview:-1\" \/>\n<link rel=\"canonical\" href=\"https:\/\/last-chance.dk\/?product=aegte-laeder-haandtaske-gila-allegro\" \/>\n<meta property=\"og:locale\" content=\"da_DK\" \/>\n<meta property=\"og:type\" content=\"article\" \/>\n<meta property=\"og:title\" content=\"\u00c6gte L\u00e6der H\u00e5ndtaske Gila Allegro - LASTCHANCE Deals | Danmark\" \/>\n<meta property=\"og:description\" content=\"\u00c6gte L\u00e6der H\u00e5ndtaske Gila Allegro Dette er ikke blot en h\u00e5ndtaske, det er en erkl\u00e6ring. Lavet af \u00e6gte l\u00e6der, er Gila Allegro h\u00e5ndtaske kendt for dens kvalitet og langvarige holdbarhed. Denne h\u00e5ndtaske er det perfekte tilbeh\u00f8r til enhver modeentusiast. Den er rummelig nok til at rumme alle dine v\u00e6sentlige ting og samtidig v\u00e6re elegant og [&hellip;]\" \/>\n<meta property=\"og:url\" content=\"https:\/\/last-chance.dk\/?product=aegte-laeder-haandtaske-gila-allegro\" \/>\n<meta property=\"og:site_name\" content=\"LASTCHANCE Deals | Danmark\" \/>\n<meta property=\"article:modified_time\" content=\"2025-09-19T17:07:47+00:00\" \/>\n<meta property=\"og:image\" content=\"https:\/\/last-chance.dk\/wp-content\/uploads\/2023\/12\/1-13.jpg\" \/>\n\t<meta property=\"og:image:width\" content=\"750\" \/>\n\t<meta property=\"og:image:height\" content=\"620\" \/>\n\t<meta property=\"og:image:type\" content=\"image\/jpeg\" \/>\n<meta name=\"twitter:card\" content=\"summary_large_image\" \/>\n<meta name=\"twitter:label1\" content=\"Estimeret l\u00e6setid\" \/>\n\t<meta name=\"twitter:data1\" content=\"1 minut\" \/>\n<script type=\"application\/ld+json\" class=\"yoast-schema-graph\">{\"@context\":\"https:\/\/schema.org\",\"@graph\":[{\"@type\":\"WebPage\",\"@id\":\"https:\/\/last-chance.dk\/?product=aegte-laeder-haandtaske-gila-allegro\",\"url\":\"https:\/\/last-chance.dk\/?product=aegte-laeder-haandtaske-gila-allegro\",\"name\":\"\u00c6gte L\u00e6der H\u00e5ndtaske Gila Allegro - LASTCHANCE Deals | Danmark\",\"isPartOf\":{\"@id\":\"https:\/\/last-chance.dk\/#website\"},\"primaryImageOfPage\":{\"@id\":\"https:\/\/last-chance.dk\/?product=aegte-laeder-haandtaske-gila-allegro#primaryimage\"},\"image\":{\"@id\":\"https:\/\/last-chance.dk\/?product=aegte-laeder-haandtaske-gila-allegro#primaryimage\"},\"thumbnailUrl\":\"https:\/\/last-chance.dk\/wp-content\/uploads\/2023\/12\/1-13.jpg\",\"datePublished\":\"2023-12-14T17:32:52+00:00\",\"dateModified\":\"2025-09-19T17:07:47+00:00\",\"breadcrumb\":{\"@id\":\"https:\/\/last-chance.dk\/?product=aegte-laeder-haandtaske-gila-allegro#breadcrumb\"},\"inLanguage\":\"da-DK\",\"potentialAction\":[{\"@type\":\"ReadAction\",\"target\":[\"https:\/\/last-chance.dk\/?product=aegte-laeder-haandtaske-gila-allegro\"]}]},{\"@type\":\"ImageObject\",\"inLanguage\":\"da-DK\",\"@id\":\"https:\/\/last-chance.dk\/?product=aegte-laeder-haandtaske-gila-allegro#primaryimage\",\"url\":\"https:\/\/last-chance.dk\/wp-content\/uploads\/2023\/12\/1-13.jpg\",\"contentUrl\":\"https:\/\/last-chance.dk\/wp-content\/uploads\/2023\/12\/1-13.jpg\",\"width\":750,\"height\":620},{\"@type\":\"BreadcrumbList\",\"@id\":\"https:\/\/last-chance.dk\/?product=aegte-laeder-haandtaske-gila-allegro#breadcrumb\",\"itemListElement\":[{\"@type\":\"ListItem\",\"position\":1,\"name\":\"Home\",\"item\":\"https:\/\/last-chance.dk\/\"},{\"@type\":\"ListItem\",\"position\":2,\"name\":\"\u00c6gte L\u00e6der H\u00e5ndtaske Gila Allegro\"}]},{\"@type\":\"WebSite\",\"@id\":\"https:\/\/last-chance.dk\/#website\",\"url\":\"https:\/\/last-chance.dk\/\",\"name\":\"LASTCHANCE Deals | Danmark\",\"description\":\"LASTCHANCE Deals | Danmark\",\"publisher\":{\"@id\":\"https:\/\/last-chance.dk\/#organization\"},\"potentialAction\":[{\"@type\":\"SearchAction\",\"target\":{\"@type\":\"EntryPoint\",\"urlTemplate\":\"https:\/\/last-chance.dk\/?s={search_term_string}\"},\"query-input\":{\"@type\":\"PropertyValueSpecification\",\"valueRequired\":true,\"valueName\":\"search_term_string\"}}],\"inLanguage\":\"da-DK\"},{\"@type\":\"Organization\",\"@id\":\"https:\/\/last-chance.dk\/#organization\",\"name\":\"LASTCHANCE Deals | Danmark\",\"url\":\"https:\/\/last-chance.dk\/\",\"logo\":{\"@type\":\"ImageObject\",\"inLanguage\":\"da-DK\",\"@id\":\"https:\/\/last-chance.dk\/#\/schema\/logo\/image\/\",\"url\":\"https:\/\/last-chance.dk\/wp-content\/uploads\/2023\/10\/lastchancedeals_logo_dk_white.png\",\"contentUrl\":\"https:\/\/last-chance.dk\/wp-content\/uploads\/2023\/10\/lastchancedeals_logo_dk_white.png\",\"width\":470,\"height\":110,\"caption\":\"LASTCHANCE Deals | Danmark\"},\"image\":{\"@id\":\"https:\/\/last-chance.dk\/#\/schema\/logo\/image\/\"}}]}<\/script>\n<!-- \/ Yoast SEO plugin. -->","yoast_head_json":{"title":"\u00c6gte L\u00e6der H\u00e5ndtaske Gila Allegro - LASTCHANCE Deals | Danmark","robots":{"index":"index","follow":"follow","max-snippet":"max-snippet:-1","max-image-preview":"max-image-preview:large","max-video-preview":"max-video-preview:-1"},"canonical":"https:\/\/last-chance.dk\/?product=aegte-laeder-haandtaske-gila-allegro","og_locale":"da_DK","og_type":"article","og_title":"\u00c6gte L\u00e6der H\u00e5ndtaske Gila Allegro - LASTCHANCE Deals | Danmark","og_description":"\u00c6gte L\u00e6der H\u00e5ndtaske Gila Allegro Dette er ikke blot en h\u00e5ndtaske, det er en erkl\u00e6ring. Lavet af \u00e6gte l\u00e6der, er Gila Allegro h\u00e5ndtaske kendt for dens kvalitet og langvarige holdbarhed. Denne h\u00e5ndtaske er det perfekte tilbeh\u00f8r til enhver modeentusiast. Den er rummelig nok til at rumme alle dine v\u00e6sentlige ting og samtidig v\u00e6re elegant og [&hellip;]","og_url":"https:\/\/last-chance.dk\/?product=aegte-laeder-haandtaske-gila-allegro","og_site_name":"LASTCHANCE Deals | Danmark","article_modified_time":"2025-09-19T17:07:47+00:00","og_image":[{"width":750,"height":620,"url":"https:\/\/last-chance.dk\/wp-content\/uploads\/2023\/12\/1-13.jpg","type":"image\/jpeg"}],"twitter_card":"summary_large_image","twitter_misc":{"Estimeret l\u00e6setid":"1 minut"},"schema":{"@context":"https:\/\/schema.org","@graph":[{"@type":"WebPage","@id":"https:\/\/last-chance.dk\/?product=aegte-laeder-haandtaske-gila-allegro","url":"https:\/\/last-chance.dk\/?product=aegte-laeder-haandtaske-gila-allegro","name":"\u00c6gte L\u00e6der H\u00e5ndtaske Gila Allegro - LASTCHANCE Deals | Danmark","isPartOf":{"@id":"https:\/\/last-chance.dk\/#website"},"primaryImageOfPage":{"@id":"https:\/\/last-chance.dk\/?product=aegte-laeder-haandtaske-gila-allegro#primaryimage"},"image":{"@id":"https:\/\/last-chance.dk\/?product=aegte-laeder-haandtaske-gila-allegro#primaryimage"},"thumbnailUrl":"https:\/\/last-chance.dk\/wp-content\/uploads\/2023\/12\/1-13.jpg","datePublished":"2023-12-14T17:32:52+00:00","dateModified":"2025-09-19T17:07:47+00:00","breadcrumb":{"@id":"https:\/\/last-chance.dk\/?product=aegte-laeder-haandtaske-gila-allegro#breadcrumb"},"inLanguage":"da-DK","potentialAction":[{"@type":"ReadAction","target":["https:\/\/last-chance.dk\/?product=aegte-laeder-haandtaske-gila-allegro"]}]},{"@type":"ImageObject","inLanguage":"da-DK","@id":"https:\/\/last-chance.dk\/?product=aegte-laeder-haandtaske-gila-allegro#primaryimage","url":"https:\/\/last-chance.dk\/wp-content\/uploads\/2023\/12\/1-13.jpg","contentUrl":"https:\/\/last-chance.dk\/wp-content\/uploads\/2023\/12\/1-13.jpg","width":750,"height":620},{"@type":"BreadcrumbList","@id":"https:\/\/last-chance.dk\/?product=aegte-laeder-haandtaske-gila-allegro#breadcrumb","itemListElement":[{"@type":"ListItem","position":1,"name":"Home","item":"https:\/\/last-chance.dk\/"},{"@type":"ListItem","position":2,"name":"\u00c6gte L\u00e6der H\u00e5ndtaske Gila Allegro"}]},{"@type":"WebSite","@id":"https:\/\/last-chance.dk\/#website","url":"https:\/\/last-chance.dk\/","name":"LASTCHANCE Deals | Danmark","description":"LASTCHANCE Deals | Danmark","publisher":{"@id":"https:\/\/last-chance.dk\/#organization"},"potentialAction":[{"@type":"SearchAction","target":{"@type":"EntryPoint","urlTemplate":"https:\/\/last-chance.dk\/?s={search_term_string}"},"query-input":{"@type":"PropertyValueSpecification","valueRequired":true,"valueName":"search_term_string"}}],"inLanguage":"da-DK"},{"@type":"Organization","@id":"https:\/\/last-chance.dk\/#organization","name":"LASTCHANCE Deals | Danmark","url":"https:\/\/last-chance.dk\/","logo":{"@type":"ImageObject","inLanguage":"da-DK","@id":"https:\/\/last-chance.dk\/#\/schema\/logo\/image\/","url":"https:\/\/last-chance.dk\/wp-content\/uploads\/2023\/10\/lastchancedeals_logo_dk_white.png","contentUrl":"https:\/\/last-chance.dk\/wp-content\/uploads\/2023\/10\/lastchancedeals_logo_dk_white.png","width":470,"height":110,"caption":"LASTCHANCE Deals | Danmark"},"image":{"@id":"https:\/\/last-chance.dk\/#\/schema\/logo\/image\/"}}]}},"_links":{"self":[{"href":"https:\/\/last-chance.dk\/index.php?rest_route=\/wp\/v2\/product\/9423","targetHints":{"allow":["GET"]}}],"collection":[{"href":"https:\/\/last-chance.dk\/index.php?rest_route=\/wp\/v2\/product"}],"about":[{"href":"https:\/\/last-chance.dk\/index.php?rest_route=\/wp\/v2\/types\/product"}],"replies":[{"embeddable":true,"href":"https:\/\/last-chance.dk\/index.php?rest_route=%2Fwp%2Fv2%2Fcomments&post=9423"}],"wp:featuredmedia":[{"embeddable":true,"href":"https:\/\/last-chance.dk\/index.php?rest_route=\/wp\/v2\/media\/9414"}],"wp:attachment":[{"href":"https:\/\/last-chance.dk\/index.php?rest_route=%2Fwp%2Fv2%2Fmedia&parent=9423"}],"wp:term":[{"taxonomy":"product_brand","embeddable":true,"href":"https:\/\/last-chance.dk\/index.php?rest_route=%2Fwp%2Fv2%2Fproduct_brand&post=9423"},{"taxonomy":"product_cat","embeddable":true,"href":"https:\/\/last-chance.dk\/index.php?rest_route=%2Fwp%2Fv2%2Fproduct_cat&post=9423"},{"taxonomy":"product_tag","embeddable":true,"href":"https:\/\/last-chance.dk\/index.php?rest_route=%2Fwp%2Fv2%2Fproduct_tag&post=9423"}],"curies":[{"name":"wp","href":"https:\/\/api.w.org\/{rel}","templated":true}]}}