{"id":9447,"date":"2023-12-14T17:34:54","date_gmt":"2023-12-14T17:34:54","guid":{"rendered":"https:\/\/www.lastchance.deals\/dk\/produkt\/aegte-laeder-haandtaske-mio-sort-bellaforma\/"},"modified":"2025-10-13T11:45:39","modified_gmt":"2025-10-13T11:45:39","slug":"aegte-laeder-haandtaske-mio-sort-bellaforma","status":"publish","type":"product","link":"https:\/\/last-chance.dk\/?product=aegte-laeder-haandtaske-mio-sort-bellaforma","title":{"rendered":"\u00c6gte l\u00e6der h\u00e5ndtaske Mio, Sort Bellaforma"},"content":{"rendered":"<p>Denne \u00c6gte L\u00e6der H\u00e5ndtaske Mio i sort fra Bellaforma er et must-have tilbeh\u00f8r for hverdagens stilfulde udseende. Tasken er fremstillet i \u00e6gte kvalitetsl\u00e6der, hvilket lover l\u00e6ngere holdbarhed og en luksuri\u00f8s fornemmelse. <\/p>\n<p><\/p>\n<p>Sort farve er aldrig ude af mode og giver et elegant touch til ethvert outfit. Denne h\u00e5ndtaske har en standardst\u00f8rrelse, hvilket g\u00f8r den til det ideelle valg til alle dine behov; uanset om du skal arbejde, shoppe eller blot vil have en tur i byen.<\/p>\n<p><\/p>\n<p>Du kan forvente levering indenfor 1-7 dage, s\u00e5 du hurtigt kan putte dine n\u00f8dvendigheder i denne sk\u00f8nne taske og tilf\u00f8je en ekstra elegance til din stil.<\/p>\n<p><\/p>\n<p>Produktspecifikationer:<\/p>\n<p><\/p>\n<p>Materiale: \u00c6gte l\u00e6der<br \/>\nFarve: Sort<br \/>\nSt\u00f8rrelse: Standard<br \/>\nLeveringstid: 1-7 dage<\/p>\n","protected":false},"excerpt":{"rendered":"<p>Denne \u00c6gte L\u00e6der H\u00e5ndtaske Mio i sort fra Bellaforma er et must-have tilbeh\u00f8r for hverdagens stilfulde udseende. Tasken er fremstillet i \u00e6gte kvalitetsl\u00e6der, hvilket lover l\u00e6ngere holdbarhed og en luksuri\u00f8s fornemmelse. Sort farve er aldrig ude af mode og giver et elegant touch til ethvert outfit. Denne h\u00e5ndtaske har en standardst\u00f8rrelse, hvilket g\u00f8r den til [&hellip;]<\/p>\n","protected":false},"featured_media":9431,"comment_status":"open","ping_status":"closed","template":"","meta":[],"product_brand":[],"product_cat":[236],"product_tag":[],"class_list":{"0":"post-9447","1":"product","2":"type-product","3":"status-publish","4":"has-post-thumbnail","6":"product_cat-women-handbags","8":"first","9":"instock","10":"shipping-taxable","11":"purchasable","12":"product-type-simple"},"yoast_head":"<!-- This site is optimized with the Yoast SEO plugin v24.8.1 - https:\/\/yoast.com\/wordpress\/plugins\/seo\/ -->\n<title>\u00c6gte l\u00e6der h\u00e5ndtaske Mio, Sort Bellaforma - LASTCHANCE Deals | Danmark<\/title>\n<meta name=\"robots\" content=\"index, follow, max-snippet:-1, max-image-preview:large, max-video-preview:-1\" \/>\n<link rel=\"canonical\" href=\"https:\/\/last-chance.dk\/?product=aegte-laeder-haandtaske-mio-sort-bellaforma\" \/>\n<meta property=\"og:locale\" content=\"da_DK\" \/>\n<meta property=\"og:type\" content=\"article\" \/>\n<meta property=\"og:title\" content=\"\u00c6gte l\u00e6der h\u00e5ndtaske Mio, Sort Bellaforma - LASTCHANCE Deals | Danmark\" \/>\n<meta property=\"og:description\" content=\"Denne \u00c6gte L\u00e6der H\u00e5ndtaske Mio i sort fra Bellaforma er et must-have tilbeh\u00f8r for hverdagens stilfulde udseende. Tasken er fremstillet i \u00e6gte kvalitetsl\u00e6der, hvilket lover l\u00e6ngere holdbarhed og en luksuri\u00f8s fornemmelse. Sort farve er aldrig ude af mode og giver et elegant touch til ethvert outfit. Denne h\u00e5ndtaske har en standardst\u00f8rrelse, hvilket g\u00f8r den til [&hellip;]\" \/>\n<meta property=\"og:url\" content=\"https:\/\/last-chance.dk\/?product=aegte-laeder-haandtaske-mio-sort-bellaforma\" \/>\n<meta property=\"og:site_name\" content=\"LASTCHANCE Deals | Danmark\" \/>\n<meta property=\"article:modified_time\" content=\"2025-10-13T11:45:39+00:00\" \/>\n<meta property=\"og:image\" content=\"https:\/\/last-chance.dk\/wp-content\/uploads\/2023\/12\/1-17.jpg\" \/>\n\t<meta property=\"og:image:width\" content=\"800\" \/>\n\t<meta property=\"og:image:height\" content=\"800\" \/>\n\t<meta property=\"og:image:type\" content=\"image\/jpeg\" \/>\n<meta name=\"twitter:card\" content=\"summary_large_image\" \/>\n<meta name=\"twitter:label1\" content=\"Estimeret l\u00e6setid\" \/>\n\t<meta name=\"twitter:data1\" content=\"1 minut\" \/>\n<script type=\"application\/ld+json\" class=\"yoast-schema-graph\">{\"@context\":\"https:\/\/schema.org\",\"@graph\":[{\"@type\":\"WebPage\",\"@id\":\"https:\/\/last-chance.dk\/?product=aegte-laeder-haandtaske-mio-sort-bellaforma\",\"url\":\"https:\/\/last-chance.dk\/?product=aegte-laeder-haandtaske-mio-sort-bellaforma\",\"name\":\"\u00c6gte l\u00e6der h\u00e5ndtaske Mio, Sort Bellaforma - LASTCHANCE Deals | Danmark\",\"isPartOf\":{\"@id\":\"https:\/\/last-chance.dk\/#website\"},\"primaryImageOfPage\":{\"@id\":\"https:\/\/last-chance.dk\/?product=aegte-laeder-haandtaske-mio-sort-bellaforma#primaryimage\"},\"image\":{\"@id\":\"https:\/\/last-chance.dk\/?product=aegte-laeder-haandtaske-mio-sort-bellaforma#primaryimage\"},\"thumbnailUrl\":\"https:\/\/last-chance.dk\/wp-content\/uploads\/2023\/12\/1-17.jpg\",\"datePublished\":\"2023-12-14T17:34:54+00:00\",\"dateModified\":\"2025-10-13T11:45:39+00:00\",\"breadcrumb\":{\"@id\":\"https:\/\/last-chance.dk\/?product=aegte-laeder-haandtaske-mio-sort-bellaforma#breadcrumb\"},\"inLanguage\":\"da-DK\",\"potentialAction\":[{\"@type\":\"ReadAction\",\"target\":[\"https:\/\/last-chance.dk\/?product=aegte-laeder-haandtaske-mio-sort-bellaforma\"]}]},{\"@type\":\"ImageObject\",\"inLanguage\":\"da-DK\",\"@id\":\"https:\/\/last-chance.dk\/?product=aegte-laeder-haandtaske-mio-sort-bellaforma#primaryimage\",\"url\":\"https:\/\/last-chance.dk\/wp-content\/uploads\/2023\/12\/1-17.jpg\",\"contentUrl\":\"https:\/\/last-chance.dk\/wp-content\/uploads\/2023\/12\/1-17.jpg\",\"width\":800,\"height\":800},{\"@type\":\"BreadcrumbList\",\"@id\":\"https:\/\/last-chance.dk\/?product=aegte-laeder-haandtaske-mio-sort-bellaforma#breadcrumb\",\"itemListElement\":[{\"@type\":\"ListItem\",\"position\":1,\"name\":\"Home\",\"item\":\"https:\/\/last-chance.dk\/\"},{\"@type\":\"ListItem\",\"position\":2,\"name\":\"\u00c6gte l\u00e6der h\u00e5ndtaske Mio, Sort Bellaforma\"}]},{\"@type\":\"WebSite\",\"@id\":\"https:\/\/last-chance.dk\/#website\",\"url\":\"https:\/\/last-chance.dk\/\",\"name\":\"LASTCHANCE Deals | Danmark\",\"description\":\"LASTCHANCE Deals | Danmark\",\"publisher\":{\"@id\":\"https:\/\/last-chance.dk\/#organization\"},\"potentialAction\":[{\"@type\":\"SearchAction\",\"target\":{\"@type\":\"EntryPoint\",\"urlTemplate\":\"https:\/\/last-chance.dk\/?s={search_term_string}\"},\"query-input\":{\"@type\":\"PropertyValueSpecification\",\"valueRequired\":true,\"valueName\":\"search_term_string\"}}],\"inLanguage\":\"da-DK\"},{\"@type\":\"Organization\",\"@id\":\"https:\/\/last-chance.dk\/#organization\",\"name\":\"LASTCHANCE Deals | Danmark\",\"url\":\"https:\/\/last-chance.dk\/\",\"logo\":{\"@type\":\"ImageObject\",\"inLanguage\":\"da-DK\",\"@id\":\"https:\/\/last-chance.dk\/#\/schema\/logo\/image\/\",\"url\":\"https:\/\/last-chance.dk\/wp-content\/uploads\/2023\/10\/lastchancedeals_logo_dk_white.png\",\"contentUrl\":\"https:\/\/last-chance.dk\/wp-content\/uploads\/2023\/10\/lastchancedeals_logo_dk_white.png\",\"width\":470,\"height\":110,\"caption\":\"LASTCHANCE Deals | Danmark\"},\"image\":{\"@id\":\"https:\/\/last-chance.dk\/#\/schema\/logo\/image\/\"}}]}<\/script>\n<!-- \/ Yoast SEO plugin. -->","yoast_head_json":{"title":"\u00c6gte l\u00e6der h\u00e5ndtaske Mio, Sort Bellaforma - LASTCHANCE Deals | Danmark","robots":{"index":"index","follow":"follow","max-snippet":"max-snippet:-1","max-image-preview":"max-image-preview:large","max-video-preview":"max-video-preview:-1"},"canonical":"https:\/\/last-chance.dk\/?product=aegte-laeder-haandtaske-mio-sort-bellaforma","og_locale":"da_DK","og_type":"article","og_title":"\u00c6gte l\u00e6der h\u00e5ndtaske Mio, Sort Bellaforma - LASTCHANCE Deals | Danmark","og_description":"Denne \u00c6gte L\u00e6der H\u00e5ndtaske Mio i sort fra Bellaforma er et must-have tilbeh\u00f8r for hverdagens stilfulde udseende. Tasken er fremstillet i \u00e6gte kvalitetsl\u00e6der, hvilket lover l\u00e6ngere holdbarhed og en luksuri\u00f8s fornemmelse. Sort farve er aldrig ude af mode og giver et elegant touch til ethvert outfit. Denne h\u00e5ndtaske har en standardst\u00f8rrelse, hvilket g\u00f8r den til [&hellip;]","og_url":"https:\/\/last-chance.dk\/?product=aegte-laeder-haandtaske-mio-sort-bellaforma","og_site_name":"LASTCHANCE Deals | Danmark","article_modified_time":"2025-10-13T11:45:39+00:00","og_image":[{"width":800,"height":800,"url":"https:\/\/last-chance.dk\/wp-content\/uploads\/2023\/12\/1-17.jpg","type":"image\/jpeg"}],"twitter_card":"summary_large_image","twitter_misc":{"Estimeret l\u00e6setid":"1 minut"},"schema":{"@context":"https:\/\/schema.org","@graph":[{"@type":"WebPage","@id":"https:\/\/last-chance.dk\/?product=aegte-laeder-haandtaske-mio-sort-bellaforma","url":"https:\/\/last-chance.dk\/?product=aegte-laeder-haandtaske-mio-sort-bellaforma","name":"\u00c6gte l\u00e6der h\u00e5ndtaske Mio, Sort Bellaforma - LASTCHANCE Deals | Danmark","isPartOf":{"@id":"https:\/\/last-chance.dk\/#website"},"primaryImageOfPage":{"@id":"https:\/\/last-chance.dk\/?product=aegte-laeder-haandtaske-mio-sort-bellaforma#primaryimage"},"image":{"@id":"https:\/\/last-chance.dk\/?product=aegte-laeder-haandtaske-mio-sort-bellaforma#primaryimage"},"thumbnailUrl":"https:\/\/last-chance.dk\/wp-content\/uploads\/2023\/12\/1-17.jpg","datePublished":"2023-12-14T17:34:54+00:00","dateModified":"2025-10-13T11:45:39+00:00","breadcrumb":{"@id":"https:\/\/last-chance.dk\/?product=aegte-laeder-haandtaske-mio-sort-bellaforma#breadcrumb"},"inLanguage":"da-DK","potentialAction":[{"@type":"ReadAction","target":["https:\/\/last-chance.dk\/?product=aegte-laeder-haandtaske-mio-sort-bellaforma"]}]},{"@type":"ImageObject","inLanguage":"da-DK","@id":"https:\/\/last-chance.dk\/?product=aegte-laeder-haandtaske-mio-sort-bellaforma#primaryimage","url":"https:\/\/last-chance.dk\/wp-content\/uploads\/2023\/12\/1-17.jpg","contentUrl":"https:\/\/last-chance.dk\/wp-content\/uploads\/2023\/12\/1-17.jpg","width":800,"height":800},{"@type":"BreadcrumbList","@id":"https:\/\/last-chance.dk\/?product=aegte-laeder-haandtaske-mio-sort-bellaforma#breadcrumb","itemListElement":[{"@type":"ListItem","position":1,"name":"Home","item":"https:\/\/last-chance.dk\/"},{"@type":"ListItem","position":2,"name":"\u00c6gte l\u00e6der h\u00e5ndtaske Mio, Sort Bellaforma"}]},{"@type":"WebSite","@id":"https:\/\/last-chance.dk\/#website","url":"https:\/\/last-chance.dk\/","name":"LASTCHANCE Deals | Danmark","description":"LASTCHANCE Deals | Danmark","publisher":{"@id":"https:\/\/last-chance.dk\/#organization"},"potentialAction":[{"@type":"SearchAction","target":{"@type":"EntryPoint","urlTemplate":"https:\/\/last-chance.dk\/?s={search_term_string}"},"query-input":{"@type":"PropertyValueSpecification","valueRequired":true,"valueName":"search_term_string"}}],"inLanguage":"da-DK"},{"@type":"Organization","@id":"https:\/\/last-chance.dk\/#organization","name":"LASTCHANCE Deals | Danmark","url":"https:\/\/last-chance.dk\/","logo":{"@type":"ImageObject","inLanguage":"da-DK","@id":"https:\/\/last-chance.dk\/#\/schema\/logo\/image\/","url":"https:\/\/last-chance.dk\/wp-content\/uploads\/2023\/10\/lastchancedeals_logo_dk_white.png","contentUrl":"https:\/\/last-chance.dk\/wp-content\/uploads\/2023\/10\/lastchancedeals_logo_dk_white.png","width":470,"height":110,"caption":"LASTCHANCE Deals | Danmark"},"image":{"@id":"https:\/\/last-chance.dk\/#\/schema\/logo\/image\/"}}]}},"_links":{"self":[{"href":"https:\/\/last-chance.dk\/index.php?rest_route=\/wp\/v2\/product\/9447","targetHints":{"allow":["GET"]}}],"collection":[{"href":"https:\/\/last-chance.dk\/index.php?rest_route=\/wp\/v2\/product"}],"about":[{"href":"https:\/\/last-chance.dk\/index.php?rest_route=\/wp\/v2\/types\/product"}],"replies":[{"embeddable":true,"href":"https:\/\/last-chance.dk\/index.php?rest_route=%2Fwp%2Fv2%2Fcomments&post=9447"}],"wp:featuredmedia":[{"embeddable":true,"href":"https:\/\/last-chance.dk\/index.php?rest_route=\/wp\/v2\/media\/9431"}],"wp:attachment":[{"href":"https:\/\/last-chance.dk\/index.php?rest_route=%2Fwp%2Fv2%2Fmedia&parent=9447"}],"wp:term":[{"taxonomy":"product_brand","embeddable":true,"href":"https:\/\/last-chance.dk\/index.php?rest_route=%2Fwp%2Fv2%2Fproduct_brand&post=9447"},{"taxonomy":"product_cat","embeddable":true,"href":"https:\/\/last-chance.dk\/index.php?rest_route=%2Fwp%2Fv2%2Fproduct_cat&post=9447"},{"taxonomy":"product_tag","embeddable":true,"href":"https:\/\/last-chance.dk\/index.php?rest_route=%2Fwp%2Fv2%2Fproduct_tag&post=9447"}],"curies":[{"name":"wp","href":"https:\/\/api.w.org\/{rel}","templated":true}]}}