{"id":9465,"date":"2023-12-14T17:37:03","date_gmt":"2023-12-14T17:37:03","guid":{"rendered":"https:\/\/www.lastchance.deals\/dk\/produkt\/aegte-laeder-haandtaske-miko-beige-eleganza\/"},"modified":"2025-09-19T17:08:53","modified_gmt":"2025-09-19T17:08:53","slug":"aegte-laeder-haandtaske-miko-beige-eleganza","status":"publish","type":"product","link":"https:\/\/last-chance.dk\/?product=aegte-laeder-haandtaske-miko-beige-eleganza","title":{"rendered":"\u00c6gte l\u00e6der h\u00e5ndtaske Miko, Beige Eleganza"},"content":{"rendered":"<p><strong>\u00c6gte L\u00e6der H\u00e5ndtaske Miko, Beige Eleganza<\/strong><\/p>\n<p><\/p>\n<p>Dette er en eksklusiv og elegant h\u00e5ndtaske, fremstillet i det fineste \u00e6gte l\u00e6der. Den er designet med et tidl\u00f8st og klassisk udseende, der passer til enhver lejlighed. Tasken har en flot beige farve, der komplementerer en bred vifte af outfits, hvilket g\u00f8r den til en alsidig tilf\u00f8jelse til din garderobe. Perfekt til hverdag, arbejde, byture og meget mere.<\/p>\n<p><\/p>\n<p>Taske er rummelig og praktisk med sin st\u00f8rrelse p\u00e5 27x20x8 cm, hvilket giver masser af plads til dine personlige ejendele. Ydermere er den holdbare og langvarige kvalitet af \u00e6gte l\u00e6der sikrer, at den vil holde i mange \u00e5r.<\/p>\n<p><\/p>\n<p>Vi leverer denne taske inden for 1-7 dage direkte til din d\u00f8r. Nyd den utrolige kvalitet og komfort, som denne \u00e6gte l\u00e6der h\u00e5ndtaske giver dig. Bestil din i dag!<\/p>\n<p><\/p>\n<p><strong>Produktspecifikationer:<\/strong> <br \/> Materiale: \u00c6gte l\u00e6der <br \/> Farve: Beige <br \/> St\u00f8rrelse: 27x20x8 cm <br \/> Leveringstid: 1-7 dage<\/p>\n","protected":false},"excerpt":{"rendered":"<p>\u00c6gte L\u00e6der H\u00e5ndtaske Miko, Beige Eleganza Dette er en eksklusiv og elegant h\u00e5ndtaske, fremstillet i det fineste \u00e6gte l\u00e6der. Den er designet med et tidl\u00f8st og klassisk udseende, der passer til enhver lejlighed. Tasken har en flot beige farve, der komplementerer en bred vifte af outfits, hvilket g\u00f8r den til en alsidig tilf\u00f8jelse til din [&hellip;]<\/p>\n","protected":false},"featured_media":9456,"comment_status":"open","ping_status":"closed","template":"","meta":[],"product_brand":[],"product_cat":[236],"product_tag":[],"class_list":{"0":"post-9465","1":"product","2":"type-product","3":"status-publish","4":"has-post-thumbnail","6":"product_cat-women-handbags","8":"first","9":"instock","10":"shipping-taxable","11":"purchasable","12":"product-type-simple"},"yoast_head":"<!-- This site is optimized with the Yoast SEO plugin v24.8.1 - https:\/\/yoast.com\/wordpress\/plugins\/seo\/ -->\n<title>\u00c6gte l\u00e6der h\u00e5ndtaske Miko, Beige Eleganza - LASTCHANCE Deals | Danmark<\/title>\n<meta name=\"robots\" content=\"index, follow, max-snippet:-1, max-image-preview:large, max-video-preview:-1\" \/>\n<link rel=\"canonical\" href=\"https:\/\/last-chance.dk\/?product=aegte-laeder-haandtaske-miko-beige-eleganza\" \/>\n<meta property=\"og:locale\" content=\"da_DK\" \/>\n<meta property=\"og:type\" content=\"article\" \/>\n<meta property=\"og:title\" content=\"\u00c6gte l\u00e6der h\u00e5ndtaske Miko, Beige Eleganza - LASTCHANCE Deals | Danmark\" \/>\n<meta property=\"og:description\" content=\"\u00c6gte L\u00e6der H\u00e5ndtaske Miko, Beige Eleganza Dette er en eksklusiv og elegant h\u00e5ndtaske, fremstillet i det fineste \u00e6gte l\u00e6der. Den er designet med et tidl\u00f8st og klassisk udseende, der passer til enhver lejlighed. Tasken har en flot beige farve, der komplementerer en bred vifte af outfits, hvilket g\u00f8r den til en alsidig tilf\u00f8jelse til din [&hellip;]\" \/>\n<meta property=\"og:url\" content=\"https:\/\/last-chance.dk\/?product=aegte-laeder-haandtaske-miko-beige-eleganza\" \/>\n<meta property=\"og:site_name\" content=\"LASTCHANCE Deals | Danmark\" \/>\n<meta property=\"article:modified_time\" content=\"2025-09-19T17:08:53+00:00\" \/>\n<meta property=\"og:image\" content=\"https:\/\/last-chance.dk\/wp-content\/uploads\/2023\/12\/1-14.jpg\" \/>\n\t<meta property=\"og:image:width\" content=\"690\" \/>\n\t<meta property=\"og:image:height\" content=\"551\" \/>\n\t<meta property=\"og:image:type\" content=\"image\/jpeg\" \/>\n<meta name=\"twitter:card\" content=\"summary_large_image\" \/>\n<meta name=\"twitter:label1\" content=\"Estimeret l\u00e6setid\" \/>\n\t<meta name=\"twitter:data1\" content=\"1 minut\" \/>\n<script type=\"application\/ld+json\" class=\"yoast-schema-graph\">{\"@context\":\"https:\/\/schema.org\",\"@graph\":[{\"@type\":\"WebPage\",\"@id\":\"https:\/\/last-chance.dk\/?product=aegte-laeder-haandtaske-miko-beige-eleganza\",\"url\":\"https:\/\/last-chance.dk\/?product=aegte-laeder-haandtaske-miko-beige-eleganza\",\"name\":\"\u00c6gte l\u00e6der h\u00e5ndtaske Miko, Beige Eleganza - LASTCHANCE Deals | Danmark\",\"isPartOf\":{\"@id\":\"https:\/\/last-chance.dk\/#website\"},\"primaryImageOfPage\":{\"@id\":\"https:\/\/last-chance.dk\/?product=aegte-laeder-haandtaske-miko-beige-eleganza#primaryimage\"},\"image\":{\"@id\":\"https:\/\/last-chance.dk\/?product=aegte-laeder-haandtaske-miko-beige-eleganza#primaryimage\"},\"thumbnailUrl\":\"https:\/\/last-chance.dk\/wp-content\/uploads\/2023\/12\/1-14.jpg\",\"datePublished\":\"2023-12-14T17:37:03+00:00\",\"dateModified\":\"2025-09-19T17:08:53+00:00\",\"breadcrumb\":{\"@id\":\"https:\/\/last-chance.dk\/?product=aegte-laeder-haandtaske-miko-beige-eleganza#breadcrumb\"},\"inLanguage\":\"da-DK\",\"potentialAction\":[{\"@type\":\"ReadAction\",\"target\":[\"https:\/\/last-chance.dk\/?product=aegte-laeder-haandtaske-miko-beige-eleganza\"]}]},{\"@type\":\"ImageObject\",\"inLanguage\":\"da-DK\",\"@id\":\"https:\/\/last-chance.dk\/?product=aegte-laeder-haandtaske-miko-beige-eleganza#primaryimage\",\"url\":\"https:\/\/last-chance.dk\/wp-content\/uploads\/2023\/12\/1-14.jpg\",\"contentUrl\":\"https:\/\/last-chance.dk\/wp-content\/uploads\/2023\/12\/1-14.jpg\",\"width\":690,\"height\":551},{\"@type\":\"BreadcrumbList\",\"@id\":\"https:\/\/last-chance.dk\/?product=aegte-laeder-haandtaske-miko-beige-eleganza#breadcrumb\",\"itemListElement\":[{\"@type\":\"ListItem\",\"position\":1,\"name\":\"Home\",\"item\":\"https:\/\/last-chance.dk\/\"},{\"@type\":\"ListItem\",\"position\":2,\"name\":\"\u00c6gte l\u00e6der h\u00e5ndtaske Miko, Beige Eleganza\"}]},{\"@type\":\"WebSite\",\"@id\":\"https:\/\/last-chance.dk\/#website\",\"url\":\"https:\/\/last-chance.dk\/\",\"name\":\"LASTCHANCE Deals | Danmark\",\"description\":\"LASTCHANCE Deals | Danmark\",\"publisher\":{\"@id\":\"https:\/\/last-chance.dk\/#organization\"},\"potentialAction\":[{\"@type\":\"SearchAction\",\"target\":{\"@type\":\"EntryPoint\",\"urlTemplate\":\"https:\/\/last-chance.dk\/?s={search_term_string}\"},\"query-input\":{\"@type\":\"PropertyValueSpecification\",\"valueRequired\":true,\"valueName\":\"search_term_string\"}}],\"inLanguage\":\"da-DK\"},{\"@type\":\"Organization\",\"@id\":\"https:\/\/last-chance.dk\/#organization\",\"name\":\"LASTCHANCE Deals | Danmark\",\"url\":\"https:\/\/last-chance.dk\/\",\"logo\":{\"@type\":\"ImageObject\",\"inLanguage\":\"da-DK\",\"@id\":\"https:\/\/last-chance.dk\/#\/schema\/logo\/image\/\",\"url\":\"https:\/\/last-chance.dk\/wp-content\/uploads\/2023\/10\/lastchancedeals_logo_dk_white.png\",\"contentUrl\":\"https:\/\/last-chance.dk\/wp-content\/uploads\/2023\/10\/lastchancedeals_logo_dk_white.png\",\"width\":470,\"height\":110,\"caption\":\"LASTCHANCE Deals | Danmark\"},\"image\":{\"@id\":\"https:\/\/last-chance.dk\/#\/schema\/logo\/image\/\"}}]}<\/script>\n<!-- \/ Yoast SEO plugin. -->","yoast_head_json":{"title":"\u00c6gte l\u00e6der h\u00e5ndtaske Miko, Beige Eleganza - LASTCHANCE Deals | Danmark","robots":{"index":"index","follow":"follow","max-snippet":"max-snippet:-1","max-image-preview":"max-image-preview:large","max-video-preview":"max-video-preview:-1"},"canonical":"https:\/\/last-chance.dk\/?product=aegte-laeder-haandtaske-miko-beige-eleganza","og_locale":"da_DK","og_type":"article","og_title":"\u00c6gte l\u00e6der h\u00e5ndtaske Miko, Beige Eleganza - LASTCHANCE Deals | Danmark","og_description":"\u00c6gte L\u00e6der H\u00e5ndtaske Miko, Beige Eleganza Dette er en eksklusiv og elegant h\u00e5ndtaske, fremstillet i det fineste \u00e6gte l\u00e6der. Den er designet med et tidl\u00f8st og klassisk udseende, der passer til enhver lejlighed. Tasken har en flot beige farve, der komplementerer en bred vifte af outfits, hvilket g\u00f8r den til en alsidig tilf\u00f8jelse til din [&hellip;]","og_url":"https:\/\/last-chance.dk\/?product=aegte-laeder-haandtaske-miko-beige-eleganza","og_site_name":"LASTCHANCE Deals | Danmark","article_modified_time":"2025-09-19T17:08:53+00:00","og_image":[{"width":690,"height":551,"url":"https:\/\/last-chance.dk\/wp-content\/uploads\/2023\/12\/1-14.jpg","type":"image\/jpeg"}],"twitter_card":"summary_large_image","twitter_misc":{"Estimeret l\u00e6setid":"1 minut"},"schema":{"@context":"https:\/\/schema.org","@graph":[{"@type":"WebPage","@id":"https:\/\/last-chance.dk\/?product=aegte-laeder-haandtaske-miko-beige-eleganza","url":"https:\/\/last-chance.dk\/?product=aegte-laeder-haandtaske-miko-beige-eleganza","name":"\u00c6gte l\u00e6der h\u00e5ndtaske Miko, Beige Eleganza - LASTCHANCE Deals | Danmark","isPartOf":{"@id":"https:\/\/last-chance.dk\/#website"},"primaryImageOfPage":{"@id":"https:\/\/last-chance.dk\/?product=aegte-laeder-haandtaske-miko-beige-eleganza#primaryimage"},"image":{"@id":"https:\/\/last-chance.dk\/?product=aegte-laeder-haandtaske-miko-beige-eleganza#primaryimage"},"thumbnailUrl":"https:\/\/last-chance.dk\/wp-content\/uploads\/2023\/12\/1-14.jpg","datePublished":"2023-12-14T17:37:03+00:00","dateModified":"2025-09-19T17:08:53+00:00","breadcrumb":{"@id":"https:\/\/last-chance.dk\/?product=aegte-laeder-haandtaske-miko-beige-eleganza#breadcrumb"},"inLanguage":"da-DK","potentialAction":[{"@type":"ReadAction","target":["https:\/\/last-chance.dk\/?product=aegte-laeder-haandtaske-miko-beige-eleganza"]}]},{"@type":"ImageObject","inLanguage":"da-DK","@id":"https:\/\/last-chance.dk\/?product=aegte-laeder-haandtaske-miko-beige-eleganza#primaryimage","url":"https:\/\/last-chance.dk\/wp-content\/uploads\/2023\/12\/1-14.jpg","contentUrl":"https:\/\/last-chance.dk\/wp-content\/uploads\/2023\/12\/1-14.jpg","width":690,"height":551},{"@type":"BreadcrumbList","@id":"https:\/\/last-chance.dk\/?product=aegte-laeder-haandtaske-miko-beige-eleganza#breadcrumb","itemListElement":[{"@type":"ListItem","position":1,"name":"Home","item":"https:\/\/last-chance.dk\/"},{"@type":"ListItem","position":2,"name":"\u00c6gte l\u00e6der h\u00e5ndtaske Miko, Beige Eleganza"}]},{"@type":"WebSite","@id":"https:\/\/last-chance.dk\/#website","url":"https:\/\/last-chance.dk\/","name":"LASTCHANCE Deals | Danmark","description":"LASTCHANCE Deals | Danmark","publisher":{"@id":"https:\/\/last-chance.dk\/#organization"},"potentialAction":[{"@type":"SearchAction","target":{"@type":"EntryPoint","urlTemplate":"https:\/\/last-chance.dk\/?s={search_term_string}"},"query-input":{"@type":"PropertyValueSpecification","valueRequired":true,"valueName":"search_term_string"}}],"inLanguage":"da-DK"},{"@type":"Organization","@id":"https:\/\/last-chance.dk\/#organization","name":"LASTCHANCE Deals | Danmark","url":"https:\/\/last-chance.dk\/","logo":{"@type":"ImageObject","inLanguage":"da-DK","@id":"https:\/\/last-chance.dk\/#\/schema\/logo\/image\/","url":"https:\/\/last-chance.dk\/wp-content\/uploads\/2023\/10\/lastchancedeals_logo_dk_white.png","contentUrl":"https:\/\/last-chance.dk\/wp-content\/uploads\/2023\/10\/lastchancedeals_logo_dk_white.png","width":470,"height":110,"caption":"LASTCHANCE Deals | Danmark"},"image":{"@id":"https:\/\/last-chance.dk\/#\/schema\/logo\/image\/"}}]}},"_links":{"self":[{"href":"https:\/\/last-chance.dk\/index.php?rest_route=\/wp\/v2\/product\/9465","targetHints":{"allow":["GET"]}}],"collection":[{"href":"https:\/\/last-chance.dk\/index.php?rest_route=\/wp\/v2\/product"}],"about":[{"href":"https:\/\/last-chance.dk\/index.php?rest_route=\/wp\/v2\/types\/product"}],"replies":[{"embeddable":true,"href":"https:\/\/last-chance.dk\/index.php?rest_route=%2Fwp%2Fv2%2Fcomments&post=9465"}],"wp:featuredmedia":[{"embeddable":true,"href":"https:\/\/last-chance.dk\/index.php?rest_route=\/wp\/v2\/media\/9456"}],"wp:attachment":[{"href":"https:\/\/last-chance.dk\/index.php?rest_route=%2Fwp%2Fv2%2Fmedia&parent=9465"}],"wp:term":[{"taxonomy":"product_brand","embeddable":true,"href":"https:\/\/last-chance.dk\/index.php?rest_route=%2Fwp%2Fv2%2Fproduct_brand&post=9465"},{"taxonomy":"product_cat","embeddable":true,"href":"https:\/\/last-chance.dk\/index.php?rest_route=%2Fwp%2Fv2%2Fproduct_cat&post=9465"},{"taxonomy":"product_tag","embeddable":true,"href":"https:\/\/last-chance.dk\/index.php?rest_route=%2Fwp%2Fv2%2Fproduct_tag&post=9465"}],"curies":[{"name":"wp","href":"https:\/\/api.w.org\/{rel}","templated":true}]}}