{"id":9480,"date":"2023-12-14T17:39:17","date_gmt":"2023-12-14T17:39:17","guid":{"rendered":"https:\/\/www.lastchance.deals\/dk\/produkt\/aegte-laeder-haandtaske-mirka-groen-giardinera\/"},"modified":"2025-09-19T17:11:41","modified_gmt":"2025-09-19T17:11:41","slug":"aegte-laeder-haandtaske-mirka-groen-giardinera","status":"publish","type":"product","link":"https:\/\/last-chance.dk\/?product=aegte-laeder-haandtaske-mirka-groen-giardinera","title":{"rendered":"\u00c6gte L\u00e6der H\u00e5ndtaske Mirka, Gr\u00f8n Giardinera"},"content":{"rendered":"<p>\u00c6gte L\u00e6der H\u00e5ndtaske Mirka, Gr\u00f8n Giardinera<\/p>\n<p><\/p>\n<p>Dette er en stilfuld og elegant h\u00e5ndtaske perfekt til den moderne kvinde, der \u00f8nsker at udtrykke sin personlige stil. Mirka er skabt af \u00e6gte h\u00f8j kvalitets l\u00e6der der har en luksuri\u00f8s f\u00f8lelse og endda dufter godt.<\/p>\n<p><\/p>\n<p>Tilf\u00f8j et strejf af farve til dit outfit med denne smukke gr\u00f8nne Giardinera farve, der virkelig g\u00f8r denne h\u00e5ndtaske skiller sig ud. Farven er levende og i\u00f8jnefaldende, men samtidig underspillet nok til ikke at overv\u00e6lde resten af dit look.<\/p>\n<p><\/p>\n<p>Taskens st\u00f8rrelse er perfekt til din daglige n\u00f8dvendigheder. Med dimensioner p\u00e5 27x20x8 cm, er der masser af plads til din pung, telefon, makeup og andre sm\u00e5ting. Mirka er p\u00e6nt organiseret indeni og vil helt sikkert holde dine ejendele sikre og nemme at finde.<\/p>\n<p><\/p>\n<p>Leveringstiden for denne vare g\u00e5r fra 1-7 dage, s\u00e5 du beh\u00f8ver ikke vente l\u00e6nge for at f\u00e5 denne smukke h\u00e5ndtaske leveret direkte til din d\u00f8r.<\/p>\n<p><\/p>\n<p>Produkt specifikationer: <br \/>\nMateriale: \u00c6gte l\u00e6der<br \/>\nFarve: Gr\u00f8n<br \/>\nSt\u00f8rrelse: 27x20x8 cm<br \/>\nLeveringstid: 1-7 dage<\/p>\n","protected":false},"excerpt":{"rendered":"<p>\u00c6gte L\u00e6der H\u00e5ndtaske Mirka, Gr\u00f8n Giardinera Dette er en stilfuld og elegant h\u00e5ndtaske perfekt til den moderne kvinde, der \u00f8nsker at udtrykke sin personlige stil. Mirka er skabt af \u00e6gte h\u00f8j kvalitets l\u00e6der der har en luksuri\u00f8s f\u00f8lelse og endda dufter godt. Tilf\u00f8j et strejf af farve til dit outfit med denne smukke gr\u00f8nne Giardinera [&hellip;]<\/p>\n","protected":false},"featured_media":9474,"comment_status":"open","ping_status":"closed","template":"","meta":[],"product_brand":[],"product_cat":[236],"product_tag":[],"class_list":{"0":"post-9480","1":"product","2":"type-product","3":"status-publish","4":"has-post-thumbnail","6":"product_cat-women-handbags","8":"first","9":"instock","10":"shipping-taxable","11":"purchasable","12":"product-type-simple"},"yoast_head":"<!-- This site is optimized with the Yoast SEO plugin v24.8.1 - https:\/\/yoast.com\/wordpress\/plugins\/seo\/ -->\n<title>\u00c6gte L\u00e6der H\u00e5ndtaske Mirka, Gr\u00f8n Giardinera - LASTCHANCE Deals | Danmark<\/title>\n<meta name=\"robots\" content=\"index, follow, max-snippet:-1, max-image-preview:large, max-video-preview:-1\" \/>\n<link rel=\"canonical\" href=\"https:\/\/last-chance.dk\/?product=aegte-laeder-haandtaske-mirka-groen-giardinera\" \/>\n<meta property=\"og:locale\" content=\"da_DK\" \/>\n<meta property=\"og:type\" content=\"article\" \/>\n<meta property=\"og:title\" content=\"\u00c6gte L\u00e6der H\u00e5ndtaske Mirka, Gr\u00f8n Giardinera - LASTCHANCE Deals | Danmark\" \/>\n<meta property=\"og:description\" content=\"\u00c6gte L\u00e6der H\u00e5ndtaske Mirka, Gr\u00f8n Giardinera Dette er en stilfuld og elegant h\u00e5ndtaske perfekt til den moderne kvinde, der \u00f8nsker at udtrykke sin personlige stil. Mirka er skabt af \u00e6gte h\u00f8j kvalitets l\u00e6der der har en luksuri\u00f8s f\u00f8lelse og endda dufter godt. Tilf\u00f8j et strejf af farve til dit outfit med denne smukke gr\u00f8nne Giardinera [&hellip;]\" \/>\n<meta property=\"og:url\" content=\"https:\/\/last-chance.dk\/?product=aegte-laeder-haandtaske-mirka-groen-giardinera\" \/>\n<meta property=\"og:site_name\" content=\"LASTCHANCE Deals | Danmark\" \/>\n<meta property=\"article:modified_time\" content=\"2025-09-19T17:11:41+00:00\" \/>\n<meta property=\"og:image\" content=\"https:\/\/last-chance.dk\/wp-content\/uploads\/2023\/12\/1-16.jpg\" \/>\n\t<meta property=\"og:image:width\" content=\"682\" \/>\n\t<meta property=\"og:image:height\" content=\"714\" \/>\n\t<meta property=\"og:image:type\" content=\"image\/jpeg\" \/>\n<meta name=\"twitter:card\" content=\"summary_large_image\" \/>\n<meta name=\"twitter:label1\" content=\"Estimeret l\u00e6setid\" \/>\n\t<meta name=\"twitter:data1\" content=\"1 minut\" \/>\n<script type=\"application\/ld+json\" class=\"yoast-schema-graph\">{\"@context\":\"https:\/\/schema.org\",\"@graph\":[{\"@type\":\"WebPage\",\"@id\":\"https:\/\/last-chance.dk\/?product=aegte-laeder-haandtaske-mirka-groen-giardinera\",\"url\":\"https:\/\/last-chance.dk\/?product=aegte-laeder-haandtaske-mirka-groen-giardinera\",\"name\":\"\u00c6gte L\u00e6der H\u00e5ndtaske Mirka, Gr\u00f8n Giardinera - LASTCHANCE Deals | Danmark\",\"isPartOf\":{\"@id\":\"https:\/\/last-chance.dk\/#website\"},\"primaryImageOfPage\":{\"@id\":\"https:\/\/last-chance.dk\/?product=aegte-laeder-haandtaske-mirka-groen-giardinera#primaryimage\"},\"image\":{\"@id\":\"https:\/\/last-chance.dk\/?product=aegte-laeder-haandtaske-mirka-groen-giardinera#primaryimage\"},\"thumbnailUrl\":\"https:\/\/last-chance.dk\/wp-content\/uploads\/2023\/12\/1-16.jpg\",\"datePublished\":\"2023-12-14T17:39:17+00:00\",\"dateModified\":\"2025-09-19T17:11:41+00:00\",\"breadcrumb\":{\"@id\":\"https:\/\/last-chance.dk\/?product=aegte-laeder-haandtaske-mirka-groen-giardinera#breadcrumb\"},\"inLanguage\":\"da-DK\",\"potentialAction\":[{\"@type\":\"ReadAction\",\"target\":[\"https:\/\/last-chance.dk\/?product=aegte-laeder-haandtaske-mirka-groen-giardinera\"]}]},{\"@type\":\"ImageObject\",\"inLanguage\":\"da-DK\",\"@id\":\"https:\/\/last-chance.dk\/?product=aegte-laeder-haandtaske-mirka-groen-giardinera#primaryimage\",\"url\":\"https:\/\/last-chance.dk\/wp-content\/uploads\/2023\/12\/1-16.jpg\",\"contentUrl\":\"https:\/\/last-chance.dk\/wp-content\/uploads\/2023\/12\/1-16.jpg\",\"width\":682,\"height\":714},{\"@type\":\"BreadcrumbList\",\"@id\":\"https:\/\/last-chance.dk\/?product=aegte-laeder-haandtaske-mirka-groen-giardinera#breadcrumb\",\"itemListElement\":[{\"@type\":\"ListItem\",\"position\":1,\"name\":\"Home\",\"item\":\"https:\/\/last-chance.dk\/\"},{\"@type\":\"ListItem\",\"position\":2,\"name\":\"\u00c6gte L\u00e6der H\u00e5ndtaske Mirka, Gr\u00f8n Giardinera\"}]},{\"@type\":\"WebSite\",\"@id\":\"https:\/\/last-chance.dk\/#website\",\"url\":\"https:\/\/last-chance.dk\/\",\"name\":\"LASTCHANCE Deals | Danmark\",\"description\":\"LASTCHANCE Deals | Danmark\",\"publisher\":{\"@id\":\"https:\/\/last-chance.dk\/#organization\"},\"potentialAction\":[{\"@type\":\"SearchAction\",\"target\":{\"@type\":\"EntryPoint\",\"urlTemplate\":\"https:\/\/last-chance.dk\/?s={search_term_string}\"},\"query-input\":{\"@type\":\"PropertyValueSpecification\",\"valueRequired\":true,\"valueName\":\"search_term_string\"}}],\"inLanguage\":\"da-DK\"},{\"@type\":\"Organization\",\"@id\":\"https:\/\/last-chance.dk\/#organization\",\"name\":\"LASTCHANCE Deals | Danmark\",\"url\":\"https:\/\/last-chance.dk\/\",\"logo\":{\"@type\":\"ImageObject\",\"inLanguage\":\"da-DK\",\"@id\":\"https:\/\/last-chance.dk\/#\/schema\/logo\/image\/\",\"url\":\"https:\/\/last-chance.dk\/wp-content\/uploads\/2023\/10\/lastchancedeals_logo_dk_white.png\",\"contentUrl\":\"https:\/\/last-chance.dk\/wp-content\/uploads\/2023\/10\/lastchancedeals_logo_dk_white.png\",\"width\":470,\"height\":110,\"caption\":\"LASTCHANCE Deals | Danmark\"},\"image\":{\"@id\":\"https:\/\/last-chance.dk\/#\/schema\/logo\/image\/\"}}]}<\/script>\n<!-- \/ Yoast SEO plugin. -->","yoast_head_json":{"title":"\u00c6gte L\u00e6der H\u00e5ndtaske Mirka, Gr\u00f8n Giardinera - LASTCHANCE Deals | Danmark","robots":{"index":"index","follow":"follow","max-snippet":"max-snippet:-1","max-image-preview":"max-image-preview:large","max-video-preview":"max-video-preview:-1"},"canonical":"https:\/\/last-chance.dk\/?product=aegte-laeder-haandtaske-mirka-groen-giardinera","og_locale":"da_DK","og_type":"article","og_title":"\u00c6gte L\u00e6der H\u00e5ndtaske Mirka, Gr\u00f8n Giardinera - LASTCHANCE Deals | Danmark","og_description":"\u00c6gte L\u00e6der H\u00e5ndtaske Mirka, Gr\u00f8n Giardinera Dette er en stilfuld og elegant h\u00e5ndtaske perfekt til den moderne kvinde, der \u00f8nsker at udtrykke sin personlige stil. Mirka er skabt af \u00e6gte h\u00f8j kvalitets l\u00e6der der har en luksuri\u00f8s f\u00f8lelse og endda dufter godt. Tilf\u00f8j et strejf af farve til dit outfit med denne smukke gr\u00f8nne Giardinera [&hellip;]","og_url":"https:\/\/last-chance.dk\/?product=aegte-laeder-haandtaske-mirka-groen-giardinera","og_site_name":"LASTCHANCE Deals | Danmark","article_modified_time":"2025-09-19T17:11:41+00:00","og_image":[{"width":682,"height":714,"url":"https:\/\/last-chance.dk\/wp-content\/uploads\/2023\/12\/1-16.jpg","type":"image\/jpeg"}],"twitter_card":"summary_large_image","twitter_misc":{"Estimeret l\u00e6setid":"1 minut"},"schema":{"@context":"https:\/\/schema.org","@graph":[{"@type":"WebPage","@id":"https:\/\/last-chance.dk\/?product=aegte-laeder-haandtaske-mirka-groen-giardinera","url":"https:\/\/last-chance.dk\/?product=aegte-laeder-haandtaske-mirka-groen-giardinera","name":"\u00c6gte L\u00e6der H\u00e5ndtaske Mirka, Gr\u00f8n Giardinera - LASTCHANCE Deals | Danmark","isPartOf":{"@id":"https:\/\/last-chance.dk\/#website"},"primaryImageOfPage":{"@id":"https:\/\/last-chance.dk\/?product=aegte-laeder-haandtaske-mirka-groen-giardinera#primaryimage"},"image":{"@id":"https:\/\/last-chance.dk\/?product=aegte-laeder-haandtaske-mirka-groen-giardinera#primaryimage"},"thumbnailUrl":"https:\/\/last-chance.dk\/wp-content\/uploads\/2023\/12\/1-16.jpg","datePublished":"2023-12-14T17:39:17+00:00","dateModified":"2025-09-19T17:11:41+00:00","breadcrumb":{"@id":"https:\/\/last-chance.dk\/?product=aegte-laeder-haandtaske-mirka-groen-giardinera#breadcrumb"},"inLanguage":"da-DK","potentialAction":[{"@type":"ReadAction","target":["https:\/\/last-chance.dk\/?product=aegte-laeder-haandtaske-mirka-groen-giardinera"]}]},{"@type":"ImageObject","inLanguage":"da-DK","@id":"https:\/\/last-chance.dk\/?product=aegte-laeder-haandtaske-mirka-groen-giardinera#primaryimage","url":"https:\/\/last-chance.dk\/wp-content\/uploads\/2023\/12\/1-16.jpg","contentUrl":"https:\/\/last-chance.dk\/wp-content\/uploads\/2023\/12\/1-16.jpg","width":682,"height":714},{"@type":"BreadcrumbList","@id":"https:\/\/last-chance.dk\/?product=aegte-laeder-haandtaske-mirka-groen-giardinera#breadcrumb","itemListElement":[{"@type":"ListItem","position":1,"name":"Home","item":"https:\/\/last-chance.dk\/"},{"@type":"ListItem","position":2,"name":"\u00c6gte L\u00e6der H\u00e5ndtaske Mirka, Gr\u00f8n Giardinera"}]},{"@type":"WebSite","@id":"https:\/\/last-chance.dk\/#website","url":"https:\/\/last-chance.dk\/","name":"LASTCHANCE Deals | Danmark","description":"LASTCHANCE Deals | Danmark","publisher":{"@id":"https:\/\/last-chance.dk\/#organization"},"potentialAction":[{"@type":"SearchAction","target":{"@type":"EntryPoint","urlTemplate":"https:\/\/last-chance.dk\/?s={search_term_string}"},"query-input":{"@type":"PropertyValueSpecification","valueRequired":true,"valueName":"search_term_string"}}],"inLanguage":"da-DK"},{"@type":"Organization","@id":"https:\/\/last-chance.dk\/#organization","name":"LASTCHANCE Deals | Danmark","url":"https:\/\/last-chance.dk\/","logo":{"@type":"ImageObject","inLanguage":"da-DK","@id":"https:\/\/last-chance.dk\/#\/schema\/logo\/image\/","url":"https:\/\/last-chance.dk\/wp-content\/uploads\/2023\/10\/lastchancedeals_logo_dk_white.png","contentUrl":"https:\/\/last-chance.dk\/wp-content\/uploads\/2023\/10\/lastchancedeals_logo_dk_white.png","width":470,"height":110,"caption":"LASTCHANCE Deals | Danmark"},"image":{"@id":"https:\/\/last-chance.dk\/#\/schema\/logo\/image\/"}}]}},"_links":{"self":[{"href":"https:\/\/last-chance.dk\/index.php?rest_route=\/wp\/v2\/product\/9480","targetHints":{"allow":["GET"]}}],"collection":[{"href":"https:\/\/last-chance.dk\/index.php?rest_route=\/wp\/v2\/product"}],"about":[{"href":"https:\/\/last-chance.dk\/index.php?rest_route=\/wp\/v2\/types\/product"}],"replies":[{"embeddable":true,"href":"https:\/\/last-chance.dk\/index.php?rest_route=%2Fwp%2Fv2%2Fcomments&post=9480"}],"wp:featuredmedia":[{"embeddable":true,"href":"https:\/\/last-chance.dk\/index.php?rest_route=\/wp\/v2\/media\/9474"}],"wp:attachment":[{"href":"https:\/\/last-chance.dk\/index.php?rest_route=%2Fwp%2Fv2%2Fmedia&parent=9480"}],"wp:term":[{"taxonomy":"product_brand","embeddable":true,"href":"https:\/\/last-chance.dk\/index.php?rest_route=%2Fwp%2Fv2%2Fproduct_brand&post=9480"},{"taxonomy":"product_cat","embeddable":true,"href":"https:\/\/last-chance.dk\/index.php?rest_route=%2Fwp%2Fv2%2Fproduct_cat&post=9480"},{"taxonomy":"product_tag","embeddable":true,"href":"https:\/\/last-chance.dk\/index.php?rest_route=%2Fwp%2Fv2%2Fproduct_tag&post=9480"}],"curies":[{"name":"wp","href":"https:\/\/api.w.org\/{rel}","templated":true}]}}