{"id":9490,"date":"2023-12-14T17:40:09","date_gmt":"2023-12-14T17:40:09","guid":{"rendered":"https:\/\/www.lastchance.deals\/dk\/produkt\/aegte-laeder-haandtaske-georgia-sort-serenita\/"},"modified":"2025-10-13T11:44:52","modified_gmt":"2025-10-13T11:44:52","slug":"aegte-laeder-haandtaske-georgia-sort-serenita","status":"publish","type":"product","link":"https:\/\/last-chance.dk\/?product=aegte-laeder-haandtaske-georgia-sort-serenita","title":{"rendered":"\u00c6gte L\u00e6der H\u00e5ndtaske Georgia Sort Serenita"},"content":{"rendered":"<p>\u00c6gte L\u00e6derh\u00e5ndtaske Georgia Sort Serenita<\/p>\n<p><\/p>\n<p>Denne \u00e6gte l\u00e6derh\u00e5ndtaske fra Georgia Sort Serenita er et elegant tilbeh\u00f8r, der vil supplere enhver stil. Det er lavet af 100% \u00e6gte l\u00e6der, hvilket sikrer taskens holdbarhed og styrke.<\/p>\n<p><\/p>\n<p>Tasken kommer i en klassisk sort-brun farve, som g\u00f8r den alsidig at bruge med ethvert outfit. Med dens dimensioner p\u00e5 38x38x8 cm, er denne h\u00e5ndtaske rummelig nok til at rumme dine daglige forn\u00f8denheder som pung, mobiltelefon, sm\u00e5 b\u00f8ger og til og med din tablet!<\/p>\n<p><\/p>\n<p>Leveringstiden for denne h\u00e5ndtaske er 1-7 dage, s\u00e5 du kan hurtigt begynde at nyde dens bekvemmelighed og stil.<\/p>\n<p><\/p>\n<p>Specifikationer:<\/p>\n<p><\/p>\n<p>Produkttype: \u00c6gte L\u00e6derh\u00e5ndtaske<br \/>\nMateriale: \u00c6gte l\u00e6der<br \/>\nFarve: Sort-brun<br \/>\nDimensioner: 38x38x8cm<br \/>\nLeveringstid: 1-7 dage<\/p>\n","protected":false},"excerpt":{"rendered":"<p>\u00c6gte L\u00e6derh\u00e5ndtaske Georgia Sort Serenita Denne \u00e6gte l\u00e6derh\u00e5ndtaske fra Georgia Sort Serenita er et elegant tilbeh\u00f8r, der vil supplere enhver stil. Det er lavet af 100% \u00e6gte l\u00e6der, hvilket sikrer taskens holdbarhed og styrke. Tasken kommer i en klassisk sort-brun farve, som g\u00f8r den alsidig at bruge med ethvert outfit. Med dens dimensioner p\u00e5 38x38x8 [&hellip;]<\/p>\n","protected":false},"featured_media":9481,"comment_status":"open","ping_status":"closed","template":"","meta":[],"product_brand":[],"product_cat":[236],"product_tag":[],"class_list":{"0":"post-9490","1":"product","2":"type-product","3":"status-publish","4":"has-post-thumbnail","6":"product_cat-women-handbags","8":"first","9":"instock","10":"shipping-taxable","11":"purchasable","12":"product-type-simple"},"yoast_head":"<!-- This site is optimized with the Yoast SEO plugin v24.8.1 - https:\/\/yoast.com\/wordpress\/plugins\/seo\/ -->\n<title>\u00c6gte L\u00e6der H\u00e5ndtaske Georgia Sort Serenita - LASTCHANCE Deals | Danmark<\/title>\n<meta name=\"robots\" content=\"index, follow, max-snippet:-1, max-image-preview:large, max-video-preview:-1\" \/>\n<link rel=\"canonical\" href=\"https:\/\/last-chance.dk\/?product=aegte-laeder-haandtaske-georgia-sort-serenita\" \/>\n<meta property=\"og:locale\" content=\"da_DK\" \/>\n<meta property=\"og:type\" content=\"article\" \/>\n<meta property=\"og:title\" content=\"\u00c6gte L\u00e6der H\u00e5ndtaske Georgia Sort Serenita - LASTCHANCE Deals | Danmark\" \/>\n<meta property=\"og:description\" content=\"\u00c6gte L\u00e6derh\u00e5ndtaske Georgia Sort Serenita Denne \u00e6gte l\u00e6derh\u00e5ndtaske fra Georgia Sort Serenita er et elegant tilbeh\u00f8r, der vil supplere enhver stil. Det er lavet af 100% \u00e6gte l\u00e6der, hvilket sikrer taskens holdbarhed og styrke. Tasken kommer i en klassisk sort-brun farve, som g\u00f8r den alsidig at bruge med ethvert outfit. Med dens dimensioner p\u00e5 38x38x8 [&hellip;]\" \/>\n<meta property=\"og:url\" content=\"https:\/\/last-chance.dk\/?product=aegte-laeder-haandtaske-georgia-sort-serenita\" \/>\n<meta property=\"og:site_name\" content=\"LASTCHANCE Deals | Danmark\" \/>\n<meta property=\"article:modified_time\" content=\"2025-10-13T11:44:52+00:00\" \/>\n<meta property=\"og:image\" content=\"https:\/\/last-chance.dk\/wp-content\/uploads\/2023\/12\/1.jpg\" \/>\n\t<meta property=\"og:image:width\" content=\"734\" \/>\n\t<meta property=\"og:image:height\" content=\"670\" \/>\n\t<meta property=\"og:image:type\" content=\"image\/jpeg\" \/>\n<meta name=\"twitter:card\" content=\"summary_large_image\" \/>\n<meta name=\"twitter:label1\" content=\"Estimeret l\u00e6setid\" \/>\n\t<meta name=\"twitter:data1\" content=\"1 minut\" \/>\n<script type=\"application\/ld+json\" class=\"yoast-schema-graph\">{\"@context\":\"https:\/\/schema.org\",\"@graph\":[{\"@type\":\"WebPage\",\"@id\":\"https:\/\/last-chance.dk\/?product=aegte-laeder-haandtaske-georgia-sort-serenita\",\"url\":\"https:\/\/last-chance.dk\/?product=aegte-laeder-haandtaske-georgia-sort-serenita\",\"name\":\"\u00c6gte L\u00e6der H\u00e5ndtaske Georgia Sort Serenita - LASTCHANCE Deals | Danmark\",\"isPartOf\":{\"@id\":\"https:\/\/last-chance.dk\/#website\"},\"primaryImageOfPage\":{\"@id\":\"https:\/\/last-chance.dk\/?product=aegte-laeder-haandtaske-georgia-sort-serenita#primaryimage\"},\"image\":{\"@id\":\"https:\/\/last-chance.dk\/?product=aegte-laeder-haandtaske-georgia-sort-serenita#primaryimage\"},\"thumbnailUrl\":\"https:\/\/last-chance.dk\/wp-content\/uploads\/2023\/12\/1.jpg\",\"datePublished\":\"2023-12-14T17:40:09+00:00\",\"dateModified\":\"2025-10-13T11:44:52+00:00\",\"breadcrumb\":{\"@id\":\"https:\/\/last-chance.dk\/?product=aegte-laeder-haandtaske-georgia-sort-serenita#breadcrumb\"},\"inLanguage\":\"da-DK\",\"potentialAction\":[{\"@type\":\"ReadAction\",\"target\":[\"https:\/\/last-chance.dk\/?product=aegte-laeder-haandtaske-georgia-sort-serenita\"]}]},{\"@type\":\"ImageObject\",\"inLanguage\":\"da-DK\",\"@id\":\"https:\/\/last-chance.dk\/?product=aegte-laeder-haandtaske-georgia-sort-serenita#primaryimage\",\"url\":\"https:\/\/last-chance.dk\/wp-content\/uploads\/2023\/12\/1.jpg\",\"contentUrl\":\"https:\/\/last-chance.dk\/wp-content\/uploads\/2023\/12\/1.jpg\",\"width\":734,\"height\":670},{\"@type\":\"BreadcrumbList\",\"@id\":\"https:\/\/last-chance.dk\/?product=aegte-laeder-haandtaske-georgia-sort-serenita#breadcrumb\",\"itemListElement\":[{\"@type\":\"ListItem\",\"position\":1,\"name\":\"Home\",\"item\":\"https:\/\/last-chance.dk\/\"},{\"@type\":\"ListItem\",\"position\":2,\"name\":\"\u00c6gte L\u00e6der H\u00e5ndtaske Georgia Sort Serenita\"}]},{\"@type\":\"WebSite\",\"@id\":\"https:\/\/last-chance.dk\/#website\",\"url\":\"https:\/\/last-chance.dk\/\",\"name\":\"LASTCHANCE Deals | Danmark\",\"description\":\"LASTCHANCE Deals | Danmark\",\"publisher\":{\"@id\":\"https:\/\/last-chance.dk\/#organization\"},\"potentialAction\":[{\"@type\":\"SearchAction\",\"target\":{\"@type\":\"EntryPoint\",\"urlTemplate\":\"https:\/\/last-chance.dk\/?s={search_term_string}\"},\"query-input\":{\"@type\":\"PropertyValueSpecification\",\"valueRequired\":true,\"valueName\":\"search_term_string\"}}],\"inLanguage\":\"da-DK\"},{\"@type\":\"Organization\",\"@id\":\"https:\/\/last-chance.dk\/#organization\",\"name\":\"LASTCHANCE Deals | Danmark\",\"url\":\"https:\/\/last-chance.dk\/\",\"logo\":{\"@type\":\"ImageObject\",\"inLanguage\":\"da-DK\",\"@id\":\"https:\/\/last-chance.dk\/#\/schema\/logo\/image\/\",\"url\":\"https:\/\/last-chance.dk\/wp-content\/uploads\/2023\/10\/lastchancedeals_logo_dk_white.png\",\"contentUrl\":\"https:\/\/last-chance.dk\/wp-content\/uploads\/2023\/10\/lastchancedeals_logo_dk_white.png\",\"width\":470,\"height\":110,\"caption\":\"LASTCHANCE Deals | Danmark\"},\"image\":{\"@id\":\"https:\/\/last-chance.dk\/#\/schema\/logo\/image\/\"}}]}<\/script>\n<!-- \/ Yoast SEO plugin. -->","yoast_head_json":{"title":"\u00c6gte L\u00e6der H\u00e5ndtaske Georgia Sort Serenita - LASTCHANCE Deals | Danmark","robots":{"index":"index","follow":"follow","max-snippet":"max-snippet:-1","max-image-preview":"max-image-preview:large","max-video-preview":"max-video-preview:-1"},"canonical":"https:\/\/last-chance.dk\/?product=aegte-laeder-haandtaske-georgia-sort-serenita","og_locale":"da_DK","og_type":"article","og_title":"\u00c6gte L\u00e6der H\u00e5ndtaske Georgia Sort Serenita - LASTCHANCE Deals | Danmark","og_description":"\u00c6gte L\u00e6derh\u00e5ndtaske Georgia Sort Serenita Denne \u00e6gte l\u00e6derh\u00e5ndtaske fra Georgia Sort Serenita er et elegant tilbeh\u00f8r, der vil supplere enhver stil. Det er lavet af 100% \u00e6gte l\u00e6der, hvilket sikrer taskens holdbarhed og styrke. Tasken kommer i en klassisk sort-brun farve, som g\u00f8r den alsidig at bruge med ethvert outfit. Med dens dimensioner p\u00e5 38x38x8 [&hellip;]","og_url":"https:\/\/last-chance.dk\/?product=aegte-laeder-haandtaske-georgia-sort-serenita","og_site_name":"LASTCHANCE Deals | Danmark","article_modified_time":"2025-10-13T11:44:52+00:00","og_image":[{"width":734,"height":670,"url":"https:\/\/last-chance.dk\/wp-content\/uploads\/2023\/12\/1.jpg","type":"image\/jpeg"}],"twitter_card":"summary_large_image","twitter_misc":{"Estimeret l\u00e6setid":"1 minut"},"schema":{"@context":"https:\/\/schema.org","@graph":[{"@type":"WebPage","@id":"https:\/\/last-chance.dk\/?product=aegte-laeder-haandtaske-georgia-sort-serenita","url":"https:\/\/last-chance.dk\/?product=aegte-laeder-haandtaske-georgia-sort-serenita","name":"\u00c6gte L\u00e6der H\u00e5ndtaske Georgia Sort Serenita - LASTCHANCE Deals | Danmark","isPartOf":{"@id":"https:\/\/last-chance.dk\/#website"},"primaryImageOfPage":{"@id":"https:\/\/last-chance.dk\/?product=aegte-laeder-haandtaske-georgia-sort-serenita#primaryimage"},"image":{"@id":"https:\/\/last-chance.dk\/?product=aegte-laeder-haandtaske-georgia-sort-serenita#primaryimage"},"thumbnailUrl":"https:\/\/last-chance.dk\/wp-content\/uploads\/2023\/12\/1.jpg","datePublished":"2023-12-14T17:40:09+00:00","dateModified":"2025-10-13T11:44:52+00:00","breadcrumb":{"@id":"https:\/\/last-chance.dk\/?product=aegte-laeder-haandtaske-georgia-sort-serenita#breadcrumb"},"inLanguage":"da-DK","potentialAction":[{"@type":"ReadAction","target":["https:\/\/last-chance.dk\/?product=aegte-laeder-haandtaske-georgia-sort-serenita"]}]},{"@type":"ImageObject","inLanguage":"da-DK","@id":"https:\/\/last-chance.dk\/?product=aegte-laeder-haandtaske-georgia-sort-serenita#primaryimage","url":"https:\/\/last-chance.dk\/wp-content\/uploads\/2023\/12\/1.jpg","contentUrl":"https:\/\/last-chance.dk\/wp-content\/uploads\/2023\/12\/1.jpg","width":734,"height":670},{"@type":"BreadcrumbList","@id":"https:\/\/last-chance.dk\/?product=aegte-laeder-haandtaske-georgia-sort-serenita#breadcrumb","itemListElement":[{"@type":"ListItem","position":1,"name":"Home","item":"https:\/\/last-chance.dk\/"},{"@type":"ListItem","position":2,"name":"\u00c6gte L\u00e6der H\u00e5ndtaske Georgia Sort Serenita"}]},{"@type":"WebSite","@id":"https:\/\/last-chance.dk\/#website","url":"https:\/\/last-chance.dk\/","name":"LASTCHANCE Deals | Danmark","description":"LASTCHANCE Deals | Danmark","publisher":{"@id":"https:\/\/last-chance.dk\/#organization"},"potentialAction":[{"@type":"SearchAction","target":{"@type":"EntryPoint","urlTemplate":"https:\/\/last-chance.dk\/?s={search_term_string}"},"query-input":{"@type":"PropertyValueSpecification","valueRequired":true,"valueName":"search_term_string"}}],"inLanguage":"da-DK"},{"@type":"Organization","@id":"https:\/\/last-chance.dk\/#organization","name":"LASTCHANCE Deals | Danmark","url":"https:\/\/last-chance.dk\/","logo":{"@type":"ImageObject","inLanguage":"da-DK","@id":"https:\/\/last-chance.dk\/#\/schema\/logo\/image\/","url":"https:\/\/last-chance.dk\/wp-content\/uploads\/2023\/10\/lastchancedeals_logo_dk_white.png","contentUrl":"https:\/\/last-chance.dk\/wp-content\/uploads\/2023\/10\/lastchancedeals_logo_dk_white.png","width":470,"height":110,"caption":"LASTCHANCE Deals | Danmark"},"image":{"@id":"https:\/\/last-chance.dk\/#\/schema\/logo\/image\/"}}]}},"_links":{"self":[{"href":"https:\/\/last-chance.dk\/index.php?rest_route=\/wp\/v2\/product\/9490","targetHints":{"allow":["GET"]}}],"collection":[{"href":"https:\/\/last-chance.dk\/index.php?rest_route=\/wp\/v2\/product"}],"about":[{"href":"https:\/\/last-chance.dk\/index.php?rest_route=\/wp\/v2\/types\/product"}],"replies":[{"embeddable":true,"href":"https:\/\/last-chance.dk\/index.php?rest_route=%2Fwp%2Fv2%2Fcomments&post=9490"}],"wp:featuredmedia":[{"embeddable":true,"href":"https:\/\/last-chance.dk\/index.php?rest_route=\/wp\/v2\/media\/9481"}],"wp:attachment":[{"href":"https:\/\/last-chance.dk\/index.php?rest_route=%2Fwp%2Fv2%2Fmedia&parent=9490"}],"wp:term":[{"taxonomy":"product_brand","embeddable":true,"href":"https:\/\/last-chance.dk\/index.php?rest_route=%2Fwp%2Fv2%2Fproduct_brand&post=9490"},{"taxonomy":"product_cat","embeddable":true,"href":"https:\/\/last-chance.dk\/index.php?rest_route=%2Fwp%2Fv2%2Fproduct_cat&post=9490"},{"taxonomy":"product_tag","embeddable":true,"href":"https:\/\/last-chance.dk\/index.php?rest_route=%2Fwp%2Fv2%2Fproduct_tag&post=9490"}],"curies":[{"name":"wp","href":"https:\/\/api.w.org\/{rel}","templated":true}]}}