{"id":9495,"date":"2023-12-14T17:41:03","date_gmt":"2023-12-14T17:41:03","guid":{"rendered":"https:\/\/www.lastchance.deals\/dk\/produkt\/aegte-laederhaandtaske-amilia-beige-astratto\/"},"modified":"2025-10-13T11:45:54","modified_gmt":"2025-10-13T11:45:54","slug":"aegte-laederhaandtaske-amilia-beige-astratto","status":"publish","type":"product","link":"https:\/\/last-chance.dk\/?product=aegte-laederhaandtaske-amilia-beige-astratto","title":{"rendered":"\u00c6gte l\u00e6derh\u00e5ndtaske Amilia, Beige Astratto"},"content":{"rendered":"<p>\u00c6gte l\u00e6derh\u00e5ndtaske Amilia, Beige Astratto<\/p>\n<p><\/p>\n<p>V\u00e6r elegant og fashionable med denne \u00e6gte l\u00e6derh\u00e5ndtaske i farven Beige Astratto. Tasken er et must for dem, der v\u00e6rds\u00e6tter stil og kvalitet. Den er lavet af \u00e6gte, slidst\u00e6rkt l\u00e6der og har en klassisk beige farve, der let kan matches med ethvert outfit, uanset omst\u00e6ndighederne.<\/p>\n<p><\/p>\n<p>Amilia-h\u00e5ndtasken kan prale af at v\u00e6re b\u00e5de rummelig og praktisk med dens dimensioner p\u00e5 40x34x4 cm. Du kan nemt opbevare dine n\u00f8dvendigheder som pung, telefon, kosmetik og meget mere. Denne h\u00e5ndtaske vil v\u00e6re din bedste ven i dit daglige liv og vil bringe et strejf af elegance til alle dine outfits.<\/p>\n<p><\/p>\n<p>Gl\u00e6d dig til at modtage denne fantastiske l\u00e6dertaske inden for bare 1-7 dage. Bestil nu og oplev et mesterv\u00e6rk af kvalitet og stil.<\/p>\n<p><\/p>\n<p>Specifikationer:<\/p>\n<p><\/p>\n<p>Materiale: \u00c6gte l\u00e6der<br \/>\nFarve: Beige<br \/>\nSt\u00f8rrelse: 40x34x4 cm<br \/>\nLeveringstid: 1-7 dage<\/p>\n","protected":false},"excerpt":{"rendered":"<p>\u00c6gte l\u00e6derh\u00e5ndtaske Amilia, Beige Astratto V\u00e6r elegant og fashionable med denne \u00e6gte l\u00e6derh\u00e5ndtaske i farven Beige Astratto. Tasken er et must for dem, der v\u00e6rds\u00e6tter stil og kvalitet. Den er lavet af \u00e6gte, slidst\u00e6rkt l\u00e6der og har en klassisk beige farve, der let kan matches med ethvert outfit, uanset omst\u00e6ndighederne. Amilia-h\u00e5ndtasken kan prale af at [&hellip;]<\/p>\n","protected":false},"featured_media":9491,"comment_status":"open","ping_status":"closed","template":"","meta":[],"product_brand":[],"product_cat":[236],"product_tag":[],"class_list":{"0":"post-9495","1":"product","2":"type-product","3":"status-publish","4":"has-post-thumbnail","6":"product_cat-women-handbags","8":"first","9":"instock","10":"shipping-taxable","11":"purchasable","12":"product-type-simple"},"yoast_head":"<!-- This site is optimized with the Yoast SEO plugin v24.8.1 - https:\/\/yoast.com\/wordpress\/plugins\/seo\/ -->\n<title>\u00c6gte l\u00e6derh\u00e5ndtaske Amilia, Beige Astratto - LASTCHANCE Deals | Danmark<\/title>\n<meta name=\"robots\" content=\"index, follow, max-snippet:-1, max-image-preview:large, max-video-preview:-1\" \/>\n<link rel=\"canonical\" href=\"https:\/\/last-chance.dk\/?product=aegte-laederhaandtaske-amilia-beige-astratto\" \/>\n<meta property=\"og:locale\" content=\"da_DK\" \/>\n<meta property=\"og:type\" content=\"article\" \/>\n<meta property=\"og:title\" content=\"\u00c6gte l\u00e6derh\u00e5ndtaske Amilia, Beige Astratto - LASTCHANCE Deals | Danmark\" \/>\n<meta property=\"og:description\" content=\"\u00c6gte l\u00e6derh\u00e5ndtaske Amilia, Beige Astratto V\u00e6r elegant og fashionable med denne \u00e6gte l\u00e6derh\u00e5ndtaske i farven Beige Astratto. Tasken er et must for dem, der v\u00e6rds\u00e6tter stil og kvalitet. Den er lavet af \u00e6gte, slidst\u00e6rkt l\u00e6der og har en klassisk beige farve, der let kan matches med ethvert outfit, uanset omst\u00e6ndighederne. Amilia-h\u00e5ndtasken kan prale af at [&hellip;]\" \/>\n<meta property=\"og:url\" content=\"https:\/\/last-chance.dk\/?product=aegte-laederhaandtaske-amilia-beige-astratto\" \/>\n<meta property=\"og:site_name\" content=\"LASTCHANCE Deals | Danmark\" \/>\n<meta property=\"article:modified_time\" content=\"2025-10-13T11:45:54+00:00\" \/>\n<meta property=\"og:image\" content=\"https:\/\/last-chance.dk\/wp-content\/uploads\/2023\/12\/1-4.jpg\" \/>\n\t<meta property=\"og:image:width\" content=\"800\" \/>\n\t<meta property=\"og:image:height\" content=\"800\" \/>\n\t<meta property=\"og:image:type\" content=\"image\/jpeg\" \/>\n<meta name=\"twitter:card\" content=\"summary_large_image\" \/>\n<meta name=\"twitter:label1\" content=\"Estimeret l\u00e6setid\" \/>\n\t<meta name=\"twitter:data1\" content=\"1 minut\" \/>\n<script type=\"application\/ld+json\" class=\"yoast-schema-graph\">{\"@context\":\"https:\/\/schema.org\",\"@graph\":[{\"@type\":\"WebPage\",\"@id\":\"https:\/\/last-chance.dk\/?product=aegte-laederhaandtaske-amilia-beige-astratto\",\"url\":\"https:\/\/last-chance.dk\/?product=aegte-laederhaandtaske-amilia-beige-astratto\",\"name\":\"\u00c6gte l\u00e6derh\u00e5ndtaske Amilia, Beige Astratto - LASTCHANCE Deals | Danmark\",\"isPartOf\":{\"@id\":\"https:\/\/last-chance.dk\/#website\"},\"primaryImageOfPage\":{\"@id\":\"https:\/\/last-chance.dk\/?product=aegte-laederhaandtaske-amilia-beige-astratto#primaryimage\"},\"image\":{\"@id\":\"https:\/\/last-chance.dk\/?product=aegte-laederhaandtaske-amilia-beige-astratto#primaryimage\"},\"thumbnailUrl\":\"https:\/\/last-chance.dk\/wp-content\/uploads\/2023\/12\/1-4.jpg\",\"datePublished\":\"2023-12-14T17:41:03+00:00\",\"dateModified\":\"2025-10-13T11:45:54+00:00\",\"breadcrumb\":{\"@id\":\"https:\/\/last-chance.dk\/?product=aegte-laederhaandtaske-amilia-beige-astratto#breadcrumb\"},\"inLanguage\":\"da-DK\",\"potentialAction\":[{\"@type\":\"ReadAction\",\"target\":[\"https:\/\/last-chance.dk\/?product=aegte-laederhaandtaske-amilia-beige-astratto\"]}]},{\"@type\":\"ImageObject\",\"inLanguage\":\"da-DK\",\"@id\":\"https:\/\/last-chance.dk\/?product=aegte-laederhaandtaske-amilia-beige-astratto#primaryimage\",\"url\":\"https:\/\/last-chance.dk\/wp-content\/uploads\/2023\/12\/1-4.jpg\",\"contentUrl\":\"https:\/\/last-chance.dk\/wp-content\/uploads\/2023\/12\/1-4.jpg\",\"width\":800,\"height\":800},{\"@type\":\"BreadcrumbList\",\"@id\":\"https:\/\/last-chance.dk\/?product=aegte-laederhaandtaske-amilia-beige-astratto#breadcrumb\",\"itemListElement\":[{\"@type\":\"ListItem\",\"position\":1,\"name\":\"Home\",\"item\":\"https:\/\/last-chance.dk\/\"},{\"@type\":\"ListItem\",\"position\":2,\"name\":\"\u00c6gte l\u00e6derh\u00e5ndtaske Amilia, Beige Astratto\"}]},{\"@type\":\"WebSite\",\"@id\":\"https:\/\/last-chance.dk\/#website\",\"url\":\"https:\/\/last-chance.dk\/\",\"name\":\"LASTCHANCE Deals | Danmark\",\"description\":\"LASTCHANCE Deals | Danmark\",\"publisher\":{\"@id\":\"https:\/\/last-chance.dk\/#organization\"},\"potentialAction\":[{\"@type\":\"SearchAction\",\"target\":{\"@type\":\"EntryPoint\",\"urlTemplate\":\"https:\/\/last-chance.dk\/?s={search_term_string}\"},\"query-input\":{\"@type\":\"PropertyValueSpecification\",\"valueRequired\":true,\"valueName\":\"search_term_string\"}}],\"inLanguage\":\"da-DK\"},{\"@type\":\"Organization\",\"@id\":\"https:\/\/last-chance.dk\/#organization\",\"name\":\"LASTCHANCE Deals | Danmark\",\"url\":\"https:\/\/last-chance.dk\/\",\"logo\":{\"@type\":\"ImageObject\",\"inLanguage\":\"da-DK\",\"@id\":\"https:\/\/last-chance.dk\/#\/schema\/logo\/image\/\",\"url\":\"https:\/\/last-chance.dk\/wp-content\/uploads\/2023\/10\/lastchancedeals_logo_dk_white.png\",\"contentUrl\":\"https:\/\/last-chance.dk\/wp-content\/uploads\/2023\/10\/lastchancedeals_logo_dk_white.png\",\"width\":470,\"height\":110,\"caption\":\"LASTCHANCE Deals | Danmark\"},\"image\":{\"@id\":\"https:\/\/last-chance.dk\/#\/schema\/logo\/image\/\"}}]}<\/script>\n<!-- \/ Yoast SEO plugin. -->","yoast_head_json":{"title":"\u00c6gte l\u00e6derh\u00e5ndtaske Amilia, Beige Astratto - LASTCHANCE Deals | Danmark","robots":{"index":"index","follow":"follow","max-snippet":"max-snippet:-1","max-image-preview":"max-image-preview:large","max-video-preview":"max-video-preview:-1"},"canonical":"https:\/\/last-chance.dk\/?product=aegte-laederhaandtaske-amilia-beige-astratto","og_locale":"da_DK","og_type":"article","og_title":"\u00c6gte l\u00e6derh\u00e5ndtaske Amilia, Beige Astratto - LASTCHANCE Deals | Danmark","og_description":"\u00c6gte l\u00e6derh\u00e5ndtaske Amilia, Beige Astratto V\u00e6r elegant og fashionable med denne \u00e6gte l\u00e6derh\u00e5ndtaske i farven Beige Astratto. Tasken er et must for dem, der v\u00e6rds\u00e6tter stil og kvalitet. Den er lavet af \u00e6gte, slidst\u00e6rkt l\u00e6der og har en klassisk beige farve, der let kan matches med ethvert outfit, uanset omst\u00e6ndighederne. Amilia-h\u00e5ndtasken kan prale af at [&hellip;]","og_url":"https:\/\/last-chance.dk\/?product=aegte-laederhaandtaske-amilia-beige-astratto","og_site_name":"LASTCHANCE Deals | Danmark","article_modified_time":"2025-10-13T11:45:54+00:00","og_image":[{"width":800,"height":800,"url":"https:\/\/last-chance.dk\/wp-content\/uploads\/2023\/12\/1-4.jpg","type":"image\/jpeg"}],"twitter_card":"summary_large_image","twitter_misc":{"Estimeret l\u00e6setid":"1 minut"},"schema":{"@context":"https:\/\/schema.org","@graph":[{"@type":"WebPage","@id":"https:\/\/last-chance.dk\/?product=aegte-laederhaandtaske-amilia-beige-astratto","url":"https:\/\/last-chance.dk\/?product=aegte-laederhaandtaske-amilia-beige-astratto","name":"\u00c6gte l\u00e6derh\u00e5ndtaske Amilia, Beige Astratto - LASTCHANCE Deals | Danmark","isPartOf":{"@id":"https:\/\/last-chance.dk\/#website"},"primaryImageOfPage":{"@id":"https:\/\/last-chance.dk\/?product=aegte-laederhaandtaske-amilia-beige-astratto#primaryimage"},"image":{"@id":"https:\/\/last-chance.dk\/?product=aegte-laederhaandtaske-amilia-beige-astratto#primaryimage"},"thumbnailUrl":"https:\/\/last-chance.dk\/wp-content\/uploads\/2023\/12\/1-4.jpg","datePublished":"2023-12-14T17:41:03+00:00","dateModified":"2025-10-13T11:45:54+00:00","breadcrumb":{"@id":"https:\/\/last-chance.dk\/?product=aegte-laederhaandtaske-amilia-beige-astratto#breadcrumb"},"inLanguage":"da-DK","potentialAction":[{"@type":"ReadAction","target":["https:\/\/last-chance.dk\/?product=aegte-laederhaandtaske-amilia-beige-astratto"]}]},{"@type":"ImageObject","inLanguage":"da-DK","@id":"https:\/\/last-chance.dk\/?product=aegte-laederhaandtaske-amilia-beige-astratto#primaryimage","url":"https:\/\/last-chance.dk\/wp-content\/uploads\/2023\/12\/1-4.jpg","contentUrl":"https:\/\/last-chance.dk\/wp-content\/uploads\/2023\/12\/1-4.jpg","width":800,"height":800},{"@type":"BreadcrumbList","@id":"https:\/\/last-chance.dk\/?product=aegte-laederhaandtaske-amilia-beige-astratto#breadcrumb","itemListElement":[{"@type":"ListItem","position":1,"name":"Home","item":"https:\/\/last-chance.dk\/"},{"@type":"ListItem","position":2,"name":"\u00c6gte l\u00e6derh\u00e5ndtaske Amilia, Beige Astratto"}]},{"@type":"WebSite","@id":"https:\/\/last-chance.dk\/#website","url":"https:\/\/last-chance.dk\/","name":"LASTCHANCE Deals | Danmark","description":"LASTCHANCE Deals | Danmark","publisher":{"@id":"https:\/\/last-chance.dk\/#organization"},"potentialAction":[{"@type":"SearchAction","target":{"@type":"EntryPoint","urlTemplate":"https:\/\/last-chance.dk\/?s={search_term_string}"},"query-input":{"@type":"PropertyValueSpecification","valueRequired":true,"valueName":"search_term_string"}}],"inLanguage":"da-DK"},{"@type":"Organization","@id":"https:\/\/last-chance.dk\/#organization","name":"LASTCHANCE Deals | Danmark","url":"https:\/\/last-chance.dk\/","logo":{"@type":"ImageObject","inLanguage":"da-DK","@id":"https:\/\/last-chance.dk\/#\/schema\/logo\/image\/","url":"https:\/\/last-chance.dk\/wp-content\/uploads\/2023\/10\/lastchancedeals_logo_dk_white.png","contentUrl":"https:\/\/last-chance.dk\/wp-content\/uploads\/2023\/10\/lastchancedeals_logo_dk_white.png","width":470,"height":110,"caption":"LASTCHANCE Deals | Danmark"},"image":{"@id":"https:\/\/last-chance.dk\/#\/schema\/logo\/image\/"}}]}},"_links":{"self":[{"href":"https:\/\/last-chance.dk\/index.php?rest_route=\/wp\/v2\/product\/9495","targetHints":{"allow":["GET"]}}],"collection":[{"href":"https:\/\/last-chance.dk\/index.php?rest_route=\/wp\/v2\/product"}],"about":[{"href":"https:\/\/last-chance.dk\/index.php?rest_route=\/wp\/v2\/types\/product"}],"replies":[{"embeddable":true,"href":"https:\/\/last-chance.dk\/index.php?rest_route=%2Fwp%2Fv2%2Fcomments&post=9495"}],"wp:featuredmedia":[{"embeddable":true,"href":"https:\/\/last-chance.dk\/index.php?rest_route=\/wp\/v2\/media\/9491"}],"wp:attachment":[{"href":"https:\/\/last-chance.dk\/index.php?rest_route=%2Fwp%2Fv2%2Fmedia&parent=9495"}],"wp:term":[{"taxonomy":"product_brand","embeddable":true,"href":"https:\/\/last-chance.dk\/index.php?rest_route=%2Fwp%2Fv2%2Fproduct_brand&post=9495"},{"taxonomy":"product_cat","embeddable":true,"href":"https:\/\/last-chance.dk\/index.php?rest_route=%2Fwp%2Fv2%2Fproduct_cat&post=9495"},{"taxonomy":"product_tag","embeddable":true,"href":"https:\/\/last-chance.dk\/index.php?rest_route=%2Fwp%2Fv2%2Fproduct_tag&post=9495"}],"curies":[{"name":"wp","href":"https:\/\/api.w.org\/{rel}","templated":true}]}}