{"id":9505,"date":"2023-12-14T17:42:53","date_gmt":"2023-12-14T17:42:53","guid":{"rendered":"https:\/\/www.lastchance.deals\/dk\/produkt\/aegte-laeder-haandtaske-kornelia-beige-lunetta\/"},"modified":"2025-09-19T17:08:11","modified_gmt":"2025-09-19T17:08:11","slug":"aegte-laeder-haandtaske-kornelia-beige-lunetta","status":"publish","type":"product","link":"https:\/\/last-chance.dk\/?product=aegte-laeder-haandtaske-kornelia-beige-lunetta","title":{"rendered":"\u00c6gte l\u00e6der h\u00e5ndtaske Kornelia, Beige Lunetta"},"content":{"rendered":"<p>\u00c6gte L\u00e6der H\u00e5ndtaske Kornelia, Beige Lunetta<\/p>\n<p><\/p>\n<p>Kornelia er en l\u00e6kker og elegant h\u00e5ndtaske, der er lavet af den mest autentiske l\u00e6der. Den er designet med tanke p\u00e5 b\u00e5de funktionalitet og tidl\u00f8s stil, hvilket g\u00f8r den perfekt til dagligdags brug.<\/p>\n<p><\/p>\n<p>Farven beige skaber et klassisk og raffineret udseende, der let kan matches med ethvert outfit. Med sin st\u00f8rrelse p\u00e5 32x23x10 cm, er denne taske den ideelle f\u00f8lgesvend til enhver lejlighed, der kr\u00e6ver en kombination af elegance og praktiske egenskaber. Taskens st\u00f8rrelse g\u00f8r det muligt at tage alle n\u00f8dvendigheder med p\u00e5 farten.<\/p>\n<p><\/p>\n<p>Uanset om du er p\u00e5 vej til kontoret, shopping, eller en aften ude, vil denne h\u00e5ndtaske v\u00e6re den perfekte tilf\u00f8jelse til din garderobe. Leveringstiden er blot mellem 1-7 dage, s\u00e5 du kan hurtigt begynde at nyde din nye taske.<\/p>\n<p><\/p>\n<p><strong>Produkt specifikationer:<\/strong><br \/>\nMateriale: \u00c6gte l\u00e6der<br \/>\nFarve: Beige<br \/>\nSt\u00f8rrelse: 32x23x10 cm<br \/>\nLeveringstid: 1-7 dage<\/p>\n","protected":false},"excerpt":{"rendered":"<p>\u00c6gte L\u00e6der H\u00e5ndtaske Kornelia, Beige Lunetta Kornelia er en l\u00e6kker og elegant h\u00e5ndtaske, der er lavet af den mest autentiske l\u00e6der. Den er designet med tanke p\u00e5 b\u00e5de funktionalitet og tidl\u00f8s stil, hvilket g\u00f8r den perfekt til dagligdags brug. Farven beige skaber et klassisk og raffineret udseende, der let kan matches med ethvert outfit. Med [&hellip;]<\/p>\n","protected":false},"featured_media":9496,"comment_status":"open","ping_status":"closed","template":"","meta":[],"product_brand":[],"product_cat":[236],"product_tag":[],"class_list":{"0":"post-9505","1":"product","2":"type-product","3":"status-publish","4":"has-post-thumbnail","6":"product_cat-women-handbags","8":"first","9":"instock","10":"shipping-taxable","11":"purchasable","12":"product-type-simple"},"yoast_head":"<!-- This site is optimized with the Yoast SEO plugin v24.8.1 - https:\/\/yoast.com\/wordpress\/plugins\/seo\/ -->\n<title>\u00c6gte l\u00e6der h\u00e5ndtaske Kornelia, Beige Lunetta - LASTCHANCE Deals | Danmark<\/title>\n<meta name=\"robots\" content=\"index, follow, max-snippet:-1, max-image-preview:large, max-video-preview:-1\" \/>\n<link rel=\"canonical\" href=\"https:\/\/last-chance.dk\/?product=aegte-laeder-haandtaske-kornelia-beige-lunetta\" \/>\n<meta property=\"og:locale\" content=\"da_DK\" \/>\n<meta property=\"og:type\" content=\"article\" \/>\n<meta property=\"og:title\" content=\"\u00c6gte l\u00e6der h\u00e5ndtaske Kornelia, Beige Lunetta - LASTCHANCE Deals | Danmark\" \/>\n<meta property=\"og:description\" content=\"\u00c6gte L\u00e6der H\u00e5ndtaske Kornelia, Beige Lunetta Kornelia er en l\u00e6kker og elegant h\u00e5ndtaske, der er lavet af den mest autentiske l\u00e6der. Den er designet med tanke p\u00e5 b\u00e5de funktionalitet og tidl\u00f8s stil, hvilket g\u00f8r den perfekt til dagligdags brug. Farven beige skaber et klassisk og raffineret udseende, der let kan matches med ethvert outfit. Med [&hellip;]\" \/>\n<meta property=\"og:url\" content=\"https:\/\/last-chance.dk\/?product=aegte-laeder-haandtaske-kornelia-beige-lunetta\" \/>\n<meta property=\"og:site_name\" content=\"LASTCHANCE Deals | Danmark\" \/>\n<meta property=\"article:modified_time\" content=\"2025-09-19T17:08:11+00:00\" \/>\n<meta property=\"og:image\" content=\"https:\/\/last-chance.dk\/wp-content\/uploads\/2023\/12\/1-5-scaled-1.jpg\" \/>\n\t<meta property=\"og:image:width\" content=\"2560\" \/>\n\t<meta property=\"og:image:height\" content=\"2560\" \/>\n\t<meta property=\"og:image:type\" content=\"image\/jpeg\" \/>\n<meta name=\"twitter:card\" content=\"summary_large_image\" \/>\n<meta name=\"twitter:label1\" content=\"Estimeret l\u00e6setid\" \/>\n\t<meta name=\"twitter:data1\" content=\"1 minut\" \/>\n<script type=\"application\/ld+json\" class=\"yoast-schema-graph\">{\"@context\":\"https:\/\/schema.org\",\"@graph\":[{\"@type\":\"WebPage\",\"@id\":\"https:\/\/last-chance.dk\/?product=aegte-laeder-haandtaske-kornelia-beige-lunetta\",\"url\":\"https:\/\/last-chance.dk\/?product=aegte-laeder-haandtaske-kornelia-beige-lunetta\",\"name\":\"\u00c6gte l\u00e6der h\u00e5ndtaske Kornelia, Beige Lunetta - LASTCHANCE Deals | Danmark\",\"isPartOf\":{\"@id\":\"https:\/\/last-chance.dk\/#website\"},\"primaryImageOfPage\":{\"@id\":\"https:\/\/last-chance.dk\/?product=aegte-laeder-haandtaske-kornelia-beige-lunetta#primaryimage\"},\"image\":{\"@id\":\"https:\/\/last-chance.dk\/?product=aegte-laeder-haandtaske-kornelia-beige-lunetta#primaryimage\"},\"thumbnailUrl\":\"https:\/\/last-chance.dk\/wp-content\/uploads\/2023\/12\/1-5-scaled-1.jpg\",\"datePublished\":\"2023-12-14T17:42:53+00:00\",\"dateModified\":\"2025-09-19T17:08:11+00:00\",\"breadcrumb\":{\"@id\":\"https:\/\/last-chance.dk\/?product=aegte-laeder-haandtaske-kornelia-beige-lunetta#breadcrumb\"},\"inLanguage\":\"da-DK\",\"potentialAction\":[{\"@type\":\"ReadAction\",\"target\":[\"https:\/\/last-chance.dk\/?product=aegte-laeder-haandtaske-kornelia-beige-lunetta\"]}]},{\"@type\":\"ImageObject\",\"inLanguage\":\"da-DK\",\"@id\":\"https:\/\/last-chance.dk\/?product=aegte-laeder-haandtaske-kornelia-beige-lunetta#primaryimage\",\"url\":\"https:\/\/last-chance.dk\/wp-content\/uploads\/2023\/12\/1-5-scaled-1.jpg\",\"contentUrl\":\"https:\/\/last-chance.dk\/wp-content\/uploads\/2023\/12\/1-5-scaled-1.jpg\",\"width\":2560,\"height\":2560},{\"@type\":\"BreadcrumbList\",\"@id\":\"https:\/\/last-chance.dk\/?product=aegte-laeder-haandtaske-kornelia-beige-lunetta#breadcrumb\",\"itemListElement\":[{\"@type\":\"ListItem\",\"position\":1,\"name\":\"Home\",\"item\":\"https:\/\/last-chance.dk\/\"},{\"@type\":\"ListItem\",\"position\":2,\"name\":\"\u00c6gte l\u00e6der h\u00e5ndtaske Kornelia, Beige Lunetta\"}]},{\"@type\":\"WebSite\",\"@id\":\"https:\/\/last-chance.dk\/#website\",\"url\":\"https:\/\/last-chance.dk\/\",\"name\":\"LASTCHANCE Deals | Danmark\",\"description\":\"LASTCHANCE Deals | Danmark\",\"publisher\":{\"@id\":\"https:\/\/last-chance.dk\/#organization\"},\"potentialAction\":[{\"@type\":\"SearchAction\",\"target\":{\"@type\":\"EntryPoint\",\"urlTemplate\":\"https:\/\/last-chance.dk\/?s={search_term_string}\"},\"query-input\":{\"@type\":\"PropertyValueSpecification\",\"valueRequired\":true,\"valueName\":\"search_term_string\"}}],\"inLanguage\":\"da-DK\"},{\"@type\":\"Organization\",\"@id\":\"https:\/\/last-chance.dk\/#organization\",\"name\":\"LASTCHANCE Deals | Danmark\",\"url\":\"https:\/\/last-chance.dk\/\",\"logo\":{\"@type\":\"ImageObject\",\"inLanguage\":\"da-DK\",\"@id\":\"https:\/\/last-chance.dk\/#\/schema\/logo\/image\/\",\"url\":\"https:\/\/last-chance.dk\/wp-content\/uploads\/2023\/10\/lastchancedeals_logo_dk_white.png\",\"contentUrl\":\"https:\/\/last-chance.dk\/wp-content\/uploads\/2023\/10\/lastchancedeals_logo_dk_white.png\",\"width\":470,\"height\":110,\"caption\":\"LASTCHANCE Deals | Danmark\"},\"image\":{\"@id\":\"https:\/\/last-chance.dk\/#\/schema\/logo\/image\/\"}}]}<\/script>\n<!-- \/ Yoast SEO plugin. -->","yoast_head_json":{"title":"\u00c6gte l\u00e6der h\u00e5ndtaske Kornelia, Beige Lunetta - LASTCHANCE Deals | Danmark","robots":{"index":"index","follow":"follow","max-snippet":"max-snippet:-1","max-image-preview":"max-image-preview:large","max-video-preview":"max-video-preview:-1"},"canonical":"https:\/\/last-chance.dk\/?product=aegte-laeder-haandtaske-kornelia-beige-lunetta","og_locale":"da_DK","og_type":"article","og_title":"\u00c6gte l\u00e6der h\u00e5ndtaske Kornelia, Beige Lunetta - LASTCHANCE Deals | Danmark","og_description":"\u00c6gte L\u00e6der H\u00e5ndtaske Kornelia, Beige Lunetta Kornelia er en l\u00e6kker og elegant h\u00e5ndtaske, der er lavet af den mest autentiske l\u00e6der. Den er designet med tanke p\u00e5 b\u00e5de funktionalitet og tidl\u00f8s stil, hvilket g\u00f8r den perfekt til dagligdags brug. Farven beige skaber et klassisk og raffineret udseende, der let kan matches med ethvert outfit. Med [&hellip;]","og_url":"https:\/\/last-chance.dk\/?product=aegte-laeder-haandtaske-kornelia-beige-lunetta","og_site_name":"LASTCHANCE Deals | Danmark","article_modified_time":"2025-09-19T17:08:11+00:00","og_image":[{"width":2560,"height":2560,"url":"https:\/\/last-chance.dk\/wp-content\/uploads\/2023\/12\/1-5-scaled-1.jpg","type":"image\/jpeg"}],"twitter_card":"summary_large_image","twitter_misc":{"Estimeret l\u00e6setid":"1 minut"},"schema":{"@context":"https:\/\/schema.org","@graph":[{"@type":"WebPage","@id":"https:\/\/last-chance.dk\/?product=aegte-laeder-haandtaske-kornelia-beige-lunetta","url":"https:\/\/last-chance.dk\/?product=aegte-laeder-haandtaske-kornelia-beige-lunetta","name":"\u00c6gte l\u00e6der h\u00e5ndtaske Kornelia, Beige Lunetta - LASTCHANCE Deals | Danmark","isPartOf":{"@id":"https:\/\/last-chance.dk\/#website"},"primaryImageOfPage":{"@id":"https:\/\/last-chance.dk\/?product=aegte-laeder-haandtaske-kornelia-beige-lunetta#primaryimage"},"image":{"@id":"https:\/\/last-chance.dk\/?product=aegte-laeder-haandtaske-kornelia-beige-lunetta#primaryimage"},"thumbnailUrl":"https:\/\/last-chance.dk\/wp-content\/uploads\/2023\/12\/1-5-scaled-1.jpg","datePublished":"2023-12-14T17:42:53+00:00","dateModified":"2025-09-19T17:08:11+00:00","breadcrumb":{"@id":"https:\/\/last-chance.dk\/?product=aegte-laeder-haandtaske-kornelia-beige-lunetta#breadcrumb"},"inLanguage":"da-DK","potentialAction":[{"@type":"ReadAction","target":["https:\/\/last-chance.dk\/?product=aegte-laeder-haandtaske-kornelia-beige-lunetta"]}]},{"@type":"ImageObject","inLanguage":"da-DK","@id":"https:\/\/last-chance.dk\/?product=aegte-laeder-haandtaske-kornelia-beige-lunetta#primaryimage","url":"https:\/\/last-chance.dk\/wp-content\/uploads\/2023\/12\/1-5-scaled-1.jpg","contentUrl":"https:\/\/last-chance.dk\/wp-content\/uploads\/2023\/12\/1-5-scaled-1.jpg","width":2560,"height":2560},{"@type":"BreadcrumbList","@id":"https:\/\/last-chance.dk\/?product=aegte-laeder-haandtaske-kornelia-beige-lunetta#breadcrumb","itemListElement":[{"@type":"ListItem","position":1,"name":"Home","item":"https:\/\/last-chance.dk\/"},{"@type":"ListItem","position":2,"name":"\u00c6gte l\u00e6der h\u00e5ndtaske Kornelia, Beige Lunetta"}]},{"@type":"WebSite","@id":"https:\/\/last-chance.dk\/#website","url":"https:\/\/last-chance.dk\/","name":"LASTCHANCE Deals | Danmark","description":"LASTCHANCE Deals | Danmark","publisher":{"@id":"https:\/\/last-chance.dk\/#organization"},"potentialAction":[{"@type":"SearchAction","target":{"@type":"EntryPoint","urlTemplate":"https:\/\/last-chance.dk\/?s={search_term_string}"},"query-input":{"@type":"PropertyValueSpecification","valueRequired":true,"valueName":"search_term_string"}}],"inLanguage":"da-DK"},{"@type":"Organization","@id":"https:\/\/last-chance.dk\/#organization","name":"LASTCHANCE Deals | Danmark","url":"https:\/\/last-chance.dk\/","logo":{"@type":"ImageObject","inLanguage":"da-DK","@id":"https:\/\/last-chance.dk\/#\/schema\/logo\/image\/","url":"https:\/\/last-chance.dk\/wp-content\/uploads\/2023\/10\/lastchancedeals_logo_dk_white.png","contentUrl":"https:\/\/last-chance.dk\/wp-content\/uploads\/2023\/10\/lastchancedeals_logo_dk_white.png","width":470,"height":110,"caption":"LASTCHANCE Deals | Danmark"},"image":{"@id":"https:\/\/last-chance.dk\/#\/schema\/logo\/image\/"}}]}},"_links":{"self":[{"href":"https:\/\/last-chance.dk\/index.php?rest_route=\/wp\/v2\/product\/9505","targetHints":{"allow":["GET"]}}],"collection":[{"href":"https:\/\/last-chance.dk\/index.php?rest_route=\/wp\/v2\/product"}],"about":[{"href":"https:\/\/last-chance.dk\/index.php?rest_route=\/wp\/v2\/types\/product"}],"replies":[{"embeddable":true,"href":"https:\/\/last-chance.dk\/index.php?rest_route=%2Fwp%2Fv2%2Fcomments&post=9505"}],"wp:featuredmedia":[{"embeddable":true,"href":"https:\/\/last-chance.dk\/index.php?rest_route=\/wp\/v2\/media\/9496"}],"wp:attachment":[{"href":"https:\/\/last-chance.dk\/index.php?rest_route=%2Fwp%2Fv2%2Fmedia&parent=9505"}],"wp:term":[{"taxonomy":"product_brand","embeddable":true,"href":"https:\/\/last-chance.dk\/index.php?rest_route=%2Fwp%2Fv2%2Fproduct_brand&post=9505"},{"taxonomy":"product_cat","embeddable":true,"href":"https:\/\/last-chance.dk\/index.php?rest_route=%2Fwp%2Fv2%2Fproduct_cat&post=9505"},{"taxonomy":"product_tag","embeddable":true,"href":"https:\/\/last-chance.dk\/index.php?rest_route=%2Fwp%2Fv2%2Fproduct_tag&post=9505"}],"curies":[{"name":"wp","href":"https:\/\/api.w.org\/{rel}","templated":true}]}}