{"id":9514,"date":"2023-12-14T17:44:26","date_gmt":"2023-12-14T17:44:26","guid":{"rendered":"https:\/\/www.lastchance.deals\/dk\/produkt\/aegte-laeder-haandtaske-kornelia-sort-dolcevita\/"},"modified":"2025-10-13T11:45:07","modified_gmt":"2025-10-13T11:45:07","slug":"aegte-laeder-haandtaske-kornelia-sort-dolcevita","status":"publish","type":"product","link":"https:\/\/last-chance.dk\/?product=aegte-laeder-haandtaske-kornelia-sort-dolcevita","title":{"rendered":"\u00c6gte l\u00e6der h\u00e5ndtaske Kornelia, Sort Dolcevita"},"content":{"rendered":"<p>\u00c6gte L\u00e6der H\u00e5ndtaske Kornelia, Sort Dolcevita<\/p>\n<p><\/p>\n<p>Kornelia er en h\u00e5ndtaske i \u00e6gte l\u00e6der af h\u00f8j kvalitet, udformet med stor omhu og dedikation. Denne taske kommer i en smuk Sort Dolcevita-farve, der tilf\u00f8jer et strejf af elegance og raffinement til dit look.<\/p>\n<p><\/p>\n<p>Tasken har en praktisk st\u00f8rrelse p\u00e5 32x23x10 cm, der g\u00f8r den ideel til b\u00e5de dagligdags brug og professionelle anledninger. Med sin blanding af funktionalitet og moderne design, er Kornelia h\u00e5ndtasken den perfekte ledsager for den moderne kvinde.<\/p>\n<p><\/p>\n<p>Denne \u00e6gte L\u00e6der h\u00e5ndtaske er b\u00e5de smuk og holdbar, s\u00e5 du kan stole p\u00e5, at den vil vare l\u00e6nge og se godt ud gennem mange s\u00e6soner. Leveringstiden for denne taske er mellem 1-7 dage.<\/p>\n<p><\/p>\n<p>Produktspecifikationer:<\/p>\n<p><\/p>\n<p>Materiale: \u00c6gte l\u00e6der<br \/>\nFarve: Sort<br \/>\nSt\u00f8rrelse: 32x23x10 cm<br \/>\nLeveringstid: 1-7 dage<\/p>\n","protected":false},"excerpt":{"rendered":"<p>\u00c6gte L\u00e6der H\u00e5ndtaske Kornelia, Sort Dolcevita Kornelia er en h\u00e5ndtaske i \u00e6gte l\u00e6der af h\u00f8j kvalitet, udformet med stor omhu og dedikation. Denne taske kommer i en smuk Sort Dolcevita-farve, der tilf\u00f8jer et strejf af elegance og raffinement til dit look. Tasken har en praktisk st\u00f8rrelse p\u00e5 32x23x10 cm, der g\u00f8r den ideel til b\u00e5de [&hellip;]<\/p>\n","protected":false},"featured_media":9506,"comment_status":"open","ping_status":"closed","template":"","meta":[],"product_brand":[],"product_cat":[236],"product_tag":[],"class_list":{"0":"post-9514","1":"product","2":"type-product","3":"status-publish","4":"has-post-thumbnail","6":"product_cat-women-handbags","8":"first","9":"instock","10":"shipping-taxable","11":"purchasable","12":"product-type-simple"},"yoast_head":"<!-- This site is optimized with the Yoast SEO plugin v24.8.1 - https:\/\/yoast.com\/wordpress\/plugins\/seo\/ -->\n<title>\u00c6gte l\u00e6der h\u00e5ndtaske Kornelia, Sort Dolcevita - LASTCHANCE Deals | Danmark<\/title>\n<meta name=\"robots\" content=\"index, follow, max-snippet:-1, max-image-preview:large, max-video-preview:-1\" \/>\n<link rel=\"canonical\" href=\"https:\/\/last-chance.dk\/?product=aegte-laeder-haandtaske-kornelia-sort-dolcevita\" \/>\n<meta property=\"og:locale\" content=\"da_DK\" \/>\n<meta property=\"og:type\" content=\"article\" \/>\n<meta property=\"og:title\" content=\"\u00c6gte l\u00e6der h\u00e5ndtaske Kornelia, Sort Dolcevita - LASTCHANCE Deals | Danmark\" \/>\n<meta property=\"og:description\" content=\"\u00c6gte L\u00e6der H\u00e5ndtaske Kornelia, Sort Dolcevita Kornelia er en h\u00e5ndtaske i \u00e6gte l\u00e6der af h\u00f8j kvalitet, udformet med stor omhu og dedikation. Denne taske kommer i en smuk Sort Dolcevita-farve, der tilf\u00f8jer et strejf af elegance og raffinement til dit look. Tasken har en praktisk st\u00f8rrelse p\u00e5 32x23x10 cm, der g\u00f8r den ideel til b\u00e5de [&hellip;]\" \/>\n<meta property=\"og:url\" content=\"https:\/\/last-chance.dk\/?product=aegte-laeder-haandtaske-kornelia-sort-dolcevita\" \/>\n<meta property=\"og:site_name\" content=\"LASTCHANCE Deals | Danmark\" \/>\n<meta property=\"article:modified_time\" content=\"2025-10-13T11:45:07+00:00\" \/>\n<meta property=\"og:image\" content=\"https:\/\/last-chance.dk\/wp-content\/uploads\/2023\/12\/1-6.jpg\" \/>\n\t<meta property=\"og:image:width\" content=\"800\" \/>\n\t<meta property=\"og:image:height\" content=\"800\" \/>\n\t<meta property=\"og:image:type\" content=\"image\/jpeg\" \/>\n<meta name=\"twitter:card\" content=\"summary_large_image\" \/>\n<meta name=\"twitter:label1\" content=\"Estimeret l\u00e6setid\" \/>\n\t<meta name=\"twitter:data1\" content=\"1 minut\" \/>\n<script type=\"application\/ld+json\" class=\"yoast-schema-graph\">{\"@context\":\"https:\/\/schema.org\",\"@graph\":[{\"@type\":\"WebPage\",\"@id\":\"https:\/\/last-chance.dk\/?product=aegte-laeder-haandtaske-kornelia-sort-dolcevita\",\"url\":\"https:\/\/last-chance.dk\/?product=aegte-laeder-haandtaske-kornelia-sort-dolcevita\",\"name\":\"\u00c6gte l\u00e6der h\u00e5ndtaske Kornelia, Sort Dolcevita - LASTCHANCE Deals | Danmark\",\"isPartOf\":{\"@id\":\"https:\/\/last-chance.dk\/#website\"},\"primaryImageOfPage\":{\"@id\":\"https:\/\/last-chance.dk\/?product=aegte-laeder-haandtaske-kornelia-sort-dolcevita#primaryimage\"},\"image\":{\"@id\":\"https:\/\/last-chance.dk\/?product=aegte-laeder-haandtaske-kornelia-sort-dolcevita#primaryimage\"},\"thumbnailUrl\":\"https:\/\/last-chance.dk\/wp-content\/uploads\/2023\/12\/1-6.jpg\",\"datePublished\":\"2023-12-14T17:44:26+00:00\",\"dateModified\":\"2025-10-13T11:45:07+00:00\",\"breadcrumb\":{\"@id\":\"https:\/\/last-chance.dk\/?product=aegte-laeder-haandtaske-kornelia-sort-dolcevita#breadcrumb\"},\"inLanguage\":\"da-DK\",\"potentialAction\":[{\"@type\":\"ReadAction\",\"target\":[\"https:\/\/last-chance.dk\/?product=aegte-laeder-haandtaske-kornelia-sort-dolcevita\"]}]},{\"@type\":\"ImageObject\",\"inLanguage\":\"da-DK\",\"@id\":\"https:\/\/last-chance.dk\/?product=aegte-laeder-haandtaske-kornelia-sort-dolcevita#primaryimage\",\"url\":\"https:\/\/last-chance.dk\/wp-content\/uploads\/2023\/12\/1-6.jpg\",\"contentUrl\":\"https:\/\/last-chance.dk\/wp-content\/uploads\/2023\/12\/1-6.jpg\",\"width\":800,\"height\":800},{\"@type\":\"BreadcrumbList\",\"@id\":\"https:\/\/last-chance.dk\/?product=aegte-laeder-haandtaske-kornelia-sort-dolcevita#breadcrumb\",\"itemListElement\":[{\"@type\":\"ListItem\",\"position\":1,\"name\":\"Home\",\"item\":\"https:\/\/last-chance.dk\/\"},{\"@type\":\"ListItem\",\"position\":2,\"name\":\"\u00c6gte l\u00e6der h\u00e5ndtaske Kornelia, Sort Dolcevita\"}]},{\"@type\":\"WebSite\",\"@id\":\"https:\/\/last-chance.dk\/#website\",\"url\":\"https:\/\/last-chance.dk\/\",\"name\":\"LASTCHANCE Deals | Danmark\",\"description\":\"LASTCHANCE Deals | Danmark\",\"publisher\":{\"@id\":\"https:\/\/last-chance.dk\/#organization\"},\"potentialAction\":[{\"@type\":\"SearchAction\",\"target\":{\"@type\":\"EntryPoint\",\"urlTemplate\":\"https:\/\/last-chance.dk\/?s={search_term_string}\"},\"query-input\":{\"@type\":\"PropertyValueSpecification\",\"valueRequired\":true,\"valueName\":\"search_term_string\"}}],\"inLanguage\":\"da-DK\"},{\"@type\":\"Organization\",\"@id\":\"https:\/\/last-chance.dk\/#organization\",\"name\":\"LASTCHANCE Deals | Danmark\",\"url\":\"https:\/\/last-chance.dk\/\",\"logo\":{\"@type\":\"ImageObject\",\"inLanguage\":\"da-DK\",\"@id\":\"https:\/\/last-chance.dk\/#\/schema\/logo\/image\/\",\"url\":\"https:\/\/last-chance.dk\/wp-content\/uploads\/2023\/10\/lastchancedeals_logo_dk_white.png\",\"contentUrl\":\"https:\/\/last-chance.dk\/wp-content\/uploads\/2023\/10\/lastchancedeals_logo_dk_white.png\",\"width\":470,\"height\":110,\"caption\":\"LASTCHANCE Deals | Danmark\"},\"image\":{\"@id\":\"https:\/\/last-chance.dk\/#\/schema\/logo\/image\/\"}}]}<\/script>\n<!-- \/ Yoast SEO plugin. -->","yoast_head_json":{"title":"\u00c6gte l\u00e6der h\u00e5ndtaske Kornelia, Sort Dolcevita - LASTCHANCE Deals | Danmark","robots":{"index":"index","follow":"follow","max-snippet":"max-snippet:-1","max-image-preview":"max-image-preview:large","max-video-preview":"max-video-preview:-1"},"canonical":"https:\/\/last-chance.dk\/?product=aegte-laeder-haandtaske-kornelia-sort-dolcevita","og_locale":"da_DK","og_type":"article","og_title":"\u00c6gte l\u00e6der h\u00e5ndtaske Kornelia, Sort Dolcevita - LASTCHANCE Deals | Danmark","og_description":"\u00c6gte L\u00e6der H\u00e5ndtaske Kornelia, Sort Dolcevita Kornelia er en h\u00e5ndtaske i \u00e6gte l\u00e6der af h\u00f8j kvalitet, udformet med stor omhu og dedikation. Denne taske kommer i en smuk Sort Dolcevita-farve, der tilf\u00f8jer et strejf af elegance og raffinement til dit look. Tasken har en praktisk st\u00f8rrelse p\u00e5 32x23x10 cm, der g\u00f8r den ideel til b\u00e5de [&hellip;]","og_url":"https:\/\/last-chance.dk\/?product=aegte-laeder-haandtaske-kornelia-sort-dolcevita","og_site_name":"LASTCHANCE Deals | Danmark","article_modified_time":"2025-10-13T11:45:07+00:00","og_image":[{"width":800,"height":800,"url":"https:\/\/last-chance.dk\/wp-content\/uploads\/2023\/12\/1-6.jpg","type":"image\/jpeg"}],"twitter_card":"summary_large_image","twitter_misc":{"Estimeret l\u00e6setid":"1 minut"},"schema":{"@context":"https:\/\/schema.org","@graph":[{"@type":"WebPage","@id":"https:\/\/last-chance.dk\/?product=aegte-laeder-haandtaske-kornelia-sort-dolcevita","url":"https:\/\/last-chance.dk\/?product=aegte-laeder-haandtaske-kornelia-sort-dolcevita","name":"\u00c6gte l\u00e6der h\u00e5ndtaske Kornelia, Sort Dolcevita - LASTCHANCE Deals | Danmark","isPartOf":{"@id":"https:\/\/last-chance.dk\/#website"},"primaryImageOfPage":{"@id":"https:\/\/last-chance.dk\/?product=aegte-laeder-haandtaske-kornelia-sort-dolcevita#primaryimage"},"image":{"@id":"https:\/\/last-chance.dk\/?product=aegte-laeder-haandtaske-kornelia-sort-dolcevita#primaryimage"},"thumbnailUrl":"https:\/\/last-chance.dk\/wp-content\/uploads\/2023\/12\/1-6.jpg","datePublished":"2023-12-14T17:44:26+00:00","dateModified":"2025-10-13T11:45:07+00:00","breadcrumb":{"@id":"https:\/\/last-chance.dk\/?product=aegte-laeder-haandtaske-kornelia-sort-dolcevita#breadcrumb"},"inLanguage":"da-DK","potentialAction":[{"@type":"ReadAction","target":["https:\/\/last-chance.dk\/?product=aegte-laeder-haandtaske-kornelia-sort-dolcevita"]}]},{"@type":"ImageObject","inLanguage":"da-DK","@id":"https:\/\/last-chance.dk\/?product=aegte-laeder-haandtaske-kornelia-sort-dolcevita#primaryimage","url":"https:\/\/last-chance.dk\/wp-content\/uploads\/2023\/12\/1-6.jpg","contentUrl":"https:\/\/last-chance.dk\/wp-content\/uploads\/2023\/12\/1-6.jpg","width":800,"height":800},{"@type":"BreadcrumbList","@id":"https:\/\/last-chance.dk\/?product=aegte-laeder-haandtaske-kornelia-sort-dolcevita#breadcrumb","itemListElement":[{"@type":"ListItem","position":1,"name":"Home","item":"https:\/\/last-chance.dk\/"},{"@type":"ListItem","position":2,"name":"\u00c6gte l\u00e6der h\u00e5ndtaske Kornelia, Sort Dolcevita"}]},{"@type":"WebSite","@id":"https:\/\/last-chance.dk\/#website","url":"https:\/\/last-chance.dk\/","name":"LASTCHANCE Deals | Danmark","description":"LASTCHANCE Deals | Danmark","publisher":{"@id":"https:\/\/last-chance.dk\/#organization"},"potentialAction":[{"@type":"SearchAction","target":{"@type":"EntryPoint","urlTemplate":"https:\/\/last-chance.dk\/?s={search_term_string}"},"query-input":{"@type":"PropertyValueSpecification","valueRequired":true,"valueName":"search_term_string"}}],"inLanguage":"da-DK"},{"@type":"Organization","@id":"https:\/\/last-chance.dk\/#organization","name":"LASTCHANCE Deals | Danmark","url":"https:\/\/last-chance.dk\/","logo":{"@type":"ImageObject","inLanguage":"da-DK","@id":"https:\/\/last-chance.dk\/#\/schema\/logo\/image\/","url":"https:\/\/last-chance.dk\/wp-content\/uploads\/2023\/10\/lastchancedeals_logo_dk_white.png","contentUrl":"https:\/\/last-chance.dk\/wp-content\/uploads\/2023\/10\/lastchancedeals_logo_dk_white.png","width":470,"height":110,"caption":"LASTCHANCE Deals | Danmark"},"image":{"@id":"https:\/\/last-chance.dk\/#\/schema\/logo\/image\/"}}]}},"_links":{"self":[{"href":"https:\/\/last-chance.dk\/index.php?rest_route=\/wp\/v2\/product\/9514","targetHints":{"allow":["GET"]}}],"collection":[{"href":"https:\/\/last-chance.dk\/index.php?rest_route=\/wp\/v2\/product"}],"about":[{"href":"https:\/\/last-chance.dk\/index.php?rest_route=\/wp\/v2\/types\/product"}],"replies":[{"embeddable":true,"href":"https:\/\/last-chance.dk\/index.php?rest_route=%2Fwp%2Fv2%2Fcomments&post=9514"}],"wp:featuredmedia":[{"embeddable":true,"href":"https:\/\/last-chance.dk\/index.php?rest_route=\/wp\/v2\/media\/9506"}],"wp:attachment":[{"href":"https:\/\/last-chance.dk\/index.php?rest_route=%2Fwp%2Fv2%2Fmedia&parent=9514"}],"wp:term":[{"taxonomy":"product_brand","embeddable":true,"href":"https:\/\/last-chance.dk\/index.php?rest_route=%2Fwp%2Fv2%2Fproduct_brand&post=9514"},{"taxonomy":"product_cat","embeddable":true,"href":"https:\/\/last-chance.dk\/index.php?rest_route=%2Fwp%2Fv2%2Fproduct_cat&post=9514"},{"taxonomy":"product_tag","embeddable":true,"href":"https:\/\/last-chance.dk\/index.php?rest_route=%2Fwp%2Fv2%2Fproduct_tag&post=9514"}],"curies":[{"name":"wp","href":"https:\/\/api.w.org\/{rel}","templated":true}]}}