{"id":9524,"date":"2023-12-14T17:45:27","date_gmt":"2023-12-14T17:45:27","guid":{"rendered":"https:\/\/www.lastchance.deals\/dk\/produkt\/aegte-laeder-haandtaske-mila-beige-belvano\/"},"modified":"2025-10-13T11:45:23","modified_gmt":"2025-10-13T11:45:23","slug":"aegte-laeder-haandtaske-mila-beige-belvano","status":"publish","type":"product","link":"https:\/\/last-chance.dk\/?product=aegte-laeder-haandtaske-mila-beige-belvano","title":{"rendered":"\u00c6gte L\u00e6der H\u00e5ndtaske Mila, Beige Belvano"},"content":{"rendered":"<p>\u00c6gte L\u00e6der H\u00e5ndtaske Mila, Beige Belvano<\/p>\n<p><\/p>\n<p>Mila h\u00e5ndtaske fra Belvano er perfekt for kvinden, der v\u00e6rds\u00e6tter kvalitet og stil. Denne taske er fremstillet af \u00e6gte l\u00e6der og er et must-have tilbeh\u00f8r til modebevidste kvinder. Mila er robust og slidst\u00e6rk, og er velegnet til b\u00e5de hverdag og aften.<\/p>\n<p><\/p>\n<p>Denne taske er i en smuk beige farve, hvilket giver den et tidl\u00f8st look der nemt kan matches med ethvert outfit. Den omhyggelige opm\u00e6rksomhed p\u00e5 detaljen sikrer en finish af h\u00f8j kvalitet.<\/p>\n<p><\/p>\n<p>Mila h\u00e5ndtaske er rummelig og m\u00e5ler 36x30x7 cm; det giver dig masser af plads til dine daglige n\u00f8dvendigheder som pung, mobiltelefon, n\u00f8gler, makeup og meget mere. Uanset hvad din dag bringer, vil denne taske hj\u00e6lpe dig med at holde styr p\u00e5 det hele.<\/p>\n<p><\/p>\n<p>Leveringstid varierer fra 1-7 dage, s\u00e5 du kan snart nyde denne stilfulde h\u00e5ndtaske.<\/p>\n<p><\/p>\n<p>Produktinformation:<\/p>\n<p><\/p>\n<p>Material: \u00c6gte l\u00e6der<br \/>\nFarve: Beige<br \/>\nSt\u00f8rrelse: 36x30x7 cm<br \/>\nLeveringstid: 1-7 dage<\/p>\n","protected":false},"excerpt":{"rendered":"<p>\u00c6gte L\u00e6der H\u00e5ndtaske Mila, Beige Belvano Mila h\u00e5ndtaske fra Belvano er perfekt for kvinden, der v\u00e6rds\u00e6tter kvalitet og stil. Denne taske er fremstillet af \u00e6gte l\u00e6der og er et must-have tilbeh\u00f8r til modebevidste kvinder. Mila er robust og slidst\u00e6rk, og er velegnet til b\u00e5de hverdag og aften. Denne taske er i en smuk beige farve, [&hellip;]<\/p>\n","protected":false},"featured_media":9515,"comment_status":"open","ping_status":"closed","template":"","meta":[],"product_brand":[],"product_cat":[236],"product_tag":[],"class_list":{"0":"post-9524","1":"product","2":"type-product","3":"status-publish","4":"has-post-thumbnail","6":"product_cat-women-handbags","8":"first","9":"instock","10":"shipping-taxable","11":"purchasable","12":"product-type-simple"},"yoast_head":"<!-- This site is optimized with the Yoast SEO plugin v24.8.1 - https:\/\/yoast.com\/wordpress\/plugins\/seo\/ -->\n<title>\u00c6gte L\u00e6der H\u00e5ndtaske Mila, Beige Belvano - LASTCHANCE Deals | Danmark<\/title>\n<meta name=\"robots\" content=\"index, follow, max-snippet:-1, max-image-preview:large, max-video-preview:-1\" \/>\n<link rel=\"canonical\" href=\"https:\/\/last-chance.dk\/?product=aegte-laeder-haandtaske-mila-beige-belvano\" \/>\n<meta property=\"og:locale\" content=\"da_DK\" \/>\n<meta property=\"og:type\" content=\"article\" \/>\n<meta property=\"og:title\" content=\"\u00c6gte L\u00e6der H\u00e5ndtaske Mila, Beige Belvano - LASTCHANCE Deals | Danmark\" \/>\n<meta property=\"og:description\" content=\"\u00c6gte L\u00e6der H\u00e5ndtaske Mila, Beige Belvano Mila h\u00e5ndtaske fra Belvano er perfekt for kvinden, der v\u00e6rds\u00e6tter kvalitet og stil. Denne taske er fremstillet af \u00e6gte l\u00e6der og er et must-have tilbeh\u00f8r til modebevidste kvinder. Mila er robust og slidst\u00e6rk, og er velegnet til b\u00e5de hverdag og aften. Denne taske er i en smuk beige farve, [&hellip;]\" \/>\n<meta property=\"og:url\" content=\"https:\/\/last-chance.dk\/?product=aegte-laeder-haandtaske-mila-beige-belvano\" \/>\n<meta property=\"og:site_name\" content=\"LASTCHANCE Deals | Danmark\" \/>\n<meta property=\"article:modified_time\" content=\"2025-10-13T11:45:23+00:00\" \/>\n<meta property=\"og:image\" content=\"https:\/\/last-chance.dk\/wp-content\/uploads\/2023\/12\/1-7.jpg\" \/>\n\t<meta property=\"og:image:width\" content=\"800\" \/>\n\t<meta property=\"og:image:height\" content=\"800\" \/>\n\t<meta property=\"og:image:type\" content=\"image\/jpeg\" \/>\n<meta name=\"twitter:card\" content=\"summary_large_image\" \/>\n<meta name=\"twitter:label1\" content=\"Estimeret l\u00e6setid\" \/>\n\t<meta name=\"twitter:data1\" content=\"1 minut\" \/>\n<script type=\"application\/ld+json\" class=\"yoast-schema-graph\">{\"@context\":\"https:\/\/schema.org\",\"@graph\":[{\"@type\":\"WebPage\",\"@id\":\"https:\/\/last-chance.dk\/?product=aegte-laeder-haandtaske-mila-beige-belvano\",\"url\":\"https:\/\/last-chance.dk\/?product=aegte-laeder-haandtaske-mila-beige-belvano\",\"name\":\"\u00c6gte L\u00e6der H\u00e5ndtaske Mila, Beige Belvano - LASTCHANCE Deals | Danmark\",\"isPartOf\":{\"@id\":\"https:\/\/last-chance.dk\/#website\"},\"primaryImageOfPage\":{\"@id\":\"https:\/\/last-chance.dk\/?product=aegte-laeder-haandtaske-mila-beige-belvano#primaryimage\"},\"image\":{\"@id\":\"https:\/\/last-chance.dk\/?product=aegte-laeder-haandtaske-mila-beige-belvano#primaryimage\"},\"thumbnailUrl\":\"https:\/\/last-chance.dk\/wp-content\/uploads\/2023\/12\/1-7.jpg\",\"datePublished\":\"2023-12-14T17:45:27+00:00\",\"dateModified\":\"2025-10-13T11:45:23+00:00\",\"breadcrumb\":{\"@id\":\"https:\/\/last-chance.dk\/?product=aegte-laeder-haandtaske-mila-beige-belvano#breadcrumb\"},\"inLanguage\":\"da-DK\",\"potentialAction\":[{\"@type\":\"ReadAction\",\"target\":[\"https:\/\/last-chance.dk\/?product=aegte-laeder-haandtaske-mila-beige-belvano\"]}]},{\"@type\":\"ImageObject\",\"inLanguage\":\"da-DK\",\"@id\":\"https:\/\/last-chance.dk\/?product=aegte-laeder-haandtaske-mila-beige-belvano#primaryimage\",\"url\":\"https:\/\/last-chance.dk\/wp-content\/uploads\/2023\/12\/1-7.jpg\",\"contentUrl\":\"https:\/\/last-chance.dk\/wp-content\/uploads\/2023\/12\/1-7.jpg\",\"width\":800,\"height\":800},{\"@type\":\"BreadcrumbList\",\"@id\":\"https:\/\/last-chance.dk\/?product=aegte-laeder-haandtaske-mila-beige-belvano#breadcrumb\",\"itemListElement\":[{\"@type\":\"ListItem\",\"position\":1,\"name\":\"Home\",\"item\":\"https:\/\/last-chance.dk\/\"},{\"@type\":\"ListItem\",\"position\":2,\"name\":\"\u00c6gte L\u00e6der H\u00e5ndtaske Mila, Beige Belvano\"}]},{\"@type\":\"WebSite\",\"@id\":\"https:\/\/last-chance.dk\/#website\",\"url\":\"https:\/\/last-chance.dk\/\",\"name\":\"LASTCHANCE Deals | Danmark\",\"description\":\"LASTCHANCE Deals | Danmark\",\"publisher\":{\"@id\":\"https:\/\/last-chance.dk\/#organization\"},\"potentialAction\":[{\"@type\":\"SearchAction\",\"target\":{\"@type\":\"EntryPoint\",\"urlTemplate\":\"https:\/\/last-chance.dk\/?s={search_term_string}\"},\"query-input\":{\"@type\":\"PropertyValueSpecification\",\"valueRequired\":true,\"valueName\":\"search_term_string\"}}],\"inLanguage\":\"da-DK\"},{\"@type\":\"Organization\",\"@id\":\"https:\/\/last-chance.dk\/#organization\",\"name\":\"LASTCHANCE Deals | Danmark\",\"url\":\"https:\/\/last-chance.dk\/\",\"logo\":{\"@type\":\"ImageObject\",\"inLanguage\":\"da-DK\",\"@id\":\"https:\/\/last-chance.dk\/#\/schema\/logo\/image\/\",\"url\":\"https:\/\/last-chance.dk\/wp-content\/uploads\/2023\/10\/lastchancedeals_logo_dk_white.png\",\"contentUrl\":\"https:\/\/last-chance.dk\/wp-content\/uploads\/2023\/10\/lastchancedeals_logo_dk_white.png\",\"width\":470,\"height\":110,\"caption\":\"LASTCHANCE Deals | Danmark\"},\"image\":{\"@id\":\"https:\/\/last-chance.dk\/#\/schema\/logo\/image\/\"}}]}<\/script>\n<!-- \/ Yoast SEO plugin. -->","yoast_head_json":{"title":"\u00c6gte L\u00e6der H\u00e5ndtaske Mila, Beige Belvano - LASTCHANCE Deals | Danmark","robots":{"index":"index","follow":"follow","max-snippet":"max-snippet:-1","max-image-preview":"max-image-preview:large","max-video-preview":"max-video-preview:-1"},"canonical":"https:\/\/last-chance.dk\/?product=aegte-laeder-haandtaske-mila-beige-belvano","og_locale":"da_DK","og_type":"article","og_title":"\u00c6gte L\u00e6der H\u00e5ndtaske Mila, Beige Belvano - LASTCHANCE Deals | Danmark","og_description":"\u00c6gte L\u00e6der H\u00e5ndtaske Mila, Beige Belvano Mila h\u00e5ndtaske fra Belvano er perfekt for kvinden, der v\u00e6rds\u00e6tter kvalitet og stil. Denne taske er fremstillet af \u00e6gte l\u00e6der og er et must-have tilbeh\u00f8r til modebevidste kvinder. Mila er robust og slidst\u00e6rk, og er velegnet til b\u00e5de hverdag og aften. Denne taske er i en smuk beige farve, [&hellip;]","og_url":"https:\/\/last-chance.dk\/?product=aegte-laeder-haandtaske-mila-beige-belvano","og_site_name":"LASTCHANCE Deals | Danmark","article_modified_time":"2025-10-13T11:45:23+00:00","og_image":[{"width":800,"height":800,"url":"https:\/\/last-chance.dk\/wp-content\/uploads\/2023\/12\/1-7.jpg","type":"image\/jpeg"}],"twitter_card":"summary_large_image","twitter_misc":{"Estimeret l\u00e6setid":"1 minut"},"schema":{"@context":"https:\/\/schema.org","@graph":[{"@type":"WebPage","@id":"https:\/\/last-chance.dk\/?product=aegte-laeder-haandtaske-mila-beige-belvano","url":"https:\/\/last-chance.dk\/?product=aegte-laeder-haandtaske-mila-beige-belvano","name":"\u00c6gte L\u00e6der H\u00e5ndtaske Mila, Beige Belvano - LASTCHANCE Deals | Danmark","isPartOf":{"@id":"https:\/\/last-chance.dk\/#website"},"primaryImageOfPage":{"@id":"https:\/\/last-chance.dk\/?product=aegte-laeder-haandtaske-mila-beige-belvano#primaryimage"},"image":{"@id":"https:\/\/last-chance.dk\/?product=aegte-laeder-haandtaske-mila-beige-belvano#primaryimage"},"thumbnailUrl":"https:\/\/last-chance.dk\/wp-content\/uploads\/2023\/12\/1-7.jpg","datePublished":"2023-12-14T17:45:27+00:00","dateModified":"2025-10-13T11:45:23+00:00","breadcrumb":{"@id":"https:\/\/last-chance.dk\/?product=aegte-laeder-haandtaske-mila-beige-belvano#breadcrumb"},"inLanguage":"da-DK","potentialAction":[{"@type":"ReadAction","target":["https:\/\/last-chance.dk\/?product=aegte-laeder-haandtaske-mila-beige-belvano"]}]},{"@type":"ImageObject","inLanguage":"da-DK","@id":"https:\/\/last-chance.dk\/?product=aegte-laeder-haandtaske-mila-beige-belvano#primaryimage","url":"https:\/\/last-chance.dk\/wp-content\/uploads\/2023\/12\/1-7.jpg","contentUrl":"https:\/\/last-chance.dk\/wp-content\/uploads\/2023\/12\/1-7.jpg","width":800,"height":800},{"@type":"BreadcrumbList","@id":"https:\/\/last-chance.dk\/?product=aegte-laeder-haandtaske-mila-beige-belvano#breadcrumb","itemListElement":[{"@type":"ListItem","position":1,"name":"Home","item":"https:\/\/last-chance.dk\/"},{"@type":"ListItem","position":2,"name":"\u00c6gte L\u00e6der H\u00e5ndtaske Mila, Beige Belvano"}]},{"@type":"WebSite","@id":"https:\/\/last-chance.dk\/#website","url":"https:\/\/last-chance.dk\/","name":"LASTCHANCE Deals | Danmark","description":"LASTCHANCE Deals | Danmark","publisher":{"@id":"https:\/\/last-chance.dk\/#organization"},"potentialAction":[{"@type":"SearchAction","target":{"@type":"EntryPoint","urlTemplate":"https:\/\/last-chance.dk\/?s={search_term_string}"},"query-input":{"@type":"PropertyValueSpecification","valueRequired":true,"valueName":"search_term_string"}}],"inLanguage":"da-DK"},{"@type":"Organization","@id":"https:\/\/last-chance.dk\/#organization","name":"LASTCHANCE Deals | Danmark","url":"https:\/\/last-chance.dk\/","logo":{"@type":"ImageObject","inLanguage":"da-DK","@id":"https:\/\/last-chance.dk\/#\/schema\/logo\/image\/","url":"https:\/\/last-chance.dk\/wp-content\/uploads\/2023\/10\/lastchancedeals_logo_dk_white.png","contentUrl":"https:\/\/last-chance.dk\/wp-content\/uploads\/2023\/10\/lastchancedeals_logo_dk_white.png","width":470,"height":110,"caption":"LASTCHANCE Deals | Danmark"},"image":{"@id":"https:\/\/last-chance.dk\/#\/schema\/logo\/image\/"}}]}},"_links":{"self":[{"href":"https:\/\/last-chance.dk\/index.php?rest_route=\/wp\/v2\/product\/9524","targetHints":{"allow":["GET"]}}],"collection":[{"href":"https:\/\/last-chance.dk\/index.php?rest_route=\/wp\/v2\/product"}],"about":[{"href":"https:\/\/last-chance.dk\/index.php?rest_route=\/wp\/v2\/types\/product"}],"replies":[{"embeddable":true,"href":"https:\/\/last-chance.dk\/index.php?rest_route=%2Fwp%2Fv2%2Fcomments&post=9524"}],"wp:featuredmedia":[{"embeddable":true,"href":"https:\/\/last-chance.dk\/index.php?rest_route=\/wp\/v2\/media\/9515"}],"wp:attachment":[{"href":"https:\/\/last-chance.dk\/index.php?rest_route=%2Fwp%2Fv2%2Fmedia&parent=9524"}],"wp:term":[{"taxonomy":"product_brand","embeddable":true,"href":"https:\/\/last-chance.dk\/index.php?rest_route=%2Fwp%2Fv2%2Fproduct_brand&post=9524"},{"taxonomy":"product_cat","embeddable":true,"href":"https:\/\/last-chance.dk\/index.php?rest_route=%2Fwp%2Fv2%2Fproduct_cat&post=9524"},{"taxonomy":"product_tag","embeddable":true,"href":"https:\/\/last-chance.dk\/index.php?rest_route=%2Fwp%2Fv2%2Fproduct_tag&post=9524"}],"curies":[{"name":"wp","href":"https:\/\/api.w.org\/{rel}","templated":true}]}}