{"id":9532,"date":"2023-12-14T17:46:20","date_gmt":"2023-12-14T17:46:20","guid":{"rendered":"https:\/\/www.lastchance.deals\/dk\/produkt\/aegte-laeder-haandtaske-ella-beige-aurora\/"},"modified":"2025-09-19T17:06:25","modified_gmt":"2025-09-19T17:06:25","slug":"aegte-laeder-haandtaske-ella-beige-aurora","status":"publish","type":"product","link":"https:\/\/last-chance.dk\/?product=aegte-laeder-haandtaske-ella-beige-aurora","title":{"rendered":"\u00c6gte L\u00e6der H\u00e5ndtaske Ella, Beige Aurora"},"content":{"rendered":"<p>\u00c6gte l\u00e6derh\u00e5ndtaske Ella, Beige Aurora<\/p>\n<p><\/p>\n<p>Denne Ella-h\u00e5ndtaske i beige Aurora er et must-have tilbeh\u00f8r til enhver moderne kvinde. Lavet af \u00e6gte l\u00e6der, kombinerer denne taske elegance og holdbarhed, hvilket g\u00f8r den perfekt til hverdagsbrug eller specielle begivenheder. Taskens raffinerede beige farve g\u00f8r det let at matche med ethvert outfit, mens det rummelige indre, m\u00e5lende 25x25x9 cm, er perfekt til at gemme alt dine vigtige ejendele. <\/p>\n<p><\/p>\n<p>V\u00e6r opm\u00e6rksom p\u00e5, at leveringstiden for denne smukke h\u00e5ndtaske er mellem 1-7 dage. G\u00f8r et varigt indtryk med Ella-h\u00e5ndtasken i \u00e6gte l\u00e6der.<\/p>\n<p><\/p>\n<p>Produktegenskaber:<\/p>\n","protected":false},"excerpt":{"rendered":"<p>\u00c6gte l\u00e6derh\u00e5ndtaske Ella, Beige Aurora Denne Ella-h\u00e5ndtaske i beige Aurora er et must-have tilbeh\u00f8r til enhver moderne kvinde. Lavet af \u00e6gte l\u00e6der, kombinerer denne taske elegance og holdbarhed, hvilket g\u00f8r den perfekt til hverdagsbrug eller specielle begivenheder. Taskens raffinerede beige farve g\u00f8r det let at matche med ethvert outfit, mens det rummelige indre, m\u00e5lende 25x25x9 [&hellip;]<\/p>\n","protected":false},"featured_media":9525,"comment_status":"open","ping_status":"closed","template":"","meta":[],"product_brand":[],"product_cat":[236],"product_tag":[],"class_list":{"0":"post-9532","1":"product","2":"type-product","3":"status-publish","4":"has-post-thumbnail","6":"product_cat-women-handbags","8":"first","9":"instock","10":"shipping-taxable","11":"purchasable","12":"product-type-simple"},"yoast_head":"<!-- This site is optimized with the Yoast SEO plugin v24.8.1 - https:\/\/yoast.com\/wordpress\/plugins\/seo\/ -->\n<title>\u00c6gte L\u00e6der H\u00e5ndtaske Ella, Beige Aurora - LASTCHANCE Deals | Danmark<\/title>\n<meta name=\"robots\" content=\"index, follow, max-snippet:-1, max-image-preview:large, max-video-preview:-1\" \/>\n<link rel=\"canonical\" href=\"https:\/\/last-chance.dk\/?product=aegte-laeder-haandtaske-ella-beige-aurora\" \/>\n<meta property=\"og:locale\" content=\"da_DK\" \/>\n<meta property=\"og:type\" content=\"article\" \/>\n<meta property=\"og:title\" content=\"\u00c6gte L\u00e6der H\u00e5ndtaske Ella, Beige Aurora - LASTCHANCE Deals | Danmark\" \/>\n<meta property=\"og:description\" content=\"\u00c6gte l\u00e6derh\u00e5ndtaske Ella, Beige Aurora Denne Ella-h\u00e5ndtaske i beige Aurora er et must-have tilbeh\u00f8r til enhver moderne kvinde. Lavet af \u00e6gte l\u00e6der, kombinerer denne taske elegance og holdbarhed, hvilket g\u00f8r den perfekt til hverdagsbrug eller specielle begivenheder. Taskens raffinerede beige farve g\u00f8r det let at matche med ethvert outfit, mens det rummelige indre, m\u00e5lende 25x25x9 [&hellip;]\" \/>\n<meta property=\"og:url\" content=\"https:\/\/last-chance.dk\/?product=aegte-laeder-haandtaske-ella-beige-aurora\" \/>\n<meta property=\"og:site_name\" content=\"LASTCHANCE Deals | Danmark\" \/>\n<meta property=\"article:modified_time\" content=\"2025-09-19T17:06:25+00:00\" \/>\n<meta property=\"og:image\" content=\"https:\/\/last-chance.dk\/wp-content\/uploads\/2023\/12\/1-8.jpg\" \/>\n\t<meta property=\"og:image:width\" content=\"727\" \/>\n\t<meta property=\"og:image:height\" content=\"760\" \/>\n\t<meta property=\"og:image:type\" content=\"image\/jpeg\" \/>\n<meta name=\"twitter:card\" content=\"summary_large_image\" \/>\n<meta name=\"twitter:label1\" content=\"Estimeret l\u00e6setid\" \/>\n\t<meta name=\"twitter:data1\" content=\"1 minut\" \/>\n<script type=\"application\/ld+json\" class=\"yoast-schema-graph\">{\"@context\":\"https:\/\/schema.org\",\"@graph\":[{\"@type\":\"WebPage\",\"@id\":\"https:\/\/last-chance.dk\/?product=aegte-laeder-haandtaske-ella-beige-aurora\",\"url\":\"https:\/\/last-chance.dk\/?product=aegte-laeder-haandtaske-ella-beige-aurora\",\"name\":\"\u00c6gte L\u00e6der H\u00e5ndtaske Ella, Beige Aurora - LASTCHANCE Deals | Danmark\",\"isPartOf\":{\"@id\":\"https:\/\/last-chance.dk\/#website\"},\"primaryImageOfPage\":{\"@id\":\"https:\/\/last-chance.dk\/?product=aegte-laeder-haandtaske-ella-beige-aurora#primaryimage\"},\"image\":{\"@id\":\"https:\/\/last-chance.dk\/?product=aegte-laeder-haandtaske-ella-beige-aurora#primaryimage\"},\"thumbnailUrl\":\"https:\/\/last-chance.dk\/wp-content\/uploads\/2023\/12\/1-8.jpg\",\"datePublished\":\"2023-12-14T17:46:20+00:00\",\"dateModified\":\"2025-09-19T17:06:25+00:00\",\"breadcrumb\":{\"@id\":\"https:\/\/last-chance.dk\/?product=aegte-laeder-haandtaske-ella-beige-aurora#breadcrumb\"},\"inLanguage\":\"da-DK\",\"potentialAction\":[{\"@type\":\"ReadAction\",\"target\":[\"https:\/\/last-chance.dk\/?product=aegte-laeder-haandtaske-ella-beige-aurora\"]}]},{\"@type\":\"ImageObject\",\"inLanguage\":\"da-DK\",\"@id\":\"https:\/\/last-chance.dk\/?product=aegte-laeder-haandtaske-ella-beige-aurora#primaryimage\",\"url\":\"https:\/\/last-chance.dk\/wp-content\/uploads\/2023\/12\/1-8.jpg\",\"contentUrl\":\"https:\/\/last-chance.dk\/wp-content\/uploads\/2023\/12\/1-8.jpg\",\"width\":727,\"height\":760},{\"@type\":\"BreadcrumbList\",\"@id\":\"https:\/\/last-chance.dk\/?product=aegte-laeder-haandtaske-ella-beige-aurora#breadcrumb\",\"itemListElement\":[{\"@type\":\"ListItem\",\"position\":1,\"name\":\"Home\",\"item\":\"https:\/\/last-chance.dk\/\"},{\"@type\":\"ListItem\",\"position\":2,\"name\":\"\u00c6gte L\u00e6der H\u00e5ndtaske Ella, Beige Aurora\"}]},{\"@type\":\"WebSite\",\"@id\":\"https:\/\/last-chance.dk\/#website\",\"url\":\"https:\/\/last-chance.dk\/\",\"name\":\"LASTCHANCE Deals | Danmark\",\"description\":\"LASTCHANCE Deals | Danmark\",\"publisher\":{\"@id\":\"https:\/\/last-chance.dk\/#organization\"},\"potentialAction\":[{\"@type\":\"SearchAction\",\"target\":{\"@type\":\"EntryPoint\",\"urlTemplate\":\"https:\/\/last-chance.dk\/?s={search_term_string}\"},\"query-input\":{\"@type\":\"PropertyValueSpecification\",\"valueRequired\":true,\"valueName\":\"search_term_string\"}}],\"inLanguage\":\"da-DK\"},{\"@type\":\"Organization\",\"@id\":\"https:\/\/last-chance.dk\/#organization\",\"name\":\"LASTCHANCE Deals | Danmark\",\"url\":\"https:\/\/last-chance.dk\/\",\"logo\":{\"@type\":\"ImageObject\",\"inLanguage\":\"da-DK\",\"@id\":\"https:\/\/last-chance.dk\/#\/schema\/logo\/image\/\",\"url\":\"https:\/\/last-chance.dk\/wp-content\/uploads\/2023\/10\/lastchancedeals_logo_dk_white.png\",\"contentUrl\":\"https:\/\/last-chance.dk\/wp-content\/uploads\/2023\/10\/lastchancedeals_logo_dk_white.png\",\"width\":470,\"height\":110,\"caption\":\"LASTCHANCE Deals | Danmark\"},\"image\":{\"@id\":\"https:\/\/last-chance.dk\/#\/schema\/logo\/image\/\"}}]}<\/script>\n<!-- \/ Yoast SEO plugin. -->","yoast_head_json":{"title":"\u00c6gte L\u00e6der H\u00e5ndtaske Ella, Beige Aurora - LASTCHANCE Deals | Danmark","robots":{"index":"index","follow":"follow","max-snippet":"max-snippet:-1","max-image-preview":"max-image-preview:large","max-video-preview":"max-video-preview:-1"},"canonical":"https:\/\/last-chance.dk\/?product=aegte-laeder-haandtaske-ella-beige-aurora","og_locale":"da_DK","og_type":"article","og_title":"\u00c6gte L\u00e6der H\u00e5ndtaske Ella, Beige Aurora - LASTCHANCE Deals | Danmark","og_description":"\u00c6gte l\u00e6derh\u00e5ndtaske Ella, Beige Aurora Denne Ella-h\u00e5ndtaske i beige Aurora er et must-have tilbeh\u00f8r til enhver moderne kvinde. Lavet af \u00e6gte l\u00e6der, kombinerer denne taske elegance og holdbarhed, hvilket g\u00f8r den perfekt til hverdagsbrug eller specielle begivenheder. Taskens raffinerede beige farve g\u00f8r det let at matche med ethvert outfit, mens det rummelige indre, m\u00e5lende 25x25x9 [&hellip;]","og_url":"https:\/\/last-chance.dk\/?product=aegte-laeder-haandtaske-ella-beige-aurora","og_site_name":"LASTCHANCE Deals | Danmark","article_modified_time":"2025-09-19T17:06:25+00:00","og_image":[{"width":727,"height":760,"url":"https:\/\/last-chance.dk\/wp-content\/uploads\/2023\/12\/1-8.jpg","type":"image\/jpeg"}],"twitter_card":"summary_large_image","twitter_misc":{"Estimeret l\u00e6setid":"1 minut"},"schema":{"@context":"https:\/\/schema.org","@graph":[{"@type":"WebPage","@id":"https:\/\/last-chance.dk\/?product=aegte-laeder-haandtaske-ella-beige-aurora","url":"https:\/\/last-chance.dk\/?product=aegte-laeder-haandtaske-ella-beige-aurora","name":"\u00c6gte L\u00e6der H\u00e5ndtaske Ella, Beige Aurora - LASTCHANCE Deals | Danmark","isPartOf":{"@id":"https:\/\/last-chance.dk\/#website"},"primaryImageOfPage":{"@id":"https:\/\/last-chance.dk\/?product=aegte-laeder-haandtaske-ella-beige-aurora#primaryimage"},"image":{"@id":"https:\/\/last-chance.dk\/?product=aegte-laeder-haandtaske-ella-beige-aurora#primaryimage"},"thumbnailUrl":"https:\/\/last-chance.dk\/wp-content\/uploads\/2023\/12\/1-8.jpg","datePublished":"2023-12-14T17:46:20+00:00","dateModified":"2025-09-19T17:06:25+00:00","breadcrumb":{"@id":"https:\/\/last-chance.dk\/?product=aegte-laeder-haandtaske-ella-beige-aurora#breadcrumb"},"inLanguage":"da-DK","potentialAction":[{"@type":"ReadAction","target":["https:\/\/last-chance.dk\/?product=aegte-laeder-haandtaske-ella-beige-aurora"]}]},{"@type":"ImageObject","inLanguage":"da-DK","@id":"https:\/\/last-chance.dk\/?product=aegte-laeder-haandtaske-ella-beige-aurora#primaryimage","url":"https:\/\/last-chance.dk\/wp-content\/uploads\/2023\/12\/1-8.jpg","contentUrl":"https:\/\/last-chance.dk\/wp-content\/uploads\/2023\/12\/1-8.jpg","width":727,"height":760},{"@type":"BreadcrumbList","@id":"https:\/\/last-chance.dk\/?product=aegte-laeder-haandtaske-ella-beige-aurora#breadcrumb","itemListElement":[{"@type":"ListItem","position":1,"name":"Home","item":"https:\/\/last-chance.dk\/"},{"@type":"ListItem","position":2,"name":"\u00c6gte L\u00e6der H\u00e5ndtaske Ella, Beige Aurora"}]},{"@type":"WebSite","@id":"https:\/\/last-chance.dk\/#website","url":"https:\/\/last-chance.dk\/","name":"LASTCHANCE Deals | Danmark","description":"LASTCHANCE Deals | Danmark","publisher":{"@id":"https:\/\/last-chance.dk\/#organization"},"potentialAction":[{"@type":"SearchAction","target":{"@type":"EntryPoint","urlTemplate":"https:\/\/last-chance.dk\/?s={search_term_string}"},"query-input":{"@type":"PropertyValueSpecification","valueRequired":true,"valueName":"search_term_string"}}],"inLanguage":"da-DK"},{"@type":"Organization","@id":"https:\/\/last-chance.dk\/#organization","name":"LASTCHANCE Deals | Danmark","url":"https:\/\/last-chance.dk\/","logo":{"@type":"ImageObject","inLanguage":"da-DK","@id":"https:\/\/last-chance.dk\/#\/schema\/logo\/image\/","url":"https:\/\/last-chance.dk\/wp-content\/uploads\/2023\/10\/lastchancedeals_logo_dk_white.png","contentUrl":"https:\/\/last-chance.dk\/wp-content\/uploads\/2023\/10\/lastchancedeals_logo_dk_white.png","width":470,"height":110,"caption":"LASTCHANCE Deals | Danmark"},"image":{"@id":"https:\/\/last-chance.dk\/#\/schema\/logo\/image\/"}}]}},"_links":{"self":[{"href":"https:\/\/last-chance.dk\/index.php?rest_route=\/wp\/v2\/product\/9532","targetHints":{"allow":["GET"]}}],"collection":[{"href":"https:\/\/last-chance.dk\/index.php?rest_route=\/wp\/v2\/product"}],"about":[{"href":"https:\/\/last-chance.dk\/index.php?rest_route=\/wp\/v2\/types\/product"}],"replies":[{"embeddable":true,"href":"https:\/\/last-chance.dk\/index.php?rest_route=%2Fwp%2Fv2%2Fcomments&post=9532"}],"wp:featuredmedia":[{"embeddable":true,"href":"https:\/\/last-chance.dk\/index.php?rest_route=\/wp\/v2\/media\/9525"}],"wp:attachment":[{"href":"https:\/\/last-chance.dk\/index.php?rest_route=%2Fwp%2Fv2%2Fmedia&parent=9532"}],"wp:term":[{"taxonomy":"product_brand","embeddable":true,"href":"https:\/\/last-chance.dk\/index.php?rest_route=%2Fwp%2Fv2%2Fproduct_brand&post=9532"},{"taxonomy":"product_cat","embeddable":true,"href":"https:\/\/last-chance.dk\/index.php?rest_route=%2Fwp%2Fv2%2Fproduct_cat&post=9532"},{"taxonomy":"product_tag","embeddable":true,"href":"https:\/\/last-chance.dk\/index.php?rest_route=%2Fwp%2Fv2%2Fproduct_tag&post=9532"}],"curies":[{"name":"wp","href":"https:\/\/api.w.org\/{rel}","templated":true}]}}