{"id":9550,"date":"2023-12-14T17:49:01","date_gmt":"2023-12-14T17:49:01","guid":{"rendered":"https:\/\/www.lastchance.deals\/dk\/produkt\/aegte-laeder-haandtaske-mina-sort-elysium\/"},"modified":"2025-09-19T17:10:17","modified_gmt":"2025-09-19T17:10:17","slug":"aegte-laeder-haandtaske-mina-sort-elysium","status":"publish","type":"product","link":"https:\/\/last-chance.dk\/?product=aegte-laeder-haandtaske-mina-sort-elysium","title":{"rendered":"\u00c6gte L\u00e6der H\u00e5ndtaske Mina, Sort Elysium"},"content":{"rendered":"<p> \u00c6gte L\u00e6derh\u00e5ndtaske Mina i sort Elysium<\/p>\n<p><\/p>\n<p>Oplev elegance og sofistikation med vores h\u00e5ndtaske Mina. Fremstillet i \u00e6gte l\u00e6der, er denne taske designet til at vare, samtidig med at den raffinerede sk\u00f8nhed af dens sorte Elysium-finish skinner igennem. Den solide konstruktion garanterer holdbarhed, mens det tidl\u00f8se design sikrer, at den forbliver stilfuld \u00e5r efter \u00e5r.<\/p>\n<p><\/p>\n<p> Med en st\u00f8rrelse p\u00e5 23x25x5 cm, tilbyder denne taske rigelig plads til at opbevare dine daglige n\u00f8dvendigheder. Det er den perfekte f\u00f8lgesvend, uanset om du g\u00e5r p\u00e5 arbejde, p\u00e5 en dagstur eller bare ud for at nyde byen. Den smukke sorte farve giver mulighed for maksimal alsidighed, hvilket g\u00f8r det muligt, at parre den med enhver outfit.<\/p>\n<p><\/p>\n<p>Leveringstiden for vores h\u00e5ndtaske Mina i sort Elysium er 1-7 dage. Bestil din i dag, og oplev luksusen ved \u00e6gte l\u00e6der og det tidl\u00f8se design.<\/p>\n<p><\/p>\n<p>Produkt specifikationer: <br \/>\nMateriale: \u00c6gte l\u00e6der<br \/>\nFarve: Sort<br \/>\nSt\u00f8rrelse: 23x25x5 cm<br \/>\nLeveringstid: 1-7 dage<\/p>\n","protected":false},"excerpt":{"rendered":"<p>\u00c6gte L\u00e6derh\u00e5ndtaske Mina i sort Elysium Oplev elegance og sofistikation med vores h\u00e5ndtaske Mina. Fremstillet i \u00e6gte l\u00e6der, er denne taske designet til at vare, samtidig med at den raffinerede sk\u00f8nhed af dens sorte Elysium-finish skinner igennem. Den solide konstruktion garanterer holdbarhed, mens det tidl\u00f8se design sikrer, at den forbliver stilfuld \u00e5r efter \u00e5r. Med [&hellip;]<\/p>\n","protected":false},"featured_media":9543,"comment_status":"open","ping_status":"closed","template":"","meta":[],"product_brand":[],"product_cat":[236],"product_tag":[],"class_list":{"0":"post-9550","1":"product","2":"type-product","3":"status-publish","4":"has-post-thumbnail","6":"product_cat-women-handbags","8":"first","9":"instock","10":"shipping-taxable","11":"purchasable","12":"product-type-simple"},"yoast_head":"<!-- This site is optimized with the Yoast SEO plugin v24.8.1 - https:\/\/yoast.com\/wordpress\/plugins\/seo\/ -->\n<title>\u00c6gte L\u00e6der H\u00e5ndtaske Mina, Sort Elysium - LASTCHANCE Deals | Danmark<\/title>\n<meta name=\"robots\" content=\"index, follow, max-snippet:-1, max-image-preview:large, max-video-preview:-1\" \/>\n<link rel=\"canonical\" href=\"https:\/\/last-chance.dk\/?product=aegte-laeder-haandtaske-mina-sort-elysium\" \/>\n<meta property=\"og:locale\" content=\"da_DK\" \/>\n<meta property=\"og:type\" content=\"article\" \/>\n<meta property=\"og:title\" content=\"\u00c6gte L\u00e6der H\u00e5ndtaske Mina, Sort Elysium - LASTCHANCE Deals | Danmark\" \/>\n<meta property=\"og:description\" content=\"\u00c6gte L\u00e6derh\u00e5ndtaske Mina i sort Elysium Oplev elegance og sofistikation med vores h\u00e5ndtaske Mina. Fremstillet i \u00e6gte l\u00e6der, er denne taske designet til at vare, samtidig med at den raffinerede sk\u00f8nhed af dens sorte Elysium-finish skinner igennem. Den solide konstruktion garanterer holdbarhed, mens det tidl\u00f8se design sikrer, at den forbliver stilfuld \u00e5r efter \u00e5r. Med [&hellip;]\" \/>\n<meta property=\"og:url\" content=\"https:\/\/last-chance.dk\/?product=aegte-laeder-haandtaske-mina-sort-elysium\" \/>\n<meta property=\"og:site_name\" content=\"LASTCHANCE Deals | Danmark\" \/>\n<meta property=\"article:modified_time\" content=\"2025-09-19T17:10:17+00:00\" \/>\n<meta property=\"og:image\" content=\"https:\/\/last-chance.dk\/wp-content\/uploads\/2023\/12\/1-10.jpg\" \/>\n\t<meta property=\"og:image:width\" content=\"800\" \/>\n\t<meta property=\"og:image:height\" content=\"800\" \/>\n\t<meta property=\"og:image:type\" content=\"image\/jpeg\" \/>\n<meta name=\"twitter:card\" content=\"summary_large_image\" \/>\n<meta name=\"twitter:label1\" content=\"Estimeret l\u00e6setid\" \/>\n\t<meta name=\"twitter:data1\" content=\"1 minut\" \/>\n<script type=\"application\/ld+json\" class=\"yoast-schema-graph\">{\"@context\":\"https:\/\/schema.org\",\"@graph\":[{\"@type\":\"WebPage\",\"@id\":\"https:\/\/last-chance.dk\/?product=aegte-laeder-haandtaske-mina-sort-elysium\",\"url\":\"https:\/\/last-chance.dk\/?product=aegte-laeder-haandtaske-mina-sort-elysium\",\"name\":\"\u00c6gte L\u00e6der H\u00e5ndtaske Mina, Sort Elysium - LASTCHANCE Deals | Danmark\",\"isPartOf\":{\"@id\":\"https:\/\/last-chance.dk\/#website\"},\"primaryImageOfPage\":{\"@id\":\"https:\/\/last-chance.dk\/?product=aegte-laeder-haandtaske-mina-sort-elysium#primaryimage\"},\"image\":{\"@id\":\"https:\/\/last-chance.dk\/?product=aegte-laeder-haandtaske-mina-sort-elysium#primaryimage\"},\"thumbnailUrl\":\"https:\/\/last-chance.dk\/wp-content\/uploads\/2023\/12\/1-10.jpg\",\"datePublished\":\"2023-12-14T17:49:01+00:00\",\"dateModified\":\"2025-09-19T17:10:17+00:00\",\"breadcrumb\":{\"@id\":\"https:\/\/last-chance.dk\/?product=aegte-laeder-haandtaske-mina-sort-elysium#breadcrumb\"},\"inLanguage\":\"da-DK\",\"potentialAction\":[{\"@type\":\"ReadAction\",\"target\":[\"https:\/\/last-chance.dk\/?product=aegte-laeder-haandtaske-mina-sort-elysium\"]}]},{\"@type\":\"ImageObject\",\"inLanguage\":\"da-DK\",\"@id\":\"https:\/\/last-chance.dk\/?product=aegte-laeder-haandtaske-mina-sort-elysium#primaryimage\",\"url\":\"https:\/\/last-chance.dk\/wp-content\/uploads\/2023\/12\/1-10.jpg\",\"contentUrl\":\"https:\/\/last-chance.dk\/wp-content\/uploads\/2023\/12\/1-10.jpg\",\"width\":800,\"height\":800},{\"@type\":\"BreadcrumbList\",\"@id\":\"https:\/\/last-chance.dk\/?product=aegte-laeder-haandtaske-mina-sort-elysium#breadcrumb\",\"itemListElement\":[{\"@type\":\"ListItem\",\"position\":1,\"name\":\"Home\",\"item\":\"https:\/\/last-chance.dk\/\"},{\"@type\":\"ListItem\",\"position\":2,\"name\":\"\u00c6gte L\u00e6der H\u00e5ndtaske Mina, Sort Elysium\"}]},{\"@type\":\"WebSite\",\"@id\":\"https:\/\/last-chance.dk\/#website\",\"url\":\"https:\/\/last-chance.dk\/\",\"name\":\"LASTCHANCE Deals | Danmark\",\"description\":\"LASTCHANCE Deals | Danmark\",\"publisher\":{\"@id\":\"https:\/\/last-chance.dk\/#organization\"},\"potentialAction\":[{\"@type\":\"SearchAction\",\"target\":{\"@type\":\"EntryPoint\",\"urlTemplate\":\"https:\/\/last-chance.dk\/?s={search_term_string}\"},\"query-input\":{\"@type\":\"PropertyValueSpecification\",\"valueRequired\":true,\"valueName\":\"search_term_string\"}}],\"inLanguage\":\"da-DK\"},{\"@type\":\"Organization\",\"@id\":\"https:\/\/last-chance.dk\/#organization\",\"name\":\"LASTCHANCE Deals | Danmark\",\"url\":\"https:\/\/last-chance.dk\/\",\"logo\":{\"@type\":\"ImageObject\",\"inLanguage\":\"da-DK\",\"@id\":\"https:\/\/last-chance.dk\/#\/schema\/logo\/image\/\",\"url\":\"https:\/\/last-chance.dk\/wp-content\/uploads\/2023\/10\/lastchancedeals_logo_dk_white.png\",\"contentUrl\":\"https:\/\/last-chance.dk\/wp-content\/uploads\/2023\/10\/lastchancedeals_logo_dk_white.png\",\"width\":470,\"height\":110,\"caption\":\"LASTCHANCE Deals | Danmark\"},\"image\":{\"@id\":\"https:\/\/last-chance.dk\/#\/schema\/logo\/image\/\"}}]}<\/script>\n<!-- \/ Yoast SEO plugin. -->","yoast_head_json":{"title":"\u00c6gte L\u00e6der H\u00e5ndtaske Mina, Sort Elysium - LASTCHANCE Deals | Danmark","robots":{"index":"index","follow":"follow","max-snippet":"max-snippet:-1","max-image-preview":"max-image-preview:large","max-video-preview":"max-video-preview:-1"},"canonical":"https:\/\/last-chance.dk\/?product=aegte-laeder-haandtaske-mina-sort-elysium","og_locale":"da_DK","og_type":"article","og_title":"\u00c6gte L\u00e6der H\u00e5ndtaske Mina, Sort Elysium - LASTCHANCE Deals | Danmark","og_description":"\u00c6gte L\u00e6derh\u00e5ndtaske Mina i sort Elysium Oplev elegance og sofistikation med vores h\u00e5ndtaske Mina. Fremstillet i \u00e6gte l\u00e6der, er denne taske designet til at vare, samtidig med at den raffinerede sk\u00f8nhed af dens sorte Elysium-finish skinner igennem. Den solide konstruktion garanterer holdbarhed, mens det tidl\u00f8se design sikrer, at den forbliver stilfuld \u00e5r efter \u00e5r. Med [&hellip;]","og_url":"https:\/\/last-chance.dk\/?product=aegte-laeder-haandtaske-mina-sort-elysium","og_site_name":"LASTCHANCE Deals | Danmark","article_modified_time":"2025-09-19T17:10:17+00:00","og_image":[{"width":800,"height":800,"url":"https:\/\/last-chance.dk\/wp-content\/uploads\/2023\/12\/1-10.jpg","type":"image\/jpeg"}],"twitter_card":"summary_large_image","twitter_misc":{"Estimeret l\u00e6setid":"1 minut"},"schema":{"@context":"https:\/\/schema.org","@graph":[{"@type":"WebPage","@id":"https:\/\/last-chance.dk\/?product=aegte-laeder-haandtaske-mina-sort-elysium","url":"https:\/\/last-chance.dk\/?product=aegte-laeder-haandtaske-mina-sort-elysium","name":"\u00c6gte L\u00e6der H\u00e5ndtaske Mina, Sort Elysium - LASTCHANCE Deals | Danmark","isPartOf":{"@id":"https:\/\/last-chance.dk\/#website"},"primaryImageOfPage":{"@id":"https:\/\/last-chance.dk\/?product=aegte-laeder-haandtaske-mina-sort-elysium#primaryimage"},"image":{"@id":"https:\/\/last-chance.dk\/?product=aegte-laeder-haandtaske-mina-sort-elysium#primaryimage"},"thumbnailUrl":"https:\/\/last-chance.dk\/wp-content\/uploads\/2023\/12\/1-10.jpg","datePublished":"2023-12-14T17:49:01+00:00","dateModified":"2025-09-19T17:10:17+00:00","breadcrumb":{"@id":"https:\/\/last-chance.dk\/?product=aegte-laeder-haandtaske-mina-sort-elysium#breadcrumb"},"inLanguage":"da-DK","potentialAction":[{"@type":"ReadAction","target":["https:\/\/last-chance.dk\/?product=aegte-laeder-haandtaske-mina-sort-elysium"]}]},{"@type":"ImageObject","inLanguage":"da-DK","@id":"https:\/\/last-chance.dk\/?product=aegte-laeder-haandtaske-mina-sort-elysium#primaryimage","url":"https:\/\/last-chance.dk\/wp-content\/uploads\/2023\/12\/1-10.jpg","contentUrl":"https:\/\/last-chance.dk\/wp-content\/uploads\/2023\/12\/1-10.jpg","width":800,"height":800},{"@type":"BreadcrumbList","@id":"https:\/\/last-chance.dk\/?product=aegte-laeder-haandtaske-mina-sort-elysium#breadcrumb","itemListElement":[{"@type":"ListItem","position":1,"name":"Home","item":"https:\/\/last-chance.dk\/"},{"@type":"ListItem","position":2,"name":"\u00c6gte L\u00e6der H\u00e5ndtaske Mina, Sort Elysium"}]},{"@type":"WebSite","@id":"https:\/\/last-chance.dk\/#website","url":"https:\/\/last-chance.dk\/","name":"LASTCHANCE Deals | Danmark","description":"LASTCHANCE Deals | Danmark","publisher":{"@id":"https:\/\/last-chance.dk\/#organization"},"potentialAction":[{"@type":"SearchAction","target":{"@type":"EntryPoint","urlTemplate":"https:\/\/last-chance.dk\/?s={search_term_string}"},"query-input":{"@type":"PropertyValueSpecification","valueRequired":true,"valueName":"search_term_string"}}],"inLanguage":"da-DK"},{"@type":"Organization","@id":"https:\/\/last-chance.dk\/#organization","name":"LASTCHANCE Deals | Danmark","url":"https:\/\/last-chance.dk\/","logo":{"@type":"ImageObject","inLanguage":"da-DK","@id":"https:\/\/last-chance.dk\/#\/schema\/logo\/image\/","url":"https:\/\/last-chance.dk\/wp-content\/uploads\/2023\/10\/lastchancedeals_logo_dk_white.png","contentUrl":"https:\/\/last-chance.dk\/wp-content\/uploads\/2023\/10\/lastchancedeals_logo_dk_white.png","width":470,"height":110,"caption":"LASTCHANCE Deals | Danmark"},"image":{"@id":"https:\/\/last-chance.dk\/#\/schema\/logo\/image\/"}}]}},"_links":{"self":[{"href":"https:\/\/last-chance.dk\/index.php?rest_route=\/wp\/v2\/product\/9550","targetHints":{"allow":["GET"]}}],"collection":[{"href":"https:\/\/last-chance.dk\/index.php?rest_route=\/wp\/v2\/product"}],"about":[{"href":"https:\/\/last-chance.dk\/index.php?rest_route=\/wp\/v2\/types\/product"}],"replies":[{"embeddable":true,"href":"https:\/\/last-chance.dk\/index.php?rest_route=%2Fwp%2Fv2%2Fcomments&post=9550"}],"wp:featuredmedia":[{"embeddable":true,"href":"https:\/\/last-chance.dk\/index.php?rest_route=\/wp\/v2\/media\/9543"}],"wp:attachment":[{"href":"https:\/\/last-chance.dk\/index.php?rest_route=%2Fwp%2Fv2%2Fmedia&parent=9550"}],"wp:term":[{"taxonomy":"product_brand","embeddable":true,"href":"https:\/\/last-chance.dk\/index.php?rest_route=%2Fwp%2Fv2%2Fproduct_brand&post=9550"},{"taxonomy":"product_cat","embeddable":true,"href":"https:\/\/last-chance.dk\/index.php?rest_route=%2Fwp%2Fv2%2Fproduct_cat&post=9550"},{"taxonomy":"product_tag","embeddable":true,"href":"https:\/\/last-chance.dk\/index.php?rest_route=%2Fwp%2Fv2%2Fproduct_tag&post=9550"}],"curies":[{"name":"wp","href":"https:\/\/api.w.org\/{rel}","templated":true}]}}