{"id":9560,"date":"2023-12-14T17:50:12","date_gmt":"2023-12-14T17:50:12","guid":{"rendered":"https:\/\/www.lastchance.deals\/dk\/produkt\/aegte-laeder-haandtaske-nona-sort-artique\/"},"modified":"2025-09-19T17:12:03","modified_gmt":"2025-09-19T17:12:03","slug":"aegte-laeder-haandtaske-nona-sort-artique","status":"publish","type":"product","link":"https:\/\/last-chance.dk\/?product=aegte-laeder-haandtaske-nona-sort-artique","title":{"rendered":"\u00c6gte l\u00e6der h\u00e5ndtaske Nona, sort Artique"},"content":{"rendered":"<p>\u00c6gte L\u00e6der H\u00e5ndtaske Nona, Sort Artique<\/p>\n<p><\/p>\n<p>Denne unikke, \u00e6gte l\u00e6der h\u00e5ndtaske fra Nona er et perfekt tilbeh\u00f8r til dit daglige t\u00f8j. Sort Artique farve bidrager til dens sofistikerede udseende og g\u00f8r den let at kombinere med forskellige outfit. <\/p>\n<p><\/p>\n<p>Tasken er konstrueret med h\u00f8j kvalitet \u00e6gte l\u00e6der, hvilket giver en luksuri\u00f8s f\u00f8lelse og garanterer modstandsdygtighed og langvarig brug. Hvert stykke l\u00e6der er omhyggeligt valgt og h\u00e5ndteret med ekspertpleje og pr\u00e6cision, for at sikre den ultimative kvalitet p\u00e5 alle vores produkter. <\/p>\n<p><\/p>\n<p>Nona L\u00e6der H\u00e5ndtaske m\u00e5ler 23x22x4 cm, hvilket g\u00f8r den perfekt til b\u00e5de daglig brug og specielle lejligheder. Den kompakte st\u00f8rrelse passer til alle dine essentielle personlige genstande, men forhindrer dig ikke i at bev\u00e6ge dig frit. Med en leveringstid p\u00e5 1-7 dage kan du snart beundre dette smukke tilbeh\u00f8r i dine h\u00e6nder.<\/p>\n<p><\/p>\n<p>Produktspecifikationer:<\/p>\n<p><\/p>\n<p>Materiale: \u00c6gte l\u00e6der<br \/>\nFarve: Sort<br \/>\nSt\u00f8rrelse: 23x22x4 cm<br \/>\nLeveringstid: 1-7 dage<\/p>\n","protected":false},"excerpt":{"rendered":"<p>\u00c6gte L\u00e6der H\u00e5ndtaske Nona, Sort Artique Denne unikke, \u00e6gte l\u00e6der h\u00e5ndtaske fra Nona er et perfekt tilbeh\u00f8r til dit daglige t\u00f8j. Sort Artique farve bidrager til dens sofistikerede udseende og g\u00f8r den let at kombinere med forskellige outfit. Tasken er konstrueret med h\u00f8j kvalitet \u00e6gte l\u00e6der, hvilket giver en luksuri\u00f8s f\u00f8lelse og garanterer modstandsdygtighed og [&hellip;]<\/p>\n","protected":false},"featured_media":9551,"comment_status":"open","ping_status":"closed","template":"","meta":[],"product_brand":[],"product_cat":[236],"product_tag":[],"class_list":{"0":"post-9560","1":"product","2":"type-product","3":"status-publish","4":"has-post-thumbnail","6":"product_cat-women-handbags","8":"first","9":"instock","10":"shipping-taxable","11":"purchasable","12":"product-type-simple"},"yoast_head":"<!-- This site is optimized with the Yoast SEO plugin v24.8.1 - https:\/\/yoast.com\/wordpress\/plugins\/seo\/ -->\n<title>\u00c6gte l\u00e6der h\u00e5ndtaske Nona, sort Artique - LASTCHANCE Deals | Danmark<\/title>\n<meta name=\"robots\" content=\"index, follow, max-snippet:-1, max-image-preview:large, max-video-preview:-1\" \/>\n<link rel=\"canonical\" href=\"https:\/\/last-chance.dk\/?product=aegte-laeder-haandtaske-nona-sort-artique\" \/>\n<meta property=\"og:locale\" content=\"da_DK\" \/>\n<meta property=\"og:type\" content=\"article\" \/>\n<meta property=\"og:title\" content=\"\u00c6gte l\u00e6der h\u00e5ndtaske Nona, sort Artique - LASTCHANCE Deals | Danmark\" \/>\n<meta property=\"og:description\" content=\"\u00c6gte L\u00e6der H\u00e5ndtaske Nona, Sort Artique Denne unikke, \u00e6gte l\u00e6der h\u00e5ndtaske fra Nona er et perfekt tilbeh\u00f8r til dit daglige t\u00f8j. Sort Artique farve bidrager til dens sofistikerede udseende og g\u00f8r den let at kombinere med forskellige outfit. Tasken er konstrueret med h\u00f8j kvalitet \u00e6gte l\u00e6der, hvilket giver en luksuri\u00f8s f\u00f8lelse og garanterer modstandsdygtighed og [&hellip;]\" \/>\n<meta property=\"og:url\" content=\"https:\/\/last-chance.dk\/?product=aegte-laeder-haandtaske-nona-sort-artique\" \/>\n<meta property=\"og:site_name\" content=\"LASTCHANCE Deals | Danmark\" \/>\n<meta property=\"article:modified_time\" content=\"2025-09-19T17:12:03+00:00\" \/>\n<meta property=\"og:image\" content=\"https:\/\/last-chance.dk\/wp-content\/uploads\/2023\/12\/1-11.jpg\" \/>\n\t<meta property=\"og:image:width\" content=\"800\" \/>\n\t<meta property=\"og:image:height\" content=\"800\" \/>\n\t<meta property=\"og:image:type\" content=\"image\/jpeg\" \/>\n<meta name=\"twitter:card\" content=\"summary_large_image\" \/>\n<meta name=\"twitter:label1\" content=\"Estimeret l\u00e6setid\" \/>\n\t<meta name=\"twitter:data1\" content=\"1 minut\" \/>\n<script type=\"application\/ld+json\" class=\"yoast-schema-graph\">{\"@context\":\"https:\/\/schema.org\",\"@graph\":[{\"@type\":\"WebPage\",\"@id\":\"https:\/\/last-chance.dk\/?product=aegte-laeder-haandtaske-nona-sort-artique\",\"url\":\"https:\/\/last-chance.dk\/?product=aegte-laeder-haandtaske-nona-sort-artique\",\"name\":\"\u00c6gte l\u00e6der h\u00e5ndtaske Nona, sort Artique - LASTCHANCE Deals | Danmark\",\"isPartOf\":{\"@id\":\"https:\/\/last-chance.dk\/#website\"},\"primaryImageOfPage\":{\"@id\":\"https:\/\/last-chance.dk\/?product=aegte-laeder-haandtaske-nona-sort-artique#primaryimage\"},\"image\":{\"@id\":\"https:\/\/last-chance.dk\/?product=aegte-laeder-haandtaske-nona-sort-artique#primaryimage\"},\"thumbnailUrl\":\"https:\/\/last-chance.dk\/wp-content\/uploads\/2023\/12\/1-11.jpg\",\"datePublished\":\"2023-12-14T17:50:12+00:00\",\"dateModified\":\"2025-09-19T17:12:03+00:00\",\"breadcrumb\":{\"@id\":\"https:\/\/last-chance.dk\/?product=aegte-laeder-haandtaske-nona-sort-artique#breadcrumb\"},\"inLanguage\":\"da-DK\",\"potentialAction\":[{\"@type\":\"ReadAction\",\"target\":[\"https:\/\/last-chance.dk\/?product=aegte-laeder-haandtaske-nona-sort-artique\"]}]},{\"@type\":\"ImageObject\",\"inLanguage\":\"da-DK\",\"@id\":\"https:\/\/last-chance.dk\/?product=aegte-laeder-haandtaske-nona-sort-artique#primaryimage\",\"url\":\"https:\/\/last-chance.dk\/wp-content\/uploads\/2023\/12\/1-11.jpg\",\"contentUrl\":\"https:\/\/last-chance.dk\/wp-content\/uploads\/2023\/12\/1-11.jpg\",\"width\":800,\"height\":800},{\"@type\":\"BreadcrumbList\",\"@id\":\"https:\/\/last-chance.dk\/?product=aegte-laeder-haandtaske-nona-sort-artique#breadcrumb\",\"itemListElement\":[{\"@type\":\"ListItem\",\"position\":1,\"name\":\"Home\",\"item\":\"https:\/\/last-chance.dk\/\"},{\"@type\":\"ListItem\",\"position\":2,\"name\":\"\u00c6gte l\u00e6der h\u00e5ndtaske Nona, sort Artique\"}]},{\"@type\":\"WebSite\",\"@id\":\"https:\/\/last-chance.dk\/#website\",\"url\":\"https:\/\/last-chance.dk\/\",\"name\":\"LASTCHANCE Deals | Danmark\",\"description\":\"LASTCHANCE Deals | Danmark\",\"publisher\":{\"@id\":\"https:\/\/last-chance.dk\/#organization\"},\"potentialAction\":[{\"@type\":\"SearchAction\",\"target\":{\"@type\":\"EntryPoint\",\"urlTemplate\":\"https:\/\/last-chance.dk\/?s={search_term_string}\"},\"query-input\":{\"@type\":\"PropertyValueSpecification\",\"valueRequired\":true,\"valueName\":\"search_term_string\"}}],\"inLanguage\":\"da-DK\"},{\"@type\":\"Organization\",\"@id\":\"https:\/\/last-chance.dk\/#organization\",\"name\":\"LASTCHANCE Deals | Danmark\",\"url\":\"https:\/\/last-chance.dk\/\",\"logo\":{\"@type\":\"ImageObject\",\"inLanguage\":\"da-DK\",\"@id\":\"https:\/\/last-chance.dk\/#\/schema\/logo\/image\/\",\"url\":\"https:\/\/last-chance.dk\/wp-content\/uploads\/2023\/10\/lastchancedeals_logo_dk_white.png\",\"contentUrl\":\"https:\/\/last-chance.dk\/wp-content\/uploads\/2023\/10\/lastchancedeals_logo_dk_white.png\",\"width\":470,\"height\":110,\"caption\":\"LASTCHANCE Deals | Danmark\"},\"image\":{\"@id\":\"https:\/\/last-chance.dk\/#\/schema\/logo\/image\/\"}}]}<\/script>\n<!-- \/ Yoast SEO plugin. -->","yoast_head_json":{"title":"\u00c6gte l\u00e6der h\u00e5ndtaske Nona, sort Artique - LASTCHANCE Deals | Danmark","robots":{"index":"index","follow":"follow","max-snippet":"max-snippet:-1","max-image-preview":"max-image-preview:large","max-video-preview":"max-video-preview:-1"},"canonical":"https:\/\/last-chance.dk\/?product=aegte-laeder-haandtaske-nona-sort-artique","og_locale":"da_DK","og_type":"article","og_title":"\u00c6gte l\u00e6der h\u00e5ndtaske Nona, sort Artique - LASTCHANCE Deals | Danmark","og_description":"\u00c6gte L\u00e6der H\u00e5ndtaske Nona, Sort Artique Denne unikke, \u00e6gte l\u00e6der h\u00e5ndtaske fra Nona er et perfekt tilbeh\u00f8r til dit daglige t\u00f8j. Sort Artique farve bidrager til dens sofistikerede udseende og g\u00f8r den let at kombinere med forskellige outfit. Tasken er konstrueret med h\u00f8j kvalitet \u00e6gte l\u00e6der, hvilket giver en luksuri\u00f8s f\u00f8lelse og garanterer modstandsdygtighed og [&hellip;]","og_url":"https:\/\/last-chance.dk\/?product=aegte-laeder-haandtaske-nona-sort-artique","og_site_name":"LASTCHANCE Deals | Danmark","article_modified_time":"2025-09-19T17:12:03+00:00","og_image":[{"width":800,"height":800,"url":"https:\/\/last-chance.dk\/wp-content\/uploads\/2023\/12\/1-11.jpg","type":"image\/jpeg"}],"twitter_card":"summary_large_image","twitter_misc":{"Estimeret l\u00e6setid":"1 minut"},"schema":{"@context":"https:\/\/schema.org","@graph":[{"@type":"WebPage","@id":"https:\/\/last-chance.dk\/?product=aegte-laeder-haandtaske-nona-sort-artique","url":"https:\/\/last-chance.dk\/?product=aegte-laeder-haandtaske-nona-sort-artique","name":"\u00c6gte l\u00e6der h\u00e5ndtaske Nona, sort Artique - LASTCHANCE Deals | Danmark","isPartOf":{"@id":"https:\/\/last-chance.dk\/#website"},"primaryImageOfPage":{"@id":"https:\/\/last-chance.dk\/?product=aegte-laeder-haandtaske-nona-sort-artique#primaryimage"},"image":{"@id":"https:\/\/last-chance.dk\/?product=aegte-laeder-haandtaske-nona-sort-artique#primaryimage"},"thumbnailUrl":"https:\/\/last-chance.dk\/wp-content\/uploads\/2023\/12\/1-11.jpg","datePublished":"2023-12-14T17:50:12+00:00","dateModified":"2025-09-19T17:12:03+00:00","breadcrumb":{"@id":"https:\/\/last-chance.dk\/?product=aegte-laeder-haandtaske-nona-sort-artique#breadcrumb"},"inLanguage":"da-DK","potentialAction":[{"@type":"ReadAction","target":["https:\/\/last-chance.dk\/?product=aegte-laeder-haandtaske-nona-sort-artique"]}]},{"@type":"ImageObject","inLanguage":"da-DK","@id":"https:\/\/last-chance.dk\/?product=aegte-laeder-haandtaske-nona-sort-artique#primaryimage","url":"https:\/\/last-chance.dk\/wp-content\/uploads\/2023\/12\/1-11.jpg","contentUrl":"https:\/\/last-chance.dk\/wp-content\/uploads\/2023\/12\/1-11.jpg","width":800,"height":800},{"@type":"BreadcrumbList","@id":"https:\/\/last-chance.dk\/?product=aegte-laeder-haandtaske-nona-sort-artique#breadcrumb","itemListElement":[{"@type":"ListItem","position":1,"name":"Home","item":"https:\/\/last-chance.dk\/"},{"@type":"ListItem","position":2,"name":"\u00c6gte l\u00e6der h\u00e5ndtaske Nona, sort Artique"}]},{"@type":"WebSite","@id":"https:\/\/last-chance.dk\/#website","url":"https:\/\/last-chance.dk\/","name":"LASTCHANCE Deals | Danmark","description":"LASTCHANCE Deals | Danmark","publisher":{"@id":"https:\/\/last-chance.dk\/#organization"},"potentialAction":[{"@type":"SearchAction","target":{"@type":"EntryPoint","urlTemplate":"https:\/\/last-chance.dk\/?s={search_term_string}"},"query-input":{"@type":"PropertyValueSpecification","valueRequired":true,"valueName":"search_term_string"}}],"inLanguage":"da-DK"},{"@type":"Organization","@id":"https:\/\/last-chance.dk\/#organization","name":"LASTCHANCE Deals | Danmark","url":"https:\/\/last-chance.dk\/","logo":{"@type":"ImageObject","inLanguage":"da-DK","@id":"https:\/\/last-chance.dk\/#\/schema\/logo\/image\/","url":"https:\/\/last-chance.dk\/wp-content\/uploads\/2023\/10\/lastchancedeals_logo_dk_white.png","contentUrl":"https:\/\/last-chance.dk\/wp-content\/uploads\/2023\/10\/lastchancedeals_logo_dk_white.png","width":470,"height":110,"caption":"LASTCHANCE Deals | Danmark"},"image":{"@id":"https:\/\/last-chance.dk\/#\/schema\/logo\/image\/"}}]}},"_links":{"self":[{"href":"https:\/\/last-chance.dk\/index.php?rest_route=\/wp\/v2\/product\/9560","targetHints":{"allow":["GET"]}}],"collection":[{"href":"https:\/\/last-chance.dk\/index.php?rest_route=\/wp\/v2\/product"}],"about":[{"href":"https:\/\/last-chance.dk\/index.php?rest_route=\/wp\/v2\/types\/product"}],"replies":[{"embeddable":true,"href":"https:\/\/last-chance.dk\/index.php?rest_route=%2Fwp%2Fv2%2Fcomments&post=9560"}],"wp:featuredmedia":[{"embeddable":true,"href":"https:\/\/last-chance.dk\/index.php?rest_route=\/wp\/v2\/media\/9551"}],"wp:attachment":[{"href":"https:\/\/last-chance.dk\/index.php?rest_route=%2Fwp%2Fv2%2Fmedia&parent=9560"}],"wp:term":[{"taxonomy":"product_brand","embeddable":true,"href":"https:\/\/last-chance.dk\/index.php?rest_route=%2Fwp%2Fv2%2Fproduct_brand&post=9560"},{"taxonomy":"product_cat","embeddable":true,"href":"https:\/\/last-chance.dk\/index.php?rest_route=%2Fwp%2Fv2%2Fproduct_cat&post=9560"},{"taxonomy":"product_tag","embeddable":true,"href":"https:\/\/last-chance.dk\/index.php?rest_route=%2Fwp%2Fv2%2Fproduct_tag&post=9560"}],"curies":[{"name":"wp","href":"https:\/\/api.w.org\/{rel}","templated":true}]}}