{"id":9567,"date":"2023-12-14T17:51:00","date_gmt":"2023-12-14T17:51:00","guid":{"rendered":"https:\/\/www.lastchance.deals\/dk\/produkt\/aegte-laeder-haandtaske-ramona-sort-velluto\/"},"modified":"2025-09-19T17:12:25","modified_gmt":"2025-09-19T17:12:25","slug":"aegte-laeder-haandtaske-ramona-sort-velluto","status":"publish","type":"product","link":"https:\/\/last-chance.dk\/?product=aegte-laeder-haandtaske-ramona-sort-velluto","title":{"rendered":"\u00c6gte L\u00e6der H\u00e5ndtaske Ramona, Sort Velluto"},"content":{"rendered":"<p>\u00c6gte L\u00e6der H\u00e5ndtaske Ramona, Sort Velluto<\/p>\n<p><\/p>\n<p>Denne elegante, \u00e6gte l\u00e6der h\u00e5ndtaske Ramona er fremstillet af sort velluto. Den repr\u00e6senterer perfekt traditionel kunsth\u00e5ndv\u00e6rk og har en uimodst\u00e5elig charme. Den bl\u00f8de \u00e6gte l\u00e6der giver tasken en fornemmelse af klasse og elegance.<\/p>\n<p><\/p>\n<p>Med dens st\u00f8rrelse p\u00e5 28x25x9 cm er tasken en ideel tilf\u00f8jelse til enhver garderobe. Den tilbyder rigelig plads til dine daglige n\u00f8dvendigheder som smartphone, tegnebog, kosmetik osv.<\/p>\n<p><\/p>\n<p>Den sorte farve g\u00f8r den passende til enhver lejlighed, lige fra kontortid til middagsfester. En s\u00e5dan alsidighed g\u00f8r tasken til et uundv\u00e6rligt tilbeh\u00f8r i din garderobe.<\/p>\n<p><\/p>\n<p>Leveringstid for denne l\u00e6kre h\u00e5ndtaske er 1-7 dage, s\u00e5 du vil ikke skulle vente l\u00e6nge for at tilf\u00f8je denne uds\u00f8gte del til din garderobe.<\/p>\n<p><\/p>\n<p>Produktspecifikationer:<\/p>\n<p><\/p>\n<p>Materiale: \u00c6gte l\u00e6der<br \/>\nFarve: Sort<br \/>\nSt\u00f8rrelse: 28x25x9 cm<br \/>\nLeveringstid: 1-7 dage<\/p>\n","protected":false},"excerpt":{"rendered":"<p>\u00c6gte L\u00e6der H\u00e5ndtaske Ramona, Sort Velluto Denne elegante, \u00e6gte l\u00e6der h\u00e5ndtaske Ramona er fremstillet af sort velluto. Den repr\u00e6senterer perfekt traditionel kunsth\u00e5ndv\u00e6rk og har en uimodst\u00e5elig charme. Den bl\u00f8de \u00e6gte l\u00e6der giver tasken en fornemmelse af klasse og elegance. Med dens st\u00f8rrelse p\u00e5 28x25x9 cm er tasken en ideel tilf\u00f8jelse til enhver garderobe. Den tilbyder [&hellip;]<\/p>\n","protected":false},"featured_media":9561,"comment_status":"open","ping_status":"closed","template":"","meta":[],"product_brand":[],"product_cat":[236],"product_tag":[],"class_list":{"0":"post-9567","1":"product","2":"type-product","3":"status-publish","4":"has-post-thumbnail","6":"product_cat-women-handbags","8":"first","9":"instock","10":"shipping-taxable","11":"purchasable","12":"product-type-simple"},"yoast_head":"<!-- This site is optimized with the Yoast SEO plugin v24.8.1 - https:\/\/yoast.com\/wordpress\/plugins\/seo\/ -->\n<title>\u00c6gte L\u00e6der H\u00e5ndtaske Ramona, Sort Velluto - LASTCHANCE Deals | Danmark<\/title>\n<meta name=\"robots\" content=\"index, follow, max-snippet:-1, max-image-preview:large, max-video-preview:-1\" \/>\n<link rel=\"canonical\" href=\"https:\/\/last-chance.dk\/?product=aegte-laeder-haandtaske-ramona-sort-velluto\" \/>\n<meta property=\"og:locale\" content=\"da_DK\" \/>\n<meta property=\"og:type\" content=\"article\" \/>\n<meta property=\"og:title\" content=\"\u00c6gte L\u00e6der H\u00e5ndtaske Ramona, Sort Velluto - LASTCHANCE Deals | Danmark\" \/>\n<meta property=\"og:description\" content=\"\u00c6gte L\u00e6der H\u00e5ndtaske Ramona, Sort Velluto Denne elegante, \u00e6gte l\u00e6der h\u00e5ndtaske Ramona er fremstillet af sort velluto. Den repr\u00e6senterer perfekt traditionel kunsth\u00e5ndv\u00e6rk og har en uimodst\u00e5elig charme. Den bl\u00f8de \u00e6gte l\u00e6der giver tasken en fornemmelse af klasse og elegance. Med dens st\u00f8rrelse p\u00e5 28x25x9 cm er tasken en ideel tilf\u00f8jelse til enhver garderobe. Den tilbyder [&hellip;]\" \/>\n<meta property=\"og:url\" content=\"https:\/\/last-chance.dk\/?product=aegte-laeder-haandtaske-ramona-sort-velluto\" \/>\n<meta property=\"og:site_name\" content=\"LASTCHANCE Deals | Danmark\" \/>\n<meta property=\"article:modified_time\" content=\"2025-09-19T17:12:25+00:00\" \/>\n<meta property=\"og:image\" content=\"https:\/\/last-chance.dk\/wp-content\/uploads\/2023\/12\/1-12.jpg\" \/>\n\t<meta property=\"og:image:width\" content=\"667\" \/>\n\t<meta property=\"og:image:height\" content=\"653\" \/>\n\t<meta property=\"og:image:type\" content=\"image\/jpeg\" \/>\n<meta name=\"twitter:card\" content=\"summary_large_image\" \/>\n<meta name=\"twitter:label1\" content=\"Estimeret l\u00e6setid\" \/>\n\t<meta name=\"twitter:data1\" content=\"1 minut\" \/>\n<script type=\"application\/ld+json\" class=\"yoast-schema-graph\">{\"@context\":\"https:\/\/schema.org\",\"@graph\":[{\"@type\":\"WebPage\",\"@id\":\"https:\/\/last-chance.dk\/?product=aegte-laeder-haandtaske-ramona-sort-velluto\",\"url\":\"https:\/\/last-chance.dk\/?product=aegte-laeder-haandtaske-ramona-sort-velluto\",\"name\":\"\u00c6gte L\u00e6der H\u00e5ndtaske Ramona, Sort Velluto - LASTCHANCE Deals | Danmark\",\"isPartOf\":{\"@id\":\"https:\/\/last-chance.dk\/#website\"},\"primaryImageOfPage\":{\"@id\":\"https:\/\/last-chance.dk\/?product=aegte-laeder-haandtaske-ramona-sort-velluto#primaryimage\"},\"image\":{\"@id\":\"https:\/\/last-chance.dk\/?product=aegte-laeder-haandtaske-ramona-sort-velluto#primaryimage\"},\"thumbnailUrl\":\"https:\/\/last-chance.dk\/wp-content\/uploads\/2023\/12\/1-12.jpg\",\"datePublished\":\"2023-12-14T17:51:00+00:00\",\"dateModified\":\"2025-09-19T17:12:25+00:00\",\"breadcrumb\":{\"@id\":\"https:\/\/last-chance.dk\/?product=aegte-laeder-haandtaske-ramona-sort-velluto#breadcrumb\"},\"inLanguage\":\"da-DK\",\"potentialAction\":[{\"@type\":\"ReadAction\",\"target\":[\"https:\/\/last-chance.dk\/?product=aegte-laeder-haandtaske-ramona-sort-velluto\"]}]},{\"@type\":\"ImageObject\",\"inLanguage\":\"da-DK\",\"@id\":\"https:\/\/last-chance.dk\/?product=aegte-laeder-haandtaske-ramona-sort-velluto#primaryimage\",\"url\":\"https:\/\/last-chance.dk\/wp-content\/uploads\/2023\/12\/1-12.jpg\",\"contentUrl\":\"https:\/\/last-chance.dk\/wp-content\/uploads\/2023\/12\/1-12.jpg\",\"width\":667,\"height\":653},{\"@type\":\"BreadcrumbList\",\"@id\":\"https:\/\/last-chance.dk\/?product=aegte-laeder-haandtaske-ramona-sort-velluto#breadcrumb\",\"itemListElement\":[{\"@type\":\"ListItem\",\"position\":1,\"name\":\"Home\",\"item\":\"https:\/\/last-chance.dk\/\"},{\"@type\":\"ListItem\",\"position\":2,\"name\":\"\u00c6gte L\u00e6der H\u00e5ndtaske Ramona, Sort Velluto\"}]},{\"@type\":\"WebSite\",\"@id\":\"https:\/\/last-chance.dk\/#website\",\"url\":\"https:\/\/last-chance.dk\/\",\"name\":\"LASTCHANCE Deals | Danmark\",\"description\":\"LASTCHANCE Deals | Danmark\",\"publisher\":{\"@id\":\"https:\/\/last-chance.dk\/#organization\"},\"potentialAction\":[{\"@type\":\"SearchAction\",\"target\":{\"@type\":\"EntryPoint\",\"urlTemplate\":\"https:\/\/last-chance.dk\/?s={search_term_string}\"},\"query-input\":{\"@type\":\"PropertyValueSpecification\",\"valueRequired\":true,\"valueName\":\"search_term_string\"}}],\"inLanguage\":\"da-DK\"},{\"@type\":\"Organization\",\"@id\":\"https:\/\/last-chance.dk\/#organization\",\"name\":\"LASTCHANCE Deals | Danmark\",\"url\":\"https:\/\/last-chance.dk\/\",\"logo\":{\"@type\":\"ImageObject\",\"inLanguage\":\"da-DK\",\"@id\":\"https:\/\/last-chance.dk\/#\/schema\/logo\/image\/\",\"url\":\"https:\/\/last-chance.dk\/wp-content\/uploads\/2023\/10\/lastchancedeals_logo_dk_white.png\",\"contentUrl\":\"https:\/\/last-chance.dk\/wp-content\/uploads\/2023\/10\/lastchancedeals_logo_dk_white.png\",\"width\":470,\"height\":110,\"caption\":\"LASTCHANCE Deals | Danmark\"},\"image\":{\"@id\":\"https:\/\/last-chance.dk\/#\/schema\/logo\/image\/\"}}]}<\/script>\n<!-- \/ Yoast SEO plugin. -->","yoast_head_json":{"title":"\u00c6gte L\u00e6der H\u00e5ndtaske Ramona, Sort Velluto - LASTCHANCE Deals | Danmark","robots":{"index":"index","follow":"follow","max-snippet":"max-snippet:-1","max-image-preview":"max-image-preview:large","max-video-preview":"max-video-preview:-1"},"canonical":"https:\/\/last-chance.dk\/?product=aegte-laeder-haandtaske-ramona-sort-velluto","og_locale":"da_DK","og_type":"article","og_title":"\u00c6gte L\u00e6der H\u00e5ndtaske Ramona, Sort Velluto - LASTCHANCE Deals | Danmark","og_description":"\u00c6gte L\u00e6der H\u00e5ndtaske Ramona, Sort Velluto Denne elegante, \u00e6gte l\u00e6der h\u00e5ndtaske Ramona er fremstillet af sort velluto. Den repr\u00e6senterer perfekt traditionel kunsth\u00e5ndv\u00e6rk og har en uimodst\u00e5elig charme. Den bl\u00f8de \u00e6gte l\u00e6der giver tasken en fornemmelse af klasse og elegance. Med dens st\u00f8rrelse p\u00e5 28x25x9 cm er tasken en ideel tilf\u00f8jelse til enhver garderobe. Den tilbyder [&hellip;]","og_url":"https:\/\/last-chance.dk\/?product=aegte-laeder-haandtaske-ramona-sort-velluto","og_site_name":"LASTCHANCE Deals | Danmark","article_modified_time":"2025-09-19T17:12:25+00:00","og_image":[{"width":667,"height":653,"url":"https:\/\/last-chance.dk\/wp-content\/uploads\/2023\/12\/1-12.jpg","type":"image\/jpeg"}],"twitter_card":"summary_large_image","twitter_misc":{"Estimeret l\u00e6setid":"1 minut"},"schema":{"@context":"https:\/\/schema.org","@graph":[{"@type":"WebPage","@id":"https:\/\/last-chance.dk\/?product=aegte-laeder-haandtaske-ramona-sort-velluto","url":"https:\/\/last-chance.dk\/?product=aegte-laeder-haandtaske-ramona-sort-velluto","name":"\u00c6gte L\u00e6der H\u00e5ndtaske Ramona, Sort Velluto - LASTCHANCE Deals | Danmark","isPartOf":{"@id":"https:\/\/last-chance.dk\/#website"},"primaryImageOfPage":{"@id":"https:\/\/last-chance.dk\/?product=aegte-laeder-haandtaske-ramona-sort-velluto#primaryimage"},"image":{"@id":"https:\/\/last-chance.dk\/?product=aegte-laeder-haandtaske-ramona-sort-velluto#primaryimage"},"thumbnailUrl":"https:\/\/last-chance.dk\/wp-content\/uploads\/2023\/12\/1-12.jpg","datePublished":"2023-12-14T17:51:00+00:00","dateModified":"2025-09-19T17:12:25+00:00","breadcrumb":{"@id":"https:\/\/last-chance.dk\/?product=aegte-laeder-haandtaske-ramona-sort-velluto#breadcrumb"},"inLanguage":"da-DK","potentialAction":[{"@type":"ReadAction","target":["https:\/\/last-chance.dk\/?product=aegte-laeder-haandtaske-ramona-sort-velluto"]}]},{"@type":"ImageObject","inLanguage":"da-DK","@id":"https:\/\/last-chance.dk\/?product=aegte-laeder-haandtaske-ramona-sort-velluto#primaryimage","url":"https:\/\/last-chance.dk\/wp-content\/uploads\/2023\/12\/1-12.jpg","contentUrl":"https:\/\/last-chance.dk\/wp-content\/uploads\/2023\/12\/1-12.jpg","width":667,"height":653},{"@type":"BreadcrumbList","@id":"https:\/\/last-chance.dk\/?product=aegte-laeder-haandtaske-ramona-sort-velluto#breadcrumb","itemListElement":[{"@type":"ListItem","position":1,"name":"Home","item":"https:\/\/last-chance.dk\/"},{"@type":"ListItem","position":2,"name":"\u00c6gte L\u00e6der H\u00e5ndtaske Ramona, Sort Velluto"}]},{"@type":"WebSite","@id":"https:\/\/last-chance.dk\/#website","url":"https:\/\/last-chance.dk\/","name":"LASTCHANCE Deals | Danmark","description":"LASTCHANCE Deals | Danmark","publisher":{"@id":"https:\/\/last-chance.dk\/#organization"},"potentialAction":[{"@type":"SearchAction","target":{"@type":"EntryPoint","urlTemplate":"https:\/\/last-chance.dk\/?s={search_term_string}"},"query-input":{"@type":"PropertyValueSpecification","valueRequired":true,"valueName":"search_term_string"}}],"inLanguage":"da-DK"},{"@type":"Organization","@id":"https:\/\/last-chance.dk\/#organization","name":"LASTCHANCE Deals | Danmark","url":"https:\/\/last-chance.dk\/","logo":{"@type":"ImageObject","inLanguage":"da-DK","@id":"https:\/\/last-chance.dk\/#\/schema\/logo\/image\/","url":"https:\/\/last-chance.dk\/wp-content\/uploads\/2023\/10\/lastchancedeals_logo_dk_white.png","contentUrl":"https:\/\/last-chance.dk\/wp-content\/uploads\/2023\/10\/lastchancedeals_logo_dk_white.png","width":470,"height":110,"caption":"LASTCHANCE Deals | Danmark"},"image":{"@id":"https:\/\/last-chance.dk\/#\/schema\/logo\/image\/"}}]}},"_links":{"self":[{"href":"https:\/\/last-chance.dk\/index.php?rest_route=\/wp\/v2\/product\/9567","targetHints":{"allow":["GET"]}}],"collection":[{"href":"https:\/\/last-chance.dk\/index.php?rest_route=\/wp\/v2\/product"}],"about":[{"href":"https:\/\/last-chance.dk\/index.php?rest_route=\/wp\/v2\/types\/product"}],"replies":[{"embeddable":true,"href":"https:\/\/last-chance.dk\/index.php?rest_route=%2Fwp%2Fv2%2Fcomments&post=9567"}],"wp:featuredmedia":[{"embeddable":true,"href":"https:\/\/last-chance.dk\/index.php?rest_route=\/wp\/v2\/media\/9561"}],"wp:attachment":[{"href":"https:\/\/last-chance.dk\/index.php?rest_route=%2Fwp%2Fv2%2Fmedia&parent=9567"}],"wp:term":[{"taxonomy":"product_brand","embeddable":true,"href":"https:\/\/last-chance.dk\/index.php?rest_route=%2Fwp%2Fv2%2Fproduct_brand&post=9567"},{"taxonomy":"product_cat","embeddable":true,"href":"https:\/\/last-chance.dk\/index.php?rest_route=%2Fwp%2Fv2%2Fproduct_cat&post=9567"},{"taxonomy":"product_tag","embeddable":true,"href":"https:\/\/last-chance.dk\/index.php?rest_route=%2Fwp%2Fv2%2Fproduct_tag&post=9567"}],"curies":[{"name":"wp","href":"https:\/\/api.w.org\/{rel}","templated":true}]}}