{"id":9868,"date":"2023-12-17T00:11:31","date_gmt":"2023-12-17T00:11:31","guid":{"rendered":"https:\/\/www.lastchance.deals\/dk\/produkt\/sofabord-aaron\/"},"modified":"2025-09-19T18:32:42","modified_gmt":"2025-09-19T18:32:42","slug":"sofabord-aaron","status":"publish","type":"product","link":"https:\/\/last-chance.dk\/?product=sofabord-aaron","title":{"rendered":"Sofabord Aaron"},"content":{"rendered":"<p><strong>Sofabord Aaron<\/strong> er et moderne og elegant bord, der passer perfekt til din stue. Bordet har to runde plader i mdf med en flot tr\u00e6finish og et slankt metalstel i sort. Du kan bruge det \u00f8verste bord til at stille drikkevarer, b\u00f8ger eller planter p\u00e5, og det nederste bord til at opbevare magasiner, fjernbetjeninger eller andre ting. Bordet er let at samle og har en 12 m\u00e5neders rammegaranti fra fabrikanten ForrestDecor. M\u00e5l: 50&#215;38\/70x45cm.<\/p>\n<p>&nbsp;<\/p>\n<p>Leveringstid: Leveringstid 1 uge<br \/>\nStil: moderne<br \/>\nMateriale: mdf,metal<br \/>\nUdvendige dimensioner: 50&#215;38\/70x45cm<br \/>\nMontage: skal samles<br \/>\nGaranti: 12 m\u00e5neders rammegaranti<br \/>\nFabrikant: ForrestDecor<\/p>\n","protected":false},"excerpt":{"rendered":"<p>Sofabord Aaron er et moderne og elegant bord, der passer perfekt til din stue. Bordet har to runde plader i mdf med en flot tr\u00e6finish og et slankt metalstel i sort. Du kan bruge det \u00f8verste bord til at stille drikkevarer, b\u00f8ger eller planter p\u00e5, og det nederste bord til at opbevare magasiner, fjernbetjeninger eller [&hellip;]<\/p>\n","protected":false},"featured_media":9863,"comment_status":"open","ping_status":"closed","template":"","meta":[],"product_brand":[],"product_cat":[131],"product_tag":[],"class_list":{"0":"post-9868","1":"product","2":"type-product","3":"status-publish","4":"has-post-thumbnail","6":"product_cat-coffee-tables","8":"first","9":"instock","10":"shipping-taxable","11":"purchasable","12":"product-type-variable"},"yoast_head":"<!-- This site is optimized with the Yoast SEO plugin v24.8.1 - https:\/\/yoast.com\/wordpress\/plugins\/seo\/ -->\n<title>Sofabord Aaron - LASTCHANCE Deals | Danmark<\/title>\n<meta name=\"robots\" content=\"index, follow, max-snippet:-1, max-image-preview:large, max-video-preview:-1\" \/>\n<link rel=\"canonical\" href=\"https:\/\/last-chance.dk\/?product=sofabord-aaron\" \/>\n<meta property=\"og:locale\" content=\"da_DK\" \/>\n<meta property=\"og:type\" content=\"article\" \/>\n<meta property=\"og:title\" content=\"Sofabord Aaron - LASTCHANCE Deals | Danmark\" \/>\n<meta property=\"og:description\" content=\"Sofabord Aaron er et moderne og elegant bord, der passer perfekt til din stue. Bordet har to runde plader i mdf med en flot tr\u00e6finish og et slankt metalstel i sort. Du kan bruge det \u00f8verste bord til at stille drikkevarer, b\u00f8ger eller planter p\u00e5, og det nederste bord til at opbevare magasiner, fjernbetjeninger eller [&hellip;]\" \/>\n<meta property=\"og:url\" content=\"https:\/\/last-chance.dk\/?product=sofabord-aaron\" \/>\n<meta property=\"og:site_name\" content=\"LASTCHANCE Deals | Danmark\" \/>\n<meta property=\"article:modified_time\" content=\"2025-09-19T18:32:42+00:00\" \/>\n<meta property=\"og:image\" content=\"https:\/\/last-chance.dk\/wp-content\/uploads\/2023\/12\/aaron_new_white.jpg\" \/>\n\t<meta property=\"og:image:width\" content=\"600\" \/>\n\t<meta property=\"og:image:height\" content=\"600\" \/>\n\t<meta property=\"og:image:type\" content=\"image\/jpeg\" \/>\n<meta name=\"twitter:card\" content=\"summary_large_image\" \/>\n<meta name=\"twitter:label1\" content=\"Estimeret l\u00e6setid\" \/>\n\t<meta name=\"twitter:data1\" content=\"1 minut\" \/>\n<script type=\"application\/ld+json\" class=\"yoast-schema-graph\">{\"@context\":\"https:\/\/schema.org\",\"@graph\":[{\"@type\":\"WebPage\",\"@id\":\"https:\/\/last-chance.dk\/?product=sofabord-aaron\",\"url\":\"https:\/\/last-chance.dk\/?product=sofabord-aaron\",\"name\":\"Sofabord Aaron - LASTCHANCE Deals | Danmark\",\"isPartOf\":{\"@id\":\"https:\/\/last-chance.dk\/#website\"},\"primaryImageOfPage\":{\"@id\":\"https:\/\/last-chance.dk\/?product=sofabord-aaron#primaryimage\"},\"image\":{\"@id\":\"https:\/\/last-chance.dk\/?product=sofabord-aaron#primaryimage\"},\"thumbnailUrl\":\"https:\/\/last-chance.dk\/wp-content\/uploads\/2023\/12\/aaron_new_white.jpg\",\"datePublished\":\"2023-12-17T00:11:31+00:00\",\"dateModified\":\"2025-09-19T18:32:42+00:00\",\"breadcrumb\":{\"@id\":\"https:\/\/last-chance.dk\/?product=sofabord-aaron#breadcrumb\"},\"inLanguage\":\"da-DK\",\"potentialAction\":[{\"@type\":\"ReadAction\",\"target\":[\"https:\/\/last-chance.dk\/?product=sofabord-aaron\"]}]},{\"@type\":\"ImageObject\",\"inLanguage\":\"da-DK\",\"@id\":\"https:\/\/last-chance.dk\/?product=sofabord-aaron#primaryimage\",\"url\":\"https:\/\/last-chance.dk\/wp-content\/uploads\/2023\/12\/aaron_new_white.jpg\",\"contentUrl\":\"https:\/\/last-chance.dk\/wp-content\/uploads\/2023\/12\/aaron_new_white.jpg\",\"width\":600,\"height\":600},{\"@type\":\"BreadcrumbList\",\"@id\":\"https:\/\/last-chance.dk\/?product=sofabord-aaron#breadcrumb\",\"itemListElement\":[{\"@type\":\"ListItem\",\"position\":1,\"name\":\"Home\",\"item\":\"https:\/\/last-chance.dk\/\"},{\"@type\":\"ListItem\",\"position\":2,\"name\":\"Sofabord Aaron\"}]},{\"@type\":\"WebSite\",\"@id\":\"https:\/\/last-chance.dk\/#website\",\"url\":\"https:\/\/last-chance.dk\/\",\"name\":\"LASTCHANCE Deals | Danmark\",\"description\":\"LASTCHANCE Deals | Danmark\",\"publisher\":{\"@id\":\"https:\/\/last-chance.dk\/#organization\"},\"potentialAction\":[{\"@type\":\"SearchAction\",\"target\":{\"@type\":\"EntryPoint\",\"urlTemplate\":\"https:\/\/last-chance.dk\/?s={search_term_string}\"},\"query-input\":{\"@type\":\"PropertyValueSpecification\",\"valueRequired\":true,\"valueName\":\"search_term_string\"}}],\"inLanguage\":\"da-DK\"},{\"@type\":\"Organization\",\"@id\":\"https:\/\/last-chance.dk\/#organization\",\"name\":\"LASTCHANCE Deals | Danmark\",\"url\":\"https:\/\/last-chance.dk\/\",\"logo\":{\"@type\":\"ImageObject\",\"inLanguage\":\"da-DK\",\"@id\":\"https:\/\/last-chance.dk\/#\/schema\/logo\/image\/\",\"url\":\"https:\/\/last-chance.dk\/wp-content\/uploads\/2023\/10\/lastchancedeals_logo_dk_white.png\",\"contentUrl\":\"https:\/\/last-chance.dk\/wp-content\/uploads\/2023\/10\/lastchancedeals_logo_dk_white.png\",\"width\":470,\"height\":110,\"caption\":\"LASTCHANCE Deals | Danmark\"},\"image\":{\"@id\":\"https:\/\/last-chance.dk\/#\/schema\/logo\/image\/\"}}]}<\/script>\n<!-- \/ Yoast SEO plugin. -->","yoast_head_json":{"title":"Sofabord Aaron - LASTCHANCE Deals | Danmark","robots":{"index":"index","follow":"follow","max-snippet":"max-snippet:-1","max-image-preview":"max-image-preview:large","max-video-preview":"max-video-preview:-1"},"canonical":"https:\/\/last-chance.dk\/?product=sofabord-aaron","og_locale":"da_DK","og_type":"article","og_title":"Sofabord Aaron - LASTCHANCE Deals | Danmark","og_description":"Sofabord Aaron er et moderne og elegant bord, der passer perfekt til din stue. Bordet har to runde plader i mdf med en flot tr\u00e6finish og et slankt metalstel i sort. Du kan bruge det \u00f8verste bord til at stille drikkevarer, b\u00f8ger eller planter p\u00e5, og det nederste bord til at opbevare magasiner, fjernbetjeninger eller [&hellip;]","og_url":"https:\/\/last-chance.dk\/?product=sofabord-aaron","og_site_name":"LASTCHANCE Deals | Danmark","article_modified_time":"2025-09-19T18:32:42+00:00","og_image":[{"width":600,"height":600,"url":"https:\/\/last-chance.dk\/wp-content\/uploads\/2023\/12\/aaron_new_white.jpg","type":"image\/jpeg"}],"twitter_card":"summary_large_image","twitter_misc":{"Estimeret l\u00e6setid":"1 minut"},"schema":{"@context":"https:\/\/schema.org","@graph":[{"@type":"WebPage","@id":"https:\/\/last-chance.dk\/?product=sofabord-aaron","url":"https:\/\/last-chance.dk\/?product=sofabord-aaron","name":"Sofabord Aaron - LASTCHANCE Deals | Danmark","isPartOf":{"@id":"https:\/\/last-chance.dk\/#website"},"primaryImageOfPage":{"@id":"https:\/\/last-chance.dk\/?product=sofabord-aaron#primaryimage"},"image":{"@id":"https:\/\/last-chance.dk\/?product=sofabord-aaron#primaryimage"},"thumbnailUrl":"https:\/\/last-chance.dk\/wp-content\/uploads\/2023\/12\/aaron_new_white.jpg","datePublished":"2023-12-17T00:11:31+00:00","dateModified":"2025-09-19T18:32:42+00:00","breadcrumb":{"@id":"https:\/\/last-chance.dk\/?product=sofabord-aaron#breadcrumb"},"inLanguage":"da-DK","potentialAction":[{"@type":"ReadAction","target":["https:\/\/last-chance.dk\/?product=sofabord-aaron"]}]},{"@type":"ImageObject","inLanguage":"da-DK","@id":"https:\/\/last-chance.dk\/?product=sofabord-aaron#primaryimage","url":"https:\/\/last-chance.dk\/wp-content\/uploads\/2023\/12\/aaron_new_white.jpg","contentUrl":"https:\/\/last-chance.dk\/wp-content\/uploads\/2023\/12\/aaron_new_white.jpg","width":600,"height":600},{"@type":"BreadcrumbList","@id":"https:\/\/last-chance.dk\/?product=sofabord-aaron#breadcrumb","itemListElement":[{"@type":"ListItem","position":1,"name":"Home","item":"https:\/\/last-chance.dk\/"},{"@type":"ListItem","position":2,"name":"Sofabord Aaron"}]},{"@type":"WebSite","@id":"https:\/\/last-chance.dk\/#website","url":"https:\/\/last-chance.dk\/","name":"LASTCHANCE Deals | Danmark","description":"LASTCHANCE Deals | Danmark","publisher":{"@id":"https:\/\/last-chance.dk\/#organization"},"potentialAction":[{"@type":"SearchAction","target":{"@type":"EntryPoint","urlTemplate":"https:\/\/last-chance.dk\/?s={search_term_string}"},"query-input":{"@type":"PropertyValueSpecification","valueRequired":true,"valueName":"search_term_string"}}],"inLanguage":"da-DK"},{"@type":"Organization","@id":"https:\/\/last-chance.dk\/#organization","name":"LASTCHANCE Deals | Danmark","url":"https:\/\/last-chance.dk\/","logo":{"@type":"ImageObject","inLanguage":"da-DK","@id":"https:\/\/last-chance.dk\/#\/schema\/logo\/image\/","url":"https:\/\/last-chance.dk\/wp-content\/uploads\/2023\/10\/lastchancedeals_logo_dk_white.png","contentUrl":"https:\/\/last-chance.dk\/wp-content\/uploads\/2023\/10\/lastchancedeals_logo_dk_white.png","width":470,"height":110,"caption":"LASTCHANCE Deals | Danmark"},"image":{"@id":"https:\/\/last-chance.dk\/#\/schema\/logo\/image\/"}}]}},"_links":{"self":[{"href":"https:\/\/last-chance.dk\/index.php?rest_route=\/wp\/v2\/product\/9868","targetHints":{"allow":["GET"]}}],"collection":[{"href":"https:\/\/last-chance.dk\/index.php?rest_route=\/wp\/v2\/product"}],"about":[{"href":"https:\/\/last-chance.dk\/index.php?rest_route=\/wp\/v2\/types\/product"}],"replies":[{"embeddable":true,"href":"https:\/\/last-chance.dk\/index.php?rest_route=%2Fwp%2Fv2%2Fcomments&post=9868"}],"wp:featuredmedia":[{"embeddable":true,"href":"https:\/\/last-chance.dk\/index.php?rest_route=\/wp\/v2\/media\/9863"}],"wp:attachment":[{"href":"https:\/\/last-chance.dk\/index.php?rest_route=%2Fwp%2Fv2%2Fmedia&parent=9868"}],"wp:term":[{"taxonomy":"product_brand","embeddable":true,"href":"https:\/\/last-chance.dk\/index.php?rest_route=%2Fwp%2Fv2%2Fproduct_brand&post=9868"},{"taxonomy":"product_cat","embeddable":true,"href":"https:\/\/last-chance.dk\/index.php?rest_route=%2Fwp%2Fv2%2Fproduct_cat&post=9868"},{"taxonomy":"product_tag","embeddable":true,"href":"https:\/\/last-chance.dk\/index.php?rest_route=%2Fwp%2Fv2%2Fproduct_tag&post=9868"}],"curies":[{"name":"wp","href":"https:\/\/api.w.org\/{rel}","templated":true}]}}