{"id":9945,"date":"2023-12-17T00:19:08","date_gmt":"2023-12-17T00:19:08","guid":{"rendered":"https:\/\/www.lastchance.deals\/dk\/produkt\/savannah-kunstig-blomst-groen-160cm\/"},"modified":"2025-09-19T18:19:40","modified_gmt":"2025-09-19T18:19:40","slug":"savannah-kunstig-blomst-groen-160cm","status":"publish","type":"product","link":"https:\/\/last-chance.dk\/?product=savannah-kunstig-blomst-groen-160cm","title":{"rendered":"Savannah kunstig blomst gr\u00f8n 160cm"},"content":{"rendered":"<p>Tag modtagelsen af den luksuri\u00f8se Savannah Kunstige Blomst fra ForrestDecor. Dens 160 cm h\u00f8je gr\u00f8nne blomster og blade vil ikke kun fylde dine omgivelser med et touch af natur, men vil ogs\u00e5 give en f\u00f8lelse af komfort med en varm og hjemlig stemning. Den kunstige blomst er lavet af kvalitetsplast, som g\u00f8r det st\u00e6rkt, robust og modstandsdygtigt over for ekstreme vejrforhold. Den kunstige blomst er perfekt til at give dine omgivelser liv, uanset om det er udend\u00f8rs eller indend\u00f8rs. Det er ogs\u00e5 let at reng\u00f8re og vedligeholde. F\u00e5 dine h\u00e6nder p\u00e5 denne Savannah Kunstige Blomst fra ForrestDecor og nyd et smukt og naturligt milj\u00f8 hvor som helst, du vil!<\/p>\n<p><\/p>\n<p>Leveringstid: Leveringstid 1 uge<br \/>\nUdvendige dimensioner: 160cm<br \/>\nFarve: gr\u00f8n<br \/>\nFabrikant: ForrestDecor<br \/>\nMateriale: plast<\/p>\n","protected":false},"excerpt":{"rendered":"<p>Tag modtagelsen af den luksuri\u00f8se Savannah Kunstige Blomst fra ForrestDecor. Dens 160 cm h\u00f8je gr\u00f8nne blomster og blade vil ikke kun fylde dine omgivelser med et touch af natur, men vil ogs\u00e5 give en f\u00f8lelse af komfort med en varm og hjemlig stemning. Den kunstige blomst er lavet af kvalitetsplast, som g\u00f8r det st\u00e6rkt, robust [&hellip;]<\/p>\n","protected":false},"featured_media":9944,"comment_status":"open","ping_status":"closed","template":"","meta":[],"product_brand":[],"product_cat":[190],"product_tag":[],"class_list":{"0":"post-9945","1":"product","2":"type-product","3":"status-publish","4":"has-post-thumbnail","6":"product_cat-artificial-trees-and-flowers","8":"first","9":"instock","10":"shipping-taxable","11":"purchasable","12":"product-type-simple"},"yoast_head":"<!-- This site is optimized with the Yoast SEO plugin v24.8.1 - https:\/\/yoast.com\/wordpress\/plugins\/seo\/ -->\n<title>Savannah kunstig blomst gr\u00f8n 160cm - LASTCHANCE Deals | Danmark<\/title>\n<meta name=\"robots\" content=\"index, follow, max-snippet:-1, max-image-preview:large, max-video-preview:-1\" \/>\n<link rel=\"canonical\" href=\"https:\/\/last-chance.dk\/?product=savannah-kunstig-blomst-groen-160cm\" \/>\n<meta property=\"og:locale\" content=\"da_DK\" \/>\n<meta property=\"og:type\" content=\"article\" \/>\n<meta property=\"og:title\" content=\"Savannah kunstig blomst gr\u00f8n 160cm - LASTCHANCE Deals | Danmark\" \/>\n<meta property=\"og:description\" content=\"Tag modtagelsen af den luksuri\u00f8se Savannah Kunstige Blomst fra ForrestDecor. Dens 160 cm h\u00f8je gr\u00f8nne blomster og blade vil ikke kun fylde dine omgivelser med et touch af natur, men vil ogs\u00e5 give en f\u00f8lelse af komfort med en varm og hjemlig stemning. Den kunstige blomst er lavet af kvalitetsplast, som g\u00f8r det st\u00e6rkt, robust [&hellip;]\" \/>\n<meta property=\"og:url\" content=\"https:\/\/last-chance.dk\/?product=savannah-kunstig-blomst-groen-160cm\" \/>\n<meta property=\"og:site_name\" content=\"LASTCHANCE Deals | Danmark\" \/>\n<meta property=\"article:modified_time\" content=\"2025-09-19T18:19:40+00:00\" \/>\n<meta property=\"og:image\" content=\"https:\/\/last-chance.dk\/wp-content\/uploads\/2023\/12\/savannah.jpg\" \/>\n\t<meta property=\"og:image:width\" content=\"800\" \/>\n\t<meta property=\"og:image:height\" content=\"800\" \/>\n\t<meta property=\"og:image:type\" content=\"image\/jpeg\" \/>\n<meta name=\"twitter:card\" content=\"summary_large_image\" \/>\n<meta name=\"twitter:label1\" content=\"Estimeret l\u00e6setid\" \/>\n\t<meta name=\"twitter:data1\" content=\"1 minut\" \/>\n<script type=\"application\/ld+json\" class=\"yoast-schema-graph\">{\"@context\":\"https:\/\/schema.org\",\"@graph\":[{\"@type\":\"WebPage\",\"@id\":\"https:\/\/last-chance.dk\/?product=savannah-kunstig-blomst-groen-160cm\",\"url\":\"https:\/\/last-chance.dk\/?product=savannah-kunstig-blomst-groen-160cm\",\"name\":\"Savannah kunstig blomst gr\u00f8n 160cm - LASTCHANCE Deals | Danmark\",\"isPartOf\":{\"@id\":\"https:\/\/last-chance.dk\/#website\"},\"primaryImageOfPage\":{\"@id\":\"https:\/\/last-chance.dk\/?product=savannah-kunstig-blomst-groen-160cm#primaryimage\"},\"image\":{\"@id\":\"https:\/\/last-chance.dk\/?product=savannah-kunstig-blomst-groen-160cm#primaryimage\"},\"thumbnailUrl\":\"https:\/\/last-chance.dk\/wp-content\/uploads\/2023\/12\/savannah.jpg\",\"datePublished\":\"2023-12-17T00:19:08+00:00\",\"dateModified\":\"2025-09-19T18:19:40+00:00\",\"breadcrumb\":{\"@id\":\"https:\/\/last-chance.dk\/?product=savannah-kunstig-blomst-groen-160cm#breadcrumb\"},\"inLanguage\":\"da-DK\",\"potentialAction\":[{\"@type\":\"ReadAction\",\"target\":[\"https:\/\/last-chance.dk\/?product=savannah-kunstig-blomst-groen-160cm\"]}]},{\"@type\":\"ImageObject\",\"inLanguage\":\"da-DK\",\"@id\":\"https:\/\/last-chance.dk\/?product=savannah-kunstig-blomst-groen-160cm#primaryimage\",\"url\":\"https:\/\/last-chance.dk\/wp-content\/uploads\/2023\/12\/savannah.jpg\",\"contentUrl\":\"https:\/\/last-chance.dk\/wp-content\/uploads\/2023\/12\/savannah.jpg\",\"width\":800,\"height\":800},{\"@type\":\"BreadcrumbList\",\"@id\":\"https:\/\/last-chance.dk\/?product=savannah-kunstig-blomst-groen-160cm#breadcrumb\",\"itemListElement\":[{\"@type\":\"ListItem\",\"position\":1,\"name\":\"Home\",\"item\":\"https:\/\/last-chance.dk\/\"},{\"@type\":\"ListItem\",\"position\":2,\"name\":\"Savannah kunstig blomst gr\u00f8n 160cm\"}]},{\"@type\":\"WebSite\",\"@id\":\"https:\/\/last-chance.dk\/#website\",\"url\":\"https:\/\/last-chance.dk\/\",\"name\":\"LASTCHANCE Deals | Danmark\",\"description\":\"LASTCHANCE Deals | Danmark\",\"publisher\":{\"@id\":\"https:\/\/last-chance.dk\/#organization\"},\"potentialAction\":[{\"@type\":\"SearchAction\",\"target\":{\"@type\":\"EntryPoint\",\"urlTemplate\":\"https:\/\/last-chance.dk\/?s={search_term_string}\"},\"query-input\":{\"@type\":\"PropertyValueSpecification\",\"valueRequired\":true,\"valueName\":\"search_term_string\"}}],\"inLanguage\":\"da-DK\"},{\"@type\":\"Organization\",\"@id\":\"https:\/\/last-chance.dk\/#organization\",\"name\":\"LASTCHANCE Deals | Danmark\",\"url\":\"https:\/\/last-chance.dk\/\",\"logo\":{\"@type\":\"ImageObject\",\"inLanguage\":\"da-DK\",\"@id\":\"https:\/\/last-chance.dk\/#\/schema\/logo\/image\/\",\"url\":\"https:\/\/last-chance.dk\/wp-content\/uploads\/2023\/10\/lastchancedeals_logo_dk_white.png\",\"contentUrl\":\"https:\/\/last-chance.dk\/wp-content\/uploads\/2023\/10\/lastchancedeals_logo_dk_white.png\",\"width\":470,\"height\":110,\"caption\":\"LASTCHANCE Deals | Danmark\"},\"image\":{\"@id\":\"https:\/\/last-chance.dk\/#\/schema\/logo\/image\/\"}}]}<\/script>\n<!-- \/ Yoast SEO plugin. -->","yoast_head_json":{"title":"Savannah kunstig blomst gr\u00f8n 160cm - LASTCHANCE Deals | Danmark","robots":{"index":"index","follow":"follow","max-snippet":"max-snippet:-1","max-image-preview":"max-image-preview:large","max-video-preview":"max-video-preview:-1"},"canonical":"https:\/\/last-chance.dk\/?product=savannah-kunstig-blomst-groen-160cm","og_locale":"da_DK","og_type":"article","og_title":"Savannah kunstig blomst gr\u00f8n 160cm - LASTCHANCE Deals | Danmark","og_description":"Tag modtagelsen af den luksuri\u00f8se Savannah Kunstige Blomst fra ForrestDecor. Dens 160 cm h\u00f8je gr\u00f8nne blomster og blade vil ikke kun fylde dine omgivelser med et touch af natur, men vil ogs\u00e5 give en f\u00f8lelse af komfort med en varm og hjemlig stemning. Den kunstige blomst er lavet af kvalitetsplast, som g\u00f8r det st\u00e6rkt, robust [&hellip;]","og_url":"https:\/\/last-chance.dk\/?product=savannah-kunstig-blomst-groen-160cm","og_site_name":"LASTCHANCE Deals | Danmark","article_modified_time":"2025-09-19T18:19:40+00:00","og_image":[{"width":800,"height":800,"url":"https:\/\/last-chance.dk\/wp-content\/uploads\/2023\/12\/savannah.jpg","type":"image\/jpeg"}],"twitter_card":"summary_large_image","twitter_misc":{"Estimeret l\u00e6setid":"1 minut"},"schema":{"@context":"https:\/\/schema.org","@graph":[{"@type":"WebPage","@id":"https:\/\/last-chance.dk\/?product=savannah-kunstig-blomst-groen-160cm","url":"https:\/\/last-chance.dk\/?product=savannah-kunstig-blomst-groen-160cm","name":"Savannah kunstig blomst gr\u00f8n 160cm - LASTCHANCE Deals | Danmark","isPartOf":{"@id":"https:\/\/last-chance.dk\/#website"},"primaryImageOfPage":{"@id":"https:\/\/last-chance.dk\/?product=savannah-kunstig-blomst-groen-160cm#primaryimage"},"image":{"@id":"https:\/\/last-chance.dk\/?product=savannah-kunstig-blomst-groen-160cm#primaryimage"},"thumbnailUrl":"https:\/\/last-chance.dk\/wp-content\/uploads\/2023\/12\/savannah.jpg","datePublished":"2023-12-17T00:19:08+00:00","dateModified":"2025-09-19T18:19:40+00:00","breadcrumb":{"@id":"https:\/\/last-chance.dk\/?product=savannah-kunstig-blomst-groen-160cm#breadcrumb"},"inLanguage":"da-DK","potentialAction":[{"@type":"ReadAction","target":["https:\/\/last-chance.dk\/?product=savannah-kunstig-blomst-groen-160cm"]}]},{"@type":"ImageObject","inLanguage":"da-DK","@id":"https:\/\/last-chance.dk\/?product=savannah-kunstig-blomst-groen-160cm#primaryimage","url":"https:\/\/last-chance.dk\/wp-content\/uploads\/2023\/12\/savannah.jpg","contentUrl":"https:\/\/last-chance.dk\/wp-content\/uploads\/2023\/12\/savannah.jpg","width":800,"height":800},{"@type":"BreadcrumbList","@id":"https:\/\/last-chance.dk\/?product=savannah-kunstig-blomst-groen-160cm#breadcrumb","itemListElement":[{"@type":"ListItem","position":1,"name":"Home","item":"https:\/\/last-chance.dk\/"},{"@type":"ListItem","position":2,"name":"Savannah kunstig blomst gr\u00f8n 160cm"}]},{"@type":"WebSite","@id":"https:\/\/last-chance.dk\/#website","url":"https:\/\/last-chance.dk\/","name":"LASTCHANCE Deals | Danmark","description":"LASTCHANCE Deals | Danmark","publisher":{"@id":"https:\/\/last-chance.dk\/#organization"},"potentialAction":[{"@type":"SearchAction","target":{"@type":"EntryPoint","urlTemplate":"https:\/\/last-chance.dk\/?s={search_term_string}"},"query-input":{"@type":"PropertyValueSpecification","valueRequired":true,"valueName":"search_term_string"}}],"inLanguage":"da-DK"},{"@type":"Organization","@id":"https:\/\/last-chance.dk\/#organization","name":"LASTCHANCE Deals | Danmark","url":"https:\/\/last-chance.dk\/","logo":{"@type":"ImageObject","inLanguage":"da-DK","@id":"https:\/\/last-chance.dk\/#\/schema\/logo\/image\/","url":"https:\/\/last-chance.dk\/wp-content\/uploads\/2023\/10\/lastchancedeals_logo_dk_white.png","contentUrl":"https:\/\/last-chance.dk\/wp-content\/uploads\/2023\/10\/lastchancedeals_logo_dk_white.png","width":470,"height":110,"caption":"LASTCHANCE Deals | Danmark"},"image":{"@id":"https:\/\/last-chance.dk\/#\/schema\/logo\/image\/"}}]}},"_links":{"self":[{"href":"https:\/\/last-chance.dk\/index.php?rest_route=\/wp\/v2\/product\/9945","targetHints":{"allow":["GET"]}}],"collection":[{"href":"https:\/\/last-chance.dk\/index.php?rest_route=\/wp\/v2\/product"}],"about":[{"href":"https:\/\/last-chance.dk\/index.php?rest_route=\/wp\/v2\/types\/product"}],"replies":[{"embeddable":true,"href":"https:\/\/last-chance.dk\/index.php?rest_route=%2Fwp%2Fv2%2Fcomments&post=9945"}],"wp:featuredmedia":[{"embeddable":true,"href":"https:\/\/last-chance.dk\/index.php?rest_route=\/wp\/v2\/media\/9944"}],"wp:attachment":[{"href":"https:\/\/last-chance.dk\/index.php?rest_route=%2Fwp%2Fv2%2Fmedia&parent=9945"}],"wp:term":[{"taxonomy":"product_brand","embeddable":true,"href":"https:\/\/last-chance.dk\/index.php?rest_route=%2Fwp%2Fv2%2Fproduct_brand&post=9945"},{"taxonomy":"product_cat","embeddable":true,"href":"https:\/\/last-chance.dk\/index.php?rest_route=%2Fwp%2Fv2%2Fproduct_cat&post=9945"},{"taxonomy":"product_tag","embeddable":true,"href":"https:\/\/last-chance.dk\/index.php?rest_route=%2Fwp%2Fv2%2Fproduct_tag&post=9945"}],"curies":[{"name":"wp","href":"https:\/\/api.w.org\/{rel}","templated":true}]}}