{"id":9948,"date":"2023-12-17T00:19:29","date_gmt":"2023-12-17T00:19:29","guid":{"rendered":"https:\/\/www.lastchance.deals\/dk\/produkt\/dianella-kunstig-blomst-lilla-100cm\/"},"modified":"2025-09-19T17:39:07","modified_gmt":"2025-09-19T17:39:07","slug":"dianella-kunstig-blomst-lilla-100cm","status":"publish","type":"product","link":"https:\/\/last-chance.dk\/?product=dianella-kunstig-blomst-lilla-100cm","title":{"rendered":"Dianella kunstig blomst lilla 100cm"},"content":{"rendered":"<p>Giv din indretning et luksuri\u00f8st look med denne Dianella kunstige blomst fra ForrestDecor. Med et realistisk udseende og et lilla farvetema, vil den give et indtryk af sk\u00f8nhed og elegance. Den har et realistisk look, s\u00e5 du kan nyde det indend\u00f8rs og udend\u00f8rs. <\/p>\n<p>Denne 100 cm h\u00f8je kunstige blomst er lavet af plast for at give et holdbart udseende. Den kommer i en lilla farve og har en raffineret finish. Den er let at reng\u00f8re for at holde den skinnende og gl\u00e6dende. <\/p>\n<p>Denne kunstige blomst vil give din indretning et elegant og luksuri\u00f8st look. Det vil ikke kun se smukt ud, men ogs\u00e5 fungere som en dekorationselement. Det vil fuldf\u00f8re looket i dit milj\u00f8 og give det en smuk afslutning. <\/p>\n<p><\/p>\n<p>Leveringstid: Leveringstid 1 uge<br \/>\nUdvendige dimensioner: 100cm<br \/>\nFarve: lilla<br \/>\nFabrikant: ForrestDecor<br \/>\nMateriale: plast<\/p>\n","protected":false},"excerpt":{"rendered":"<p>Giv din indretning et luksuri\u00f8st look med denne Dianella kunstige blomst fra ForrestDecor. Med et realistisk udseende og et lilla farvetema, vil den give et indtryk af sk\u00f8nhed og elegance. Den har et realistisk look, s\u00e5 du kan nyde det indend\u00f8rs og udend\u00f8rs. Denne 100 cm h\u00f8je kunstige blomst er lavet af plast for at [&hellip;]<\/p>\n","protected":false},"featured_media":9946,"comment_status":"open","ping_status":"closed","template":"","meta":[],"product_brand":[],"product_cat":[190],"product_tag":[],"class_list":{"0":"post-9948","1":"product","2":"type-product","3":"status-publish","4":"has-post-thumbnail","6":"product_cat-artificial-trees-and-flowers","8":"first","9":"instock","10":"shipping-taxable","11":"purchasable","12":"product-type-simple"},"yoast_head":"<!-- This site is optimized with the Yoast SEO plugin v24.8.1 - https:\/\/yoast.com\/wordpress\/plugins\/seo\/ -->\n<title>Dianella kunstig blomst lilla 100cm - LASTCHANCE Deals | Danmark<\/title>\n<meta name=\"robots\" content=\"index, follow, max-snippet:-1, max-image-preview:large, max-video-preview:-1\" \/>\n<link rel=\"canonical\" href=\"https:\/\/last-chance.dk\/?product=dianella-kunstig-blomst-lilla-100cm\" \/>\n<meta property=\"og:locale\" content=\"da_DK\" \/>\n<meta property=\"og:type\" content=\"article\" \/>\n<meta property=\"og:title\" content=\"Dianella kunstig blomst lilla 100cm - LASTCHANCE Deals | Danmark\" \/>\n<meta property=\"og:description\" content=\"Giv din indretning et luksuri\u00f8st look med denne Dianella kunstige blomst fra ForrestDecor. Med et realistisk udseende og et lilla farvetema, vil den give et indtryk af sk\u00f8nhed og elegance. Den har et realistisk look, s\u00e5 du kan nyde det indend\u00f8rs og udend\u00f8rs. Denne 100 cm h\u00f8je kunstige blomst er lavet af plast for at [&hellip;]\" \/>\n<meta property=\"og:url\" content=\"https:\/\/last-chance.dk\/?product=dianella-kunstig-blomst-lilla-100cm\" \/>\n<meta property=\"og:site_name\" content=\"LASTCHANCE Deals | Danmark\" \/>\n<meta property=\"article:modified_time\" content=\"2025-09-19T17:39:07+00:00\" \/>\n<meta property=\"og:image\" content=\"https:\/\/last-chance.dk\/wp-content\/uploads\/2023\/12\/dianella1.jpg\" \/>\n\t<meta property=\"og:image:width\" content=\"400\" \/>\n\t<meta property=\"og:image:height\" content=\"400\" \/>\n\t<meta property=\"og:image:type\" content=\"image\/jpeg\" \/>\n<meta name=\"twitter:card\" content=\"summary_large_image\" \/>\n<meta name=\"twitter:label1\" content=\"Estimeret l\u00e6setid\" \/>\n\t<meta name=\"twitter:data1\" content=\"1 minut\" \/>\n<script type=\"application\/ld+json\" class=\"yoast-schema-graph\">{\"@context\":\"https:\/\/schema.org\",\"@graph\":[{\"@type\":\"WebPage\",\"@id\":\"https:\/\/last-chance.dk\/?product=dianella-kunstig-blomst-lilla-100cm\",\"url\":\"https:\/\/last-chance.dk\/?product=dianella-kunstig-blomst-lilla-100cm\",\"name\":\"Dianella kunstig blomst lilla 100cm - LASTCHANCE Deals | Danmark\",\"isPartOf\":{\"@id\":\"https:\/\/last-chance.dk\/#website\"},\"primaryImageOfPage\":{\"@id\":\"https:\/\/last-chance.dk\/?product=dianella-kunstig-blomst-lilla-100cm#primaryimage\"},\"image\":{\"@id\":\"https:\/\/last-chance.dk\/?product=dianella-kunstig-blomst-lilla-100cm#primaryimage\"},\"thumbnailUrl\":\"https:\/\/last-chance.dk\/wp-content\/uploads\/2023\/12\/dianella1.jpg\",\"datePublished\":\"2023-12-17T00:19:29+00:00\",\"dateModified\":\"2025-09-19T17:39:07+00:00\",\"breadcrumb\":{\"@id\":\"https:\/\/last-chance.dk\/?product=dianella-kunstig-blomst-lilla-100cm#breadcrumb\"},\"inLanguage\":\"da-DK\",\"potentialAction\":[{\"@type\":\"ReadAction\",\"target\":[\"https:\/\/last-chance.dk\/?product=dianella-kunstig-blomst-lilla-100cm\"]}]},{\"@type\":\"ImageObject\",\"inLanguage\":\"da-DK\",\"@id\":\"https:\/\/last-chance.dk\/?product=dianella-kunstig-blomst-lilla-100cm#primaryimage\",\"url\":\"https:\/\/last-chance.dk\/wp-content\/uploads\/2023\/12\/dianella1.jpg\",\"contentUrl\":\"https:\/\/last-chance.dk\/wp-content\/uploads\/2023\/12\/dianella1.jpg\",\"width\":400,\"height\":400},{\"@type\":\"BreadcrumbList\",\"@id\":\"https:\/\/last-chance.dk\/?product=dianella-kunstig-blomst-lilla-100cm#breadcrumb\",\"itemListElement\":[{\"@type\":\"ListItem\",\"position\":1,\"name\":\"Home\",\"item\":\"https:\/\/last-chance.dk\/\"},{\"@type\":\"ListItem\",\"position\":2,\"name\":\"Dianella kunstig blomst lilla 100cm\"}]},{\"@type\":\"WebSite\",\"@id\":\"https:\/\/last-chance.dk\/#website\",\"url\":\"https:\/\/last-chance.dk\/\",\"name\":\"LASTCHANCE Deals | Danmark\",\"description\":\"LASTCHANCE Deals | Danmark\",\"publisher\":{\"@id\":\"https:\/\/last-chance.dk\/#organization\"},\"potentialAction\":[{\"@type\":\"SearchAction\",\"target\":{\"@type\":\"EntryPoint\",\"urlTemplate\":\"https:\/\/last-chance.dk\/?s={search_term_string}\"},\"query-input\":{\"@type\":\"PropertyValueSpecification\",\"valueRequired\":true,\"valueName\":\"search_term_string\"}}],\"inLanguage\":\"da-DK\"},{\"@type\":\"Organization\",\"@id\":\"https:\/\/last-chance.dk\/#organization\",\"name\":\"LASTCHANCE Deals | Danmark\",\"url\":\"https:\/\/last-chance.dk\/\",\"logo\":{\"@type\":\"ImageObject\",\"inLanguage\":\"da-DK\",\"@id\":\"https:\/\/last-chance.dk\/#\/schema\/logo\/image\/\",\"url\":\"https:\/\/last-chance.dk\/wp-content\/uploads\/2023\/10\/lastchancedeals_logo_dk_white.png\",\"contentUrl\":\"https:\/\/last-chance.dk\/wp-content\/uploads\/2023\/10\/lastchancedeals_logo_dk_white.png\",\"width\":470,\"height\":110,\"caption\":\"LASTCHANCE Deals | Danmark\"},\"image\":{\"@id\":\"https:\/\/last-chance.dk\/#\/schema\/logo\/image\/\"}}]}<\/script>\n<!-- \/ Yoast SEO plugin. -->","yoast_head_json":{"title":"Dianella kunstig blomst lilla 100cm - LASTCHANCE Deals | Danmark","robots":{"index":"index","follow":"follow","max-snippet":"max-snippet:-1","max-image-preview":"max-image-preview:large","max-video-preview":"max-video-preview:-1"},"canonical":"https:\/\/last-chance.dk\/?product=dianella-kunstig-blomst-lilla-100cm","og_locale":"da_DK","og_type":"article","og_title":"Dianella kunstig blomst lilla 100cm - LASTCHANCE Deals | Danmark","og_description":"Giv din indretning et luksuri\u00f8st look med denne Dianella kunstige blomst fra ForrestDecor. Med et realistisk udseende og et lilla farvetema, vil den give et indtryk af sk\u00f8nhed og elegance. Den har et realistisk look, s\u00e5 du kan nyde det indend\u00f8rs og udend\u00f8rs. Denne 100 cm h\u00f8je kunstige blomst er lavet af plast for at [&hellip;]","og_url":"https:\/\/last-chance.dk\/?product=dianella-kunstig-blomst-lilla-100cm","og_site_name":"LASTCHANCE Deals | Danmark","article_modified_time":"2025-09-19T17:39:07+00:00","og_image":[{"width":400,"height":400,"url":"https:\/\/last-chance.dk\/wp-content\/uploads\/2023\/12\/dianella1.jpg","type":"image\/jpeg"}],"twitter_card":"summary_large_image","twitter_misc":{"Estimeret l\u00e6setid":"1 minut"},"schema":{"@context":"https:\/\/schema.org","@graph":[{"@type":"WebPage","@id":"https:\/\/last-chance.dk\/?product=dianella-kunstig-blomst-lilla-100cm","url":"https:\/\/last-chance.dk\/?product=dianella-kunstig-blomst-lilla-100cm","name":"Dianella kunstig blomst lilla 100cm - LASTCHANCE Deals | Danmark","isPartOf":{"@id":"https:\/\/last-chance.dk\/#website"},"primaryImageOfPage":{"@id":"https:\/\/last-chance.dk\/?product=dianella-kunstig-blomst-lilla-100cm#primaryimage"},"image":{"@id":"https:\/\/last-chance.dk\/?product=dianella-kunstig-blomst-lilla-100cm#primaryimage"},"thumbnailUrl":"https:\/\/last-chance.dk\/wp-content\/uploads\/2023\/12\/dianella1.jpg","datePublished":"2023-12-17T00:19:29+00:00","dateModified":"2025-09-19T17:39:07+00:00","breadcrumb":{"@id":"https:\/\/last-chance.dk\/?product=dianella-kunstig-blomst-lilla-100cm#breadcrumb"},"inLanguage":"da-DK","potentialAction":[{"@type":"ReadAction","target":["https:\/\/last-chance.dk\/?product=dianella-kunstig-blomst-lilla-100cm"]}]},{"@type":"ImageObject","inLanguage":"da-DK","@id":"https:\/\/last-chance.dk\/?product=dianella-kunstig-blomst-lilla-100cm#primaryimage","url":"https:\/\/last-chance.dk\/wp-content\/uploads\/2023\/12\/dianella1.jpg","contentUrl":"https:\/\/last-chance.dk\/wp-content\/uploads\/2023\/12\/dianella1.jpg","width":400,"height":400},{"@type":"BreadcrumbList","@id":"https:\/\/last-chance.dk\/?product=dianella-kunstig-blomst-lilla-100cm#breadcrumb","itemListElement":[{"@type":"ListItem","position":1,"name":"Home","item":"https:\/\/last-chance.dk\/"},{"@type":"ListItem","position":2,"name":"Dianella kunstig blomst lilla 100cm"}]},{"@type":"WebSite","@id":"https:\/\/last-chance.dk\/#website","url":"https:\/\/last-chance.dk\/","name":"LASTCHANCE Deals | Danmark","description":"LASTCHANCE Deals | Danmark","publisher":{"@id":"https:\/\/last-chance.dk\/#organization"},"potentialAction":[{"@type":"SearchAction","target":{"@type":"EntryPoint","urlTemplate":"https:\/\/last-chance.dk\/?s={search_term_string}"},"query-input":{"@type":"PropertyValueSpecification","valueRequired":true,"valueName":"search_term_string"}}],"inLanguage":"da-DK"},{"@type":"Organization","@id":"https:\/\/last-chance.dk\/#organization","name":"LASTCHANCE Deals | Danmark","url":"https:\/\/last-chance.dk\/","logo":{"@type":"ImageObject","inLanguage":"da-DK","@id":"https:\/\/last-chance.dk\/#\/schema\/logo\/image\/","url":"https:\/\/last-chance.dk\/wp-content\/uploads\/2023\/10\/lastchancedeals_logo_dk_white.png","contentUrl":"https:\/\/last-chance.dk\/wp-content\/uploads\/2023\/10\/lastchancedeals_logo_dk_white.png","width":470,"height":110,"caption":"LASTCHANCE Deals | Danmark"},"image":{"@id":"https:\/\/last-chance.dk\/#\/schema\/logo\/image\/"}}]}},"_links":{"self":[{"href":"https:\/\/last-chance.dk\/index.php?rest_route=\/wp\/v2\/product\/9948","targetHints":{"allow":["GET"]}}],"collection":[{"href":"https:\/\/last-chance.dk\/index.php?rest_route=\/wp\/v2\/product"}],"about":[{"href":"https:\/\/last-chance.dk\/index.php?rest_route=\/wp\/v2\/types\/product"}],"replies":[{"embeddable":true,"href":"https:\/\/last-chance.dk\/index.php?rest_route=%2Fwp%2Fv2%2Fcomments&post=9948"}],"wp:featuredmedia":[{"embeddable":true,"href":"https:\/\/last-chance.dk\/index.php?rest_route=\/wp\/v2\/media\/9946"}],"wp:attachment":[{"href":"https:\/\/last-chance.dk\/index.php?rest_route=%2Fwp%2Fv2%2Fmedia&parent=9948"}],"wp:term":[{"taxonomy":"product_brand","embeddable":true,"href":"https:\/\/last-chance.dk\/index.php?rest_route=%2Fwp%2Fv2%2Fproduct_brand&post=9948"},{"taxonomy":"product_cat","embeddable":true,"href":"https:\/\/last-chance.dk\/index.php?rest_route=%2Fwp%2Fv2%2Fproduct_cat&post=9948"},{"taxonomy":"product_tag","embeddable":true,"href":"https:\/\/last-chance.dk\/index.php?rest_route=%2Fwp%2Fv2%2Fproduct_tag&post=9948"}],"curies":[{"name":"wp","href":"https:\/\/api.w.org\/{rel}","templated":true}]}}